{"id":33457,"date":"2025-05-07T15:07:53","date_gmt":"2025-05-07T13:07:54","guid":{"rendered":"https:\/\/maino.it\/?post_type=product&#038;p=33457"},"modified":"2025-10-22T14:59:53","modified_gmt":"2025-10-22T12:59:53","slug":"panneau-grille","status":"publish","type":"product","link":"https:\/\/maino.it\/fr\/prodotto\/panneau-grille\/","title":{"rendered":"PANNEAU GRILL\u00c9"},"content":{"rendered":"<p>Version standard:<\/p>\n<ul>\n<li>panneau plat en treillis rigide<\/li>\n<li>d\u00e9veloppement orizontal, avec nervures de renfort horizontales<\/li>\n<li>tous les treillis sont de m\u00eame taille<\/li>\n<li>maille plus grande verticalement<\/li>\n<li>sans picots ni en haut ni en bas<\/li>\n<li>Hauteur 1000 mm<\/li>\n<li>Largeur 2000 mm<\/li>\n<li>fabriqu\u00e9 en fer brut<\/li>\n<li>laqu\u00e9 par poudrage gris fonc\u00e9 RAL\u00a07016.<\/li>\n<\/ul>\n<p>En opzion:<\/p>\n<ul>\n<li>d\u00e9veloppement verticale<\/li>\n<li>diff\u00e9rents types d\u2019alliages m\u00e9talliques:\n<ul>\n<li>fer galvanis\u00e9 \u00e0 froid (traitement \u00e9lectrogalvanique)<\/li>\n<li>fer galvanis\u00e9 \u00e0 chaud (immersion dans du zinc fondu)<\/li>\n<li>acier inoxydable AISI 304 B2<\/li>\n<li>acier inoxydable AISI 316<\/li>\n<\/ul>\n<\/li>\n<li>hauteur minimale de chaque panneau 300 mm et maximale de 1200 mm\u00f9<\/li>\n<li>longueur minimale de chaque panneau 500 mm et maximale de 2500 mm<\/li>\n<li>d\u00e9coupe et contournage pour produits \u00e9lectricit\u00e9 et gaz<\/li>\n<li>courbes pour s\u2019adapter aux structures existantes<\/li>\n<li>couleur selon la liste RAL<\/li>\n<li>installation et essais structurels<\/li>\n<li>points en haut, en bas ou les deux<\/li>\n<li>mailles de diff\u00e9rentes tailles.<\/li>\n<\/ul>\n<p>Tous nos articles sont con\u00e7us, fabriqu\u00e9s et marqu\u00e9s CE<\/p>\n","protected":false},"excerpt":{"rendered":"<p>L&rsquo;image montre une cl\u00f4ture compos\u00e9e de panneaux de treillis rigides adjacents, install\u00e9s directement dans les poteaux \u00e0 profil sp\u00e9cial avec fixation \u00e0 ba\u00efonnette, sans utiliser de syst\u00e8mes de fixation \u00e0 vis (\u00e9l\u00e9ment anti-d\u00e9vissage cach\u00e9 dans la structure du poteau).<\/p>\n","protected":false},"featured_media":33464,"comment_status":"closed","ping_status":"closed","template":"","meta":{"_acf_changed":false},"product_brand":[],"product_cat":[337],"product_tag":[],"class_list":{"0":"post-33457","1":"product","2":"type-product","3":"status-publish","4":"has-post-thumbnail","6":"product_cat-filets","8":"first","9":"instock","10":"taxable","11":"shipping-taxable","12":"product-type-simple"},"acf":[],"_links":{"self":[{"href":"https:\/\/maino.it\/fr\/wp-json\/wp\/v2\/product\/33457","targetHints":{"allow":["GET"]}}],"collection":[{"href":"https:\/\/maino.it\/fr\/wp-json\/wp\/v2\/product"}],"about":[{"href":"https:\/\/maino.it\/fr\/wp-json\/wp\/v2\/types\/product"}],"replies":[{"embeddable":true,"href":"https:\/\/maino.it\/fr\/wp-json\/wp\/v2\/comments?post=33457"}],"wp:featuredmedia":[{"embeddable":true,"href":"https:\/\/maino.it\/fr\/wp-json\/wp\/v2\/media\/33464"}],"wp:attachment":[{"href":"https:\/\/maino.it\/fr\/wp-json\/wp\/v2\/media?parent=33457"}],"wp:term":[{"taxonomy":"product_brand","embeddable":true,"href":"https:\/\/maino.it\/fr\/wp-json\/wp\/v2\/product_brand?post=33457"},{"taxonomy":"product_cat","embeddable":true,"href":"https:\/\/maino.it\/fr\/wp-json\/wp\/v2\/product_cat?post=33457"},{"taxonomy":"product_tag","embeddable":true,"href":"https:\/\/maino.it\/fr\/wp-json\/wp\/v2\/product_tag?post=33457"}],"curies":[{"name":"wp","href":"https:\/\/api.w.org\/{rel}","templated":true}]}}