{"id":33389,"date":"2025-02-25T18:01:06","date_gmt":"2025-02-25T17:01:10","guid":{"rendered":"https:\/\/maino.it\/?post_type=product&#038;p=33389"},"modified":"2025-07-23T16:52:22","modified_gmt":"2025-07-23T14:52:22","slug":"shelly-1-v3","status":"publish","type":"product","link":"https:\/\/maino.it\/fr\/prodotto\/shelly-1-v3\/","title":{"rendered":"SHELLY 1 V3"},"content":{"rendered":"<p id=\"title\" class=\"a-size-large a-spacing-none\">Shelly 1 V3 petit interrupteur intelligent permettant de contr\u00f4ler \u00e0 distance les appareils \u00e9lectrom\u00e9nagers depuis un t\u00e9l\u00e9phone portable, une tablette, un PC, un assistant personnel ou tout autre syst\u00e8me domotique. Il fonctionne de mani\u00e8re autonome via un r\u00e9seau Wi-Fi local ou le cloud. L&rsquo;appareil est accessible, contr\u00f4lable et supervis\u00e9 \u00e0 distance depuis n&rsquo;importe quel endroit disposant d&rsquo;une connexion internet, \u00e0 condition d&rsquo;\u00eatre connect\u00e9 \u00e0 un routeur Wi-Fi et \u00e0 internet. Shelly 1 V3 peut \u00eatre install\u00e9 dans des bo\u00eetiers \u00e9lectriques muraux standard, derri\u00e8re des prises de courant et des interrupteurs, ou dans tout autre espace restreint. Son interface web int\u00e9gr\u00e9e permet de surveiller et de contr\u00f4ler l&rsquo;appareil, ainsi que d&rsquo;en ajuster les param\u00e8tres. Shelly 1 V3 prend en charge une plage de puissance de 110-240 V \u00b110 % 50\/60 Hz CA, 24-60 V CC et 12 V CC. Il peut contr\u00f4ler un circuit \u00e9lectrique jusqu&rsquo;\u00e0 16 A. L&rsquo;appareil mesure 36 x 41 x 17 mm et p\u00e8se 26 g. Bornes de raccordement \u00e0 vis pour conducteurs de 0,5 \u00e0 1,5 mm\u00b2.<\/p>\n","protected":false},"excerpt":{"rendered":"<p>Shelly 1 V3 petit interrupteur intelligent pour la domotique avec assistants tels que home assistant, etc.<\/p>\n","protected":false},"featured_media":33392,"comment_status":"closed","ping_status":"closed","template":"","meta":{"_acf_changed":false},"product_brand":[],"product_cat":[293,183],"product_tag":[],"class_list":{"0":"post-33389","1":"product","2":"type-product","3":"status-publish","4":"has-post-thumbnail","6":"product_cat-materiel-electrique-divers","7":"product_cat-pieces-detachees-elevage","9":"first","10":"instock","11":"taxable","12":"shipping-taxable","13":"purchasable","14":"product-type-simple"},"acf":[],"_links":{"self":[{"href":"https:\/\/maino.it\/fr\/wp-json\/wp\/v2\/product\/33389","targetHints":{"allow":["GET"]}}],"collection":[{"href":"https:\/\/maino.it\/fr\/wp-json\/wp\/v2\/product"}],"about":[{"href":"https:\/\/maino.it\/fr\/wp-json\/wp\/v2\/types\/product"}],"replies":[{"embeddable":true,"href":"https:\/\/maino.it\/fr\/wp-json\/wp\/v2\/comments?post=33389"}],"wp:featuredmedia":[{"embeddable":true,"href":"https:\/\/maino.it\/fr\/wp-json\/wp\/v2\/media\/33392"}],"wp:attachment":[{"href":"https:\/\/maino.it\/fr\/wp-json\/wp\/v2\/media?parent=33389"}],"wp:term":[{"taxonomy":"product_brand","embeddable":true,"href":"https:\/\/maino.it\/fr\/wp-json\/wp\/v2\/product_brand?post=33389"},{"taxonomy":"product_cat","embeddable":true,"href":"https:\/\/maino.it\/fr\/wp-json\/wp\/v2\/product_cat?post=33389"},{"taxonomy":"product_tag","embeddable":true,"href":"https:\/\/maino.it\/fr\/wp-json\/wp\/v2\/product_tag?post=33389"}],"curies":[{"name":"wp","href":"https:\/\/api.w.org\/{rel}","templated":true}]}}