{"id":33255,"date":"2024-10-10T11:42:37","date_gmt":"2024-10-10T09:42:37","guid":{"rendered":"https:\/\/maino.it\/?post_type=product&#038;p=33255"},"modified":"2024-10-11T15:36:00","modified_gmt":"2024-10-11T13:36:00","slug":"exemples-installation","status":"publish","type":"product","link":"https:\/\/maino.it\/fr\/prodotto\/exemples-installation\/","title":{"rendered":"EXEMPLES D&rsquo;INSTALLATION"},"content":{"rendered":"<h2 style=\"text-align: center;\"><span style=\"color: #000080;\">CI-DESSOUS VOUS TROUVEREZ TOUTES LES VARIANTES POSSIBLES<br \/>\nPOUR LA FIXATION DES PANNEAUX AU POTEAU<\/span><\/h2>\n<hr \/>\n<p style=\"text-align: left;\"><strong>Variante 1:<\/strong> Les poteaux (gris fonc\u00e9) pr\u00e9alablement fix\u00e9s au sol sont d\u00e9j\u00e0 \u00e9quip\u00e9s de trous traversants et les panneaux sont fix\u00e9s dessus avec des boulons qui traversent les poteaux de part en part. Des entretoises cylindriques (gris clair) sont ins\u00e9r\u00e9es entre les poteaux et les panneaux, qui cr\u00e9ent un espace technique entre les \u00e9l\u00e9ments. Une face des panneaux est parfaitement lisse, tandis que la face oppos\u00e9e pr\u00e9sente des plis structurels (voir sch\u00e9ma ci-dessous) qui permettent \u00e0 la fois la fixation des panneaux aux poteaux et la rigidit\u00e9 n\u00e9cessaire.<\/p>\n<p><img loading=\"lazy\" decoding=\"async\" class=\"alignnone wp-image-33268 size-full\" src=\"https:\/\/maino.it\/wp-content\/uploads\/2024\/10\/piantana-versione-1-vista-sopra-colorata.png\" alt=\"\" width=\"1600\" height=\"366\" srcset=\"https:\/\/maino.it\/wp-content\/uploads\/2024\/10\/piantana-versione-1-vista-sopra-colorata.png 1600w, https:\/\/maino.it\/wp-content\/uploads\/2024\/10\/piantana-versione-1-vista-sopra-colorata-300x69.png 300w, https:\/\/maino.it\/wp-content\/uploads\/2024\/10\/piantana-versione-1-vista-sopra-colorata-1536x351.png 1536w, https:\/\/maino.it\/wp-content\/uploads\/2024\/10\/piantana-versione-1-vista-sopra-colorata-600x137.png 600w\" sizes=\"auto, (max-width: 1600px) 100vw, 1600px\" \/><\/p>\n<hr \/>\n<p><strong>Variante 2: <\/strong>Les poteaux pr\u00e9alablement fix\u00e9s au sol comportent d\u00e9j\u00e0 des platines install\u00e9es, les panneaux sont fix\u00e9s directement sur ces platines \u00e0 l&rsquo;aide de boulons. Apr\u00e8s accord lors de la confirmation de commande, les panneaux peuvent \u00eatre plac\u00e9s \u00e0 c\u00f4t\u00e9 des poteaux avec un espace minimal pour s&rsquo;adapter aux dilatations (comme soulign\u00e9 dans l&rsquo;exemple ci-dessous) ou il est possible de laisser un espace de votre choix. Les deux faces des panneaux sont lisses \u00e0 l&rsquo;exception de deux plis structurels tr\u00e8s l\u00e9gers (un en bas et un en haut) pour garantir la rigidit\u00e9 n\u00e9cessaire.<\/p>\n<p><img loading=\"lazy\" decoding=\"async\" class=\"alignnone wp-image-33272 size-full\" src=\"https:\/\/maino.it\/wp-content\/uploads\/2024\/10\/piantana-versione-2-vista-sopra-colorata.png\" alt=\"\" width=\"1600\" height=\"410\" srcset=\"https:\/\/maino.it\/wp-content\/uploads\/2024\/10\/piantana-versione-2-vista-sopra-colorata.png 1600w, https:\/\/maino.it\/wp-content\/uploads\/2024\/10\/piantana-versione-2-vista-sopra-colorata-300x77.png 300w, https:\/\/maino.it\/wp-content\/uploads\/2024\/10\/piantana-versione-2-vista-sopra-colorata-1536x394.png 1536w, https:\/\/maino.it\/wp-content\/uploads\/2024\/10\/piantana-versione-2-vista-sopra-colorata-600x154.png 600w\" sizes=\"auto, (max-width: 1600px) 100vw, 1600px\" \/><\/p>\n<hr \/>\n<p><strong>Variante 3:<\/strong> Les poteaux (coloris gris) pr\u00e9alablement fix\u00e9s au sol sont d\u00e9j\u00e0 \u00e9quip\u00e9s de platines install\u00e9es, les panneaux (coloris orange clair) sont fix\u00e9s sur ces platines \u00e0 l&rsquo;aide de boulons, plac\u00e9s \u00e0 c\u00f4t\u00e9 du poteau avec un espace minimal pour accueillir les dilatations. Deux autres \u00e9l\u00e9ments sont \u00e9galement appliqu\u00e9s (couleur orange fonc\u00e9) qui cachent compl\u00e8tement les boulons, pr\u00e9sentant la structure de mani\u00e8re plus homog\u00e8ne sans espaces ni interruptions, cachant compl\u00e8tement les syst\u00e8mes de fixation. Des caches peuvent \u00e9galement \u00eatre appliqu\u00e9s sur la base des poteaux pour masquer le syst\u00e8me de fixation correspondant.<\/p>\n<p><img loading=\"lazy\" decoding=\"async\" class=\"alignnone wp-image-33280 size-full\" src=\"https:\/\/maino.it\/wp-content\/uploads\/2024\/10\/piantana-versione-3-vista-sopra-Q-colorato.png\" alt=\"\" width=\"1600\" height=\"513\" srcset=\"https:\/\/maino.it\/wp-content\/uploads\/2024\/10\/piantana-versione-3-vista-sopra-Q-colorato.png 1600w, https:\/\/maino.it\/wp-content\/uploads\/2024\/10\/piantana-versione-3-vista-sopra-Q-colorato-300x96.png 300w, https:\/\/maino.it\/wp-content\/uploads\/2024\/10\/piantana-versione-3-vista-sopra-Q-colorato-1536x492.png 1536w, https:\/\/maino.it\/wp-content\/uploads\/2024\/10\/piantana-versione-3-vista-sopra-Q-colorato-600x192.png 600w\" sizes=\"auto, (max-width: 1600px) 100vw, 1600px\" \/><\/p>\n<p>&nbsp;<\/p>\n","protected":false},"excerpt":{"rendered":"<p>CI-DESSOUS VOUS TROUVEREZ TOUTES LES VARIANTES POSSIBLES POUR LA FIXATION DES PANNEAUX AU POTEAU Variante 1: Les poteaux (gris fonc\u00e9) pr\u00e9alablement fix\u00e9s au sol sont d\u00e9j\u00e0 \u00e9quip\u00e9s de trous traversants et les panneaux sont fix\u00e9s dessus avec des boulons qui traversent les poteaux de part en part. Des entretoises cylindriques (gris clair) sont ins\u00e9r\u00e9es entre [&hellip;]<\/p>\n","protected":false},"featured_media":33206,"comment_status":"closed","ping_status":"closed","template":"","meta":{"_acf_changed":false},"product_brand":[],"product_cat":[325],"product_tag":[],"class_list":{"0":"post-33255","1":"product","2":"type-product","3":"status-publish","4":"has-post-thumbnail","6":"product_cat-panneaux","8":"first","9":"instock","10":"taxable","11":"shipping-taxable","12":"product-type-simple"},"acf":[],"_links":{"self":[{"href":"https:\/\/maino.it\/fr\/wp-json\/wp\/v2\/product\/33255","targetHints":{"allow":["GET"]}}],"collection":[{"href":"https:\/\/maino.it\/fr\/wp-json\/wp\/v2\/product"}],"about":[{"href":"https:\/\/maino.it\/fr\/wp-json\/wp\/v2\/types\/product"}],"replies":[{"embeddable":true,"href":"https:\/\/maino.it\/fr\/wp-json\/wp\/v2\/comments?post=33255"}],"wp:featuredmedia":[{"embeddable":true,"href":"https:\/\/maino.it\/fr\/wp-json\/wp\/v2\/media\/33206"}],"wp:attachment":[{"href":"https:\/\/maino.it\/fr\/wp-json\/wp\/v2\/media?parent=33255"}],"wp:term":[{"taxonomy":"product_brand","embeddable":true,"href":"https:\/\/maino.it\/fr\/wp-json\/wp\/v2\/product_brand?post=33255"},{"taxonomy":"product_cat","embeddable":true,"href":"https:\/\/maino.it\/fr\/wp-json\/wp\/v2\/product_cat?post=33255"},{"taxonomy":"product_tag","embeddable":true,"href":"https:\/\/maino.it\/fr\/wp-json\/wp\/v2\/product_tag?post=33255"}],"curies":[{"name":"wp","href":"https:\/\/api.w.org\/{rel}","templated":true}]}}