{"id":33244,"date":"2024-10-09T11:43:56","date_gmt":"2024-10-09T09:43:56","guid":{"rendered":"https:\/\/maino.it\/?post_type=product&#038;p=33244"},"modified":"2024-10-11T15:06:25","modified_gmt":"2024-10-11T13:06:25","slug":"galvanisation","status":"publish","type":"product","link":"https:\/\/maino.it\/fr\/prodotto\/galvanisation\/","title":{"rendered":"Galvanisation"},"content":{"rendered":"<p>Pour le client qui souhaite augmenter la dur\u00e9e de vie des mat\u00e9riaux, nous proposons un service de galvanisation pour surfaces m\u00e9talliques, le processus de travail est disponible en deux versions diff\u00e9rentes:<\/p>\n<ul>\n<li>Galvanisation \u00e9lectrolytique\/galvanique (appel\u00e9e galvanisation \u00e0 froid).<\/li>\n<li>Galvanisation par immersion dans du zinc fondu (appel\u00e9e galvanisation \u00e0 chaud).<\/li>\n<\/ul>\n<p><strong>Galvanisation \u00e0 froid:<\/strong><\/p>\n<ul>\n<li>Processus par lequel les panneaux et les structures m\u00e9talliques obtiennent une l\u00e9g\u00e8re couche de zinc, qui leur est transf\u00e9r\u00e9e via un flux de courant, les articles sont immerg\u00e9s dans un bain \u00e0 base de sels de zinc dans lequel un passage contr\u00f4l\u00e9 de courant (\u00e9lectrolyse) transf\u00e8re le zinc sur les m\u00e9taux.<\/li>\n<li>Pour optimiser les r\u00e9sultats et la dur\u00e9e de la galvanisation \u00e9lectrolytique, les articles sont d&rsquo;abord d\u00e9graiss\u00e9s chimiquement, d\u00e9cap\u00e9s \u00e0 l&rsquo;acide chlorhydrique, d\u00e9graiss\u00e9s \u00e0 nouveau par \u00e9lectrolyse et enfin neutralis\u00e9s dans de l&rsquo;eau semi-osmotique.<\/li>\n<li>Une fois les traitements pr\u00e9paratoires termin\u00e9s, les articles sont immerg\u00e9s dans le bain de galvanisation et la dur\u00e9e dans celui-ci varie en fonction de l&rsquo;\u00e9paisseur \u00e0 d\u00e9poser, apr\u00e8s quoi ils sont rinc\u00e9s \u00e0 nouveau avec de l&rsquo;eau semi-osmotique et laiss\u00e9s \u00e9goutter et s\u00e9cher.<\/li>\n<\/ul>\n<p><strong>Galvanisation \u00e0 chaud:<\/strong><\/p>\n<ul>\n<li>V\u00e9ritable proc\u00e9d\u00e9 de rev\u00eatement des m\u00e9taux, les pi\u00e8ces sont immerg\u00e9es dans un bain de zinc en fusion \u00e0 une temp\u00e9rature d&rsquo;environ 450\u00b0C. ce qui garantit un rev\u00eatement uniforme et continu qui p\u00e9n\u00e8tre m\u00eame dans les cavit\u00e9s et les joints, offrant ainsi une protection durable contre la corrosion.<\/li>\n<li>Le traitement de galvanisation \u00e0 chaud \u00e0 lui seul suffit \u00e0 garantir de nombreuses ann\u00e9es de r\u00e9sistance \u00e0 la corrosion, mais \u00e9tant anti-esth\u00e9tique, il peut toujours \u00eatre recouvert de poudre pour obtenir \u00e0 la fois la couleur et la finition souhait\u00e9e et, enfin et surtout, une durabilit\u00e9 exceptionnelle; le seul probl\u00e8me r\u00e9side certainement dans le co\u00fbt de l\u2019ensemble de l\u2019op\u00e9ration..<\/li>\n<li>Pour optimiser les r\u00e9sultats, il est essentiel de pr\u00e9parer les surfaces en \u00e9liminant les contaminants tels que la graisse, l&rsquo;huile, la rouille ou autres rev\u00eatements; le d\u00e9capage est effectu\u00e9 avec des substances chimiques et\/ou des proc\u00e9dures m\u00e9caniques pour nettoyer la surface des mat\u00e9riaux de la rouille ou des oxydes, puis ils sont immerg\u00e9s dans une solution de chlorures d&rsquo;ammonium (fluxant) qui nettoie davantage la surface et favorise l&rsquo;adh\u00e9sion de la couche de zinc, puis le tout est rinc\u00e9 puis laiss\u00e9 s\u00e9cher et refroidir.<\/li>\n<li>Une fois les traitements pr\u00e9paratoires termin\u00e9s, les articles sont pr\u00e9chauff\u00e9s, s\u00e9ch\u00e9s puis immerg\u00e9s dans le bain de zinc fondu maintenu liquide \u00e0 environ 450-460 degr\u00e9s et un alliage zinc-fer est cr\u00e9\u00e9 qui forme un rev\u00eatement r\u00e9sistant, apr\u00e8s quoi ils sont rinc\u00e9s \u00e0 nouveau avec de l&rsquo;eau normale et laiss\u00e9s \u00e9goutter et s\u00e9cher.<\/li>\n<\/ul>\n<p><strong>Diff\u00e9rences:<\/strong><\/p>\n<ul>\n<li>La galvanisation \u00e0 froid est plus \u00e9conomique, cependant, elle offre une protection moins durable que la galvanisation \u00e0 chaud et doit n\u00e9cessairement \u00eatre suivie d&rsquo;un rev\u00eatement en poudre.<\/li>\n<\/ul>\n<ul>\n<li>La galvanisation \u00e0 chaud est nettement plus co\u00fbteuse mais offre une protection robuste et \u00e0 long terme contre la corrosion. De plus, ce proc\u00e9d\u00e9 est reconnu par la norme internationale EN ISO 1461, ce qui en fait le choix privil\u00e9gi\u00e9 pour un projet \u00e0 long terme sans entretien.<\/li>\n<\/ul>\n","protected":false},"excerpt":{"rendered":"<p>Pour le client qui souhaite augmenter la dur\u00e9e de vie des mat\u00e9riaux, nous proposons un service de galvanisation pour surfaces m\u00e9talliques, le processus de travail est disponible en deux versions diff\u00e9rentes: Galvanisation \u00e9lectrolytique\/galvanique (appel\u00e9e galvanisation \u00e0 froid). Galvanisation par immersion dans du zinc fondu (appel\u00e9e galvanisation \u00e0 chaud). Galvanisation \u00e0 froid: Processus par lequel les [&hellip;]<\/p>\n","protected":false},"featured_media":33247,"comment_status":"closed","ping_status":"closed","template":"","meta":{"_acf_changed":false},"product_brand":[],"product_cat":[334],"product_tag":[],"class_list":{"0":"post-33244","1":"product","2":"type-product","3":"status-publish","4":"has-post-thumbnail","6":"product_cat-galvanisation","8":"first","9":"instock","10":"taxable","11":"shipping-taxable","12":"product-type-simple"},"acf":[],"_links":{"self":[{"href":"https:\/\/maino.it\/fr\/wp-json\/wp\/v2\/product\/33244","targetHints":{"allow":["GET"]}}],"collection":[{"href":"https:\/\/maino.it\/fr\/wp-json\/wp\/v2\/product"}],"about":[{"href":"https:\/\/maino.it\/fr\/wp-json\/wp\/v2\/types\/product"}],"replies":[{"embeddable":true,"href":"https:\/\/maino.it\/fr\/wp-json\/wp\/v2\/comments?post=33244"}],"wp:featuredmedia":[{"embeddable":true,"href":"https:\/\/maino.it\/fr\/wp-json\/wp\/v2\/media\/33247"}],"wp:attachment":[{"href":"https:\/\/maino.it\/fr\/wp-json\/wp\/v2\/media?parent=33244"}],"wp:term":[{"taxonomy":"product_brand","embeddable":true,"href":"https:\/\/maino.it\/fr\/wp-json\/wp\/v2\/product_brand?post=33244"},{"taxonomy":"product_cat","embeddable":true,"href":"https:\/\/maino.it\/fr\/wp-json\/wp\/v2\/product_cat?post=33244"},{"taxonomy":"product_tag","embeddable":true,"href":"https:\/\/maino.it\/fr\/wp-json\/wp\/v2\/product_tag?post=33244"}],"curies":[{"name":"wp","href":"https:\/\/api.w.org\/{rel}","templated":true}]}}