{"id":33228,"date":"2024-10-07T12:39:38","date_gmt":"2024-10-07T10:39:39","guid":{"rendered":"https:\/\/maino.it\/?post_type=product&#038;p=33228"},"modified":"2024-10-11T15:06:12","modified_gmt":"2024-10-11T13:06:12","slug":"revetement-en-poudre","status":"publish","type":"product","link":"https:\/\/maino.it\/fr\/prodotto\/revetement-en-poudre\/","title":{"rendered":"Rev\u00eatement en poudre"},"content":{"rendered":"<p>Pour garantir un produit de qualit\u00e9, nous avons choisi le rev\u00eatement en poudre avec des lignes de pulv\u00e9risation \u00e0 cha\u00eene robotis\u00e9es, en collaboration avec une industrie moderne qui, comme nous, investit dans l&rsquo;innovation, offrant un v\u00e9ritable rev\u00eatement en poudre qui se distingue par sa dur\u00e9e, sa qualit\u00e9 et sa durabilit\u00e9.<\/p>\n<p>Ce type de peinture est le proc\u00e9d\u00e9 id\u00e9al pour nos structures de cl\u00f4tures, poteaux, garde-corps, portails et portails car il offre des finitions sup\u00e9rieures en termes d&rsquo;esth\u00e9tique et de durabilit\u00e9 et toute la gamme de couleurs du tableau RAL avec des options de finition allant du satin\u00e9 au brillant, et puis textur\u00e9, m\u00e9tallique, froiss\u00e9 et paillet\u00e9, une personnalisation sans pr\u00e9c\u00e9dent, adapt\u00e9e \u00e0 tous les besoins.<\/p>\n<p>Comment le rev\u00eatement en poudre est-il effectu\u00e9?<\/p>\n<ul>\n<li><strong>Phase 1, d\u00e9graissage alcalin \u00e0 chaud:<\/strong> les articles sont expos\u00e9s \u00e0 un traitement qui pr\u00e9pare les surfaces m\u00e9talliques \u00e0 la phase nanotechnologique suivante, le produit utilis\u00e9 pour le d\u00e9graissage ne contient pas de phosphates et ne g\u00e9n\u00e8re pas de boues \u00e0 \u00e9liminer, favorisant ainsi les processus \u00e9cologiques.<\/li>\n<\/ul>\n<ul>\n<li><strong>Phases 2 et 3, rin\u00e7age:<\/strong> les articles sont rinc\u00e9s avec de l&rsquo;eau semi-osmotique n\u00e9bulis\u00e9e avec la technologie deep-tropical-rain (pluie tr\u00e8s dense \u00e0 haute pression).<\/li>\n<\/ul>\n<ul>\n<li><strong>Phase 4, d\u00e9soxydation:<\/strong> un m\u00e9lange d&rsquo;acides inorganiques \u00e9quilibr\u00e9s est pulv\u00e9ris\u00e9 sur les articles qui ont pour t\u00e2che d&rsquo;activer toutes les surfaces pour la phase ult\u00e9rieure de conversion par passivation nanotechnologique (par exemple, pour l&rsquo;aluminium et ses alliages, ce traitement particulier est en mesure d&rsquo;\u00e9liminer jusqu&rsquo;\u00e0 1 gramme\/m2 de r\u00e9sidus de surface et presque tous les agents de d\u00e9moulage pour moulage sous pression).<\/li>\n<\/ul>\n<ul>\n<li><strong>Phase 5, pr\u00e9-rin\u00e7age:<\/strong> les articles sont rinc\u00e9s \u00e0 nouveau avec de l&rsquo;eau semi-osmotique pulv\u00e9ris\u00e9e avec la technologie deep-tropical-rain.<\/li>\n<\/ul>\n<ul>\n<li><strong>Phase 6, rin\u00e7age \u00e0 l&rsquo;eau osmotique atomis\u00e9e pure:<\/strong> ce lavage \u00ab\u00a0fin\u00a0\u00bb sp\u00e9cifique pr\u00e9c\u00e8de la conversion par passivation nanotechnologique, accentue le processus de d\u00e9soxydation et contribue \u00e0 maintenir une conductivit\u00e9 \u00e9lectrique inf\u00e9rieure \u00e0 15\u00b5S (microsiemens) pendant le reste du processus de travail.<\/li>\n<\/ul>\n<ul>\n<li><strong>Phase 7, conversion par passivation nanotechnologique: <\/strong>pour cette phase de pr\u00e9paration de la couche de poudre qui sera \u00e9tal\u00e9e sur les articles, on utilise le produit DOLLCOAT SA 115 qui garantit une qualit\u00e9 constante sur tous les mat\u00e9riaux trait\u00e9s et est capable de donner \u00e0 la surface trait\u00e9e, une augmentation substantielle de l&rsquo;adh\u00e9sion de la poudre, tout en augmentant \u00e9galement la r\u00e9sistance \u00e0 la corrosion, ce qui constitue une am\u00e9lioration notable par rapport aux proc\u00e9d\u00e9s de conversion traditionnels obtenus \u00e0 partir de phosphates de fer avec passivation aux sels de zirconium\/titane ou de chrome (notoirement tr\u00e8s polluants pour l&rsquo;environnement).<\/li>\n<\/ul>\n<ul>\n<li><strong>Phase 8, peinture en poudre:<\/strong> la peinture avec des poudres thermoplastiques s&rsquo;effectue de mani\u00e8re totalement automatis\u00e9e, les articles accroch\u00e9s et dispos\u00e9s sur la cha\u00eene sont recouverts de poudre par l&rsquo;action de pistolets \u00e0 couronne \u00e9lectrostatiques et de pistolets tribo-\u00e9lectriques, dispos\u00e9s sur des bras robotis\u00e9s qui suivent la forme et la taille de tous les \u00e9l\u00e9ments expos\u00e9s dans le tunnel de traitement, ce processus standardis\u00e9 permet une plus grande r\u00e9sistance aux agents atmosph\u00e9riques, chimiques et abrasifs, par rapport \u00e0 la peinture traditionnelle avec a\u00e9rosol et aux techniques manuelles au pinceau\/rouleau.<\/li>\n<\/ul>\n<ul>\n<li><strong>Phase 9, fusion, s\u00e9chage et finition de la peinture:<\/strong> apr\u00e8s avoir \u00e9t\u00e9 recouverts de peinture en poudre, les articles entrent dans le four o\u00f9 la pr\u00e9sence de temp\u00e9ratures \u00e9lev\u00e9es finement contr\u00f4l\u00e9es fait fondre la poudre sur le mat\u00e9riau, le transformant en une surface homog\u00e8ne avec la finition pr\u00e9alablement choisie, apr\u00e8s quoi ils passent au s\u00e9chage\/refroidissement qui termine le traitement.<\/li>\n<\/ul>\n<p><em>Les peintures en poudre, qui ne restent pas attach\u00e9es aux objets expos\u00e9s, tombent \u00e0 l&rsquo;int\u00e9rieur du tunnel sans \u00eatre distribu\u00e9es dans les environs et sont ensuite collect\u00e9es, m\u00e9lang\u00e9es \u00e0 toutes les autres pr\u00e9c\u00e9demment collect\u00e9es et utilis\u00e9es \u00e0 nouveau comme couche de base pour la peinture en deux couches, ce qui donne une dur\u00e9e encore plus longue que le traditionnel couche single.<\/em><\/p>\n","protected":false},"excerpt":{"rendered":"<p>Pour garantir un produit de qualit\u00e9, nous avons choisi le rev\u00eatement en poudre avec des lignes de pulv\u00e9risation \u00e0 cha\u00eene robotis\u00e9es, en collaboration avec une industrie moderne qui, comme nous, investit dans l&rsquo;innovation, offrant un v\u00e9ritable rev\u00eatement en poudre qui se distingue par sa dur\u00e9e, sa qualit\u00e9 et sa durabilit\u00e9. Ce type de peinture est [&hellip;]<\/p>\n","protected":false},"featured_media":33296,"comment_status":"closed","ping_status":"closed","template":"","meta":{"_acf_changed":false},"product_brand":[],"product_cat":[332],"product_tag":[],"class_list":{"0":"post-33228","1":"product","2":"type-product","3":"status-publish","4":"has-post-thumbnail","6":"product_cat-peinture","8":"first","9":"instock","10":"taxable","11":"shipping-taxable","12":"product-type-simple"},"acf":[],"_links":{"self":[{"href":"https:\/\/maino.it\/fr\/wp-json\/wp\/v2\/product\/33228","targetHints":{"allow":["GET"]}}],"collection":[{"href":"https:\/\/maino.it\/fr\/wp-json\/wp\/v2\/product"}],"about":[{"href":"https:\/\/maino.it\/fr\/wp-json\/wp\/v2\/types\/product"}],"replies":[{"embeddable":true,"href":"https:\/\/maino.it\/fr\/wp-json\/wp\/v2\/comments?post=33228"}],"wp:featuredmedia":[{"embeddable":true,"href":"https:\/\/maino.it\/fr\/wp-json\/wp\/v2\/media\/33296"}],"wp:attachment":[{"href":"https:\/\/maino.it\/fr\/wp-json\/wp\/v2\/media?parent=33228"}],"wp:term":[{"taxonomy":"product_brand","embeddable":true,"href":"https:\/\/maino.it\/fr\/wp-json\/wp\/v2\/product_brand?post=33228"},{"taxonomy":"product_cat","embeddable":true,"href":"https:\/\/maino.it\/fr\/wp-json\/wp\/v2\/product_cat?post=33228"},{"taxonomy":"product_tag","embeddable":true,"href":"https:\/\/maino.it\/fr\/wp-json\/wp\/v2\/product_tag?post=33228"}],"curies":[{"name":"wp","href":"https:\/\/api.w.org\/{rel}","templated":true}]}}