{"id":33221,"date":"2024-10-04T11:36:41","date_gmt":"2024-10-04T09:36:42","guid":{"rendered":"https:\/\/maino.it\/?post_type=product&#038;p=33221"},"modified":"2024-10-11T15:05:25","modified_gmt":"2024-10-11T13:05:25","slug":"poteau-haut","status":"publish","type":"product","link":"https:\/\/maino.it\/fr\/prodotto\/poteau-haut\/","title":{"rendered":"Poteau haut"},"content":{"rendered":"<p>Version standard:<\/p>\n<ul>\n<li>Poteau version haute avec base pr\u00e9-perc\u00e9e \u00e0 deux ou quatre points, pr\u00eat \u00e0 \u00eatre install\u00e9 sur des surfaces planes.<\/li>\n<li>Hauteur 1600 mm.<\/li>\n<li>Pr\u00e9par\u00e9 avec per\u00e7age pour la fixation des panneaux.<\/li>\n<li>En acier au carbone brut (fer).<\/li>\n<li>Traitement de surface avec rev\u00eatement en poudre gris fonc\u00e9 RAL 7016 sur support brut.<\/li>\n<\/ul>\n<p>En option:<\/p>\n<ul>\n<li>diff\u00e9rents types d&rsquo;alliages m\u00e9talliques;\n<ul>\n<li>acier au carbone galvanis\u00e9 \u00e0 froid (traitement \u00e9lectrogalvanique)<\/li>\n<li>acier au carbone galvanis\u00e9 \u00e0 chaud (tremp\u00e9 dans du zinc fondu)<\/li>\n<li>acier inoxydable AISI 304 B2<\/li>\n<li>acier inoxydable AISI 316<\/li>\n<li>acier corten (celui qui devient rouille avec le temps)<\/li>\n<li>aluminium<\/li>\n<\/ul>\n<\/li>\n<li>autre couleur de la liste RAL.<\/li>\n<li>autre taille (hauteur, forme, longueur, largeur) pour r\u00e9pondre \u00e0 vos besoins.<\/li>\n<li>installation et tests structurels.<\/li>\n<\/ul>\n<p>Tous nos articles sont con\u00e7us, fabriqu\u00e9s et marqu\u00e9s CE<\/p>\n","protected":false},"excerpt":{"rendered":"<p>Version standard: Poteau version haute avec base pr\u00e9-perc\u00e9e \u00e0 deux ou quatre points, pr\u00eat \u00e0 \u00eatre install\u00e9 sur des surfaces planes. Hauteur 1600 mm. Pr\u00e9par\u00e9 avec per\u00e7age pour la fixation des panneaux. En acier au carbone brut (fer). Traitement de surface avec rev\u00eatement en poudre gris fonc\u00e9 RAL 7016 sur support brut. En option: diff\u00e9rents [&hellip;]<\/p>\n","protected":false},"featured_media":33217,"comment_status":"closed","ping_status":"closed","template":"","meta":{"_acf_changed":false},"product_brand":[],"product_cat":[327],"product_tag":[],"class_list":{"0":"post-33221","1":"product","2":"type-product","3":"status-publish","4":"has-post-thumbnail","6":"product_cat-poteaux","8":"first","9":"instock","10":"taxable","11":"shipping-taxable","12":"product-type-simple"},"acf":[],"_links":{"self":[{"href":"https:\/\/maino.it\/fr\/wp-json\/wp\/v2\/product\/33221","targetHints":{"allow":["GET"]}}],"collection":[{"href":"https:\/\/maino.it\/fr\/wp-json\/wp\/v2\/product"}],"about":[{"href":"https:\/\/maino.it\/fr\/wp-json\/wp\/v2\/types\/product"}],"replies":[{"embeddable":true,"href":"https:\/\/maino.it\/fr\/wp-json\/wp\/v2\/comments?post=33221"}],"wp:featuredmedia":[{"embeddable":true,"href":"https:\/\/maino.it\/fr\/wp-json\/wp\/v2\/media\/33217"}],"wp:attachment":[{"href":"https:\/\/maino.it\/fr\/wp-json\/wp\/v2\/media?parent=33221"}],"wp:term":[{"taxonomy":"product_brand","embeddable":true,"href":"https:\/\/maino.it\/fr\/wp-json\/wp\/v2\/product_brand?post=33221"},{"taxonomy":"product_cat","embeddable":true,"href":"https:\/\/maino.it\/fr\/wp-json\/wp\/v2\/product_cat?post=33221"},{"taxonomy":"product_tag","embeddable":true,"href":"https:\/\/maino.it\/fr\/wp-json\/wp\/v2\/product_tag?post=33221"}],"curies":[{"name":"wp","href":"https:\/\/api.w.org\/{rel}","templated":true}]}}