{"id":33151,"date":"2024-09-27T17:40:00","date_gmt":"2024-09-27T15:40:00","guid":{"rendered":"https:\/\/maino.it\/prodotto\/pannello-verticale\/"},"modified":"2024-10-11T15:03:32","modified_gmt":"2024-10-11T13:03:32","slug":"panneau-vertical","status":"publish","type":"product","link":"https:\/\/maino.it\/fr\/prodotto\/panneau-vertical\/","title":{"rendered":"PANNEAU VERTICAL"},"content":{"rendered":"<p>Version standard:<\/p>\n<ul>\n<li>d\u00e9veloppement de panneaux en vertical avec lignes verticales ou horizontales (au choix lors de la confirmation de commande)<\/li>\n<li>dimensions hauteur 1900 mm et largeur 900 mm<\/li>\n<li>en acier au carbone brut (fer)<\/li>\n<li>finition de surface avec des lignes contigu\u00ebs entrecoup\u00e9es de surfaces solides qui couvrent environ 40 % de la surface disponible<\/li>\n<li>traitement de surface avec rev\u00eatement en poudre gris fonc\u00e9 RAL 7016 sur support brut.<\/li>\n<\/ul>\n<p>En option:<\/p>\n<ul>\n<li>diff\u00e9rents types d&rsquo;alliages m\u00e9talliques;\n<ul>\n<li>acier au carbone galvanis\u00e9 \u00e0 froid (traitement \u00e9lectrogalvanique)<\/li>\n<li>acier au carbone galvanis\u00e9 \u00e0 chaud (tremp\u00e9 dans du zinc fondu)<\/li>\n<li>acier inoxydable AISI 304 B2<\/li>\n<li>acier inoxydable AISI 316<\/li>\n<li>acier corten (celui qui devient rouille avec le temps)<\/li>\n<li>aluminium<\/li>\n<\/ul>\n<\/li>\n<li>autres traitements et finitions de surface selon les exemples de graphiques disponibles<\/li>\n<li>d\u00e9coupe pour le logement des produits et des bo\u00eetes de gaz et d&rsquo;\u00e9lectricit\u00e9<\/li>\n<li>d\u00e9formation pour suivre des structures pr\u00e9existantes<\/li>\n<li>autre couleur de la liste RAL<\/li>\n<li>installation et tests structurels<\/li>\n<\/ul>\n<p>Tous nos articles sont con\u00e7us, fabriqu\u00e9s et marqu\u00e9s CE<\/p>\n","protected":false},"excerpt":{"rendered":"<p>Dans l&rsquo;image, cl\u00f4ture \u00e0 panneaux avec portail pi\u00e9ton en option<\/p>\n","protected":false},"featured_media":33095,"comment_status":"closed","ping_status":"closed","template":"","meta":{"_acf_changed":false},"product_brand":[],"product_cat":[325],"product_tag":[],"class_list":{"0":"post-33151","1":"product","2":"type-product","3":"status-publish","4":"has-post-thumbnail","6":"product_cat-panneaux","8":"first","9":"instock","10":"taxable","11":"shipping-taxable","12":"product-type-simple"},"acf":[],"_links":{"self":[{"href":"https:\/\/maino.it\/fr\/wp-json\/wp\/v2\/product\/33151","targetHints":{"allow":["GET"]}}],"collection":[{"href":"https:\/\/maino.it\/fr\/wp-json\/wp\/v2\/product"}],"about":[{"href":"https:\/\/maino.it\/fr\/wp-json\/wp\/v2\/types\/product"}],"replies":[{"embeddable":true,"href":"https:\/\/maino.it\/fr\/wp-json\/wp\/v2\/comments?post=33151"}],"wp:featuredmedia":[{"embeddable":true,"href":"https:\/\/maino.it\/fr\/wp-json\/wp\/v2\/media\/33095"}],"wp:attachment":[{"href":"https:\/\/maino.it\/fr\/wp-json\/wp\/v2\/media?parent=33151"}],"wp:term":[{"taxonomy":"product_brand","embeddable":true,"href":"https:\/\/maino.it\/fr\/wp-json\/wp\/v2\/product_brand?post=33151"},{"taxonomy":"product_cat","embeddable":true,"href":"https:\/\/maino.it\/fr\/wp-json\/wp\/v2\/product_cat?post=33151"},{"taxonomy":"product_tag","embeddable":true,"href":"https:\/\/maino.it\/fr\/wp-json\/wp\/v2\/product_tag?post=33151"}],"curies":[{"name":"wp","href":"https:\/\/api.w.org\/{rel}","templated":true}]}}