{"id":33059,"date":"2024-06-05T16:27:49","date_gmt":"2024-06-05T14:27:50","guid":{"rendered":"https:\/\/maino.it\/?post_type=product&#038;p=33059"},"modified":"2025-01-31T16:51:36","modified_gmt":"2025-01-31T15:51:36","slug":"cage-pour-capturer-les-pigeons","status":"publish","type":"product","link":"https:\/\/maino.it\/fr\/prodotto\/cage-pour-capturer-les-pigeons\/","title":{"rendered":"CAGE POUR CAPTURER LES PIGEONS"},"content":{"rendered":"<h2 style=\"text-align: center;\"><span style=\"color: #008000;\">CAGE POUR CAPTURER LES PIGEONS<\/span><\/h2>\n<p>Pi\u00e8ge con\u00e7u pour contr\u00f4ler la population de colombid\u00e9s, avec cela la gestion des pigeons devient tr\u00e8s simple et il est \u00e9galement possible de capturer jusqu&rsquo;\u00e0 20-30 \u00e0 la fois.<\/p>\n<p>Le pi\u00e8ge est con\u00e7u et fabriqu\u00e9 \u00e0 partir de d\u00e9cennies d&rsquo;exp\u00e9rience d&rsquo;op\u00e9rateurs, de chercheurs et de techniciens de la faune. Les pigeons, attir\u00e9s par l&rsquo;app\u00e2t alimentaire plac\u00e9 au sol, entrent \u00e0 l&rsquo;int\u00e9rieur gr\u00e2ce \u00e0 un syst\u00e8me de tromperie particulier avec des barri\u00e8res mobiles qui permettent l&rsquo;entr\u00e9e mais pas la sortie. La nourriture a un double effet: les attirer et les nourrir, leur permettant de se nourrir tout en respectant le bien-\u00eatre animal. Comme d\u00e9j\u00e0 d\u00e9crit, le syst\u00e8me de capture ing\u00e9nieux est du type \u00e0 sens unique, ce qui facilite leur entr\u00e9e mais les emp\u00eache en m\u00eame temps de s&rsquo;\u00e9chapper.<\/p>\n<p>La taille et la forme sont variables selon les besoins. Les pi\u00e8ges doivent \u00eatre v\u00e9rifi\u00e9s au moins une fois par jour.<\/p>\n<p><strong>ATTENTION<br \/>\n<\/strong>LES CAGES DE CAPTURE NE PEUVENT PAS \u00caTRE VENDUES \u00c0 DES PARTICULIERS, ELLES PEUVENT \u00caTRE ACHET\u00c9ES UNIQUEMENT ET EXCLUSIVEMENT PAR DES ORGANISMES PUBLICS POUR LES ACTIVIT\u00c9S PR\u00c9VUES CONFORM\u00c9MENT \u00c0 LA R\u00c9GLEMENTATION EN VIGUEUR : (art.4 ; art.10\/7 ; art.19\/2 ; art. 19bis D.L. 157\/92; art.11\/4; art.19\/5 D.L.394\/91).<\/p>\n<p><strong>IMPORTANT:<\/strong><br \/>\nLes pi\u00e8ges sont utilis\u00e9s pour la recherche, l\u2019\u00e9chantillonnage environnemental et l\u2019\u00e9radication d\u2019esp\u00e8ces ind\u00e9sirables, nuisibles ou surpeupl\u00e9es. Diff\u00e9rents mod\u00e8les sont disponibles avec des formes et des structures pliables et\/ou empilables, ils peuvent \u00eatre \u00e9quip\u00e9s de poign\u00e9es pour faciliter le d\u00e9placement et de portes pour le retrait\/sortie des sujets, les mailles structurelles peuvent \u00eatre dimensionn\u00e9es pour permettre le passage d&rsquo;articles sous la taille minimale l\u00e9gale. Avant utilisation, consultez les lois et r\u00e8glements de votre pays pour v\u00e9rifier les limitations, les utilisations et les permis n\u00e9cessaires.<\/p>\n<p><strong>Pour informations<\/strong>, demandes et devis, remplissez le formuilaire: <a href=\"https:\/\/maino.it\/fr\/nous-contacter\/\"><span style=\"color: #0000ff;\"><strong>CONTACTS<\/strong><\/span><\/a> o\u00f9 envoyez un e-mail \u00e0 <span style=\"color: #0000ff;\"><strong><span \n                data-original-string='l0AsJ5ZodbJq1sX7fAAP1Q==be1LumejEmWtLa\/\/gLP3mgZAw=='\n                class='apbct-email-encoder'\n                title='This contact has been encoded by Anti-Spam by CleanTalk. Click to decode. To finish the decoding make sure that JavaScript is enabled in your browser.'>in<span class=\"apbct-blur\">**<\/span>@<span class=\"apbct-blur\">***<\/span>no.it<\/span><\/strong><\/span> vous serez contact\u00e9.<\/p>\n","protected":false},"excerpt":{"rendered":"<p>Pi\u00e8ge destin\u00e9 au contr\u00f4le de la population de columbid\u00e9s. Gr\u00e2ce \u00e0 cet outil, la gestion des pigeons devient tr\u00e8s simple et il est m\u00eame possible d&rsquo;en capturer jusqu&rsquo;\u00e0 20-30 \u00e0 la fois. Le pi\u00e8ge est con\u00e7u et fabriqu\u00e9 en s&rsquo;appuyant sur des d\u00e9cennies d&rsquo;exp\u00e9rience d&rsquo;op\u00e9rateurs, de chercheurs et de techniciens de la faune.<\/p>\n","protected":false},"featured_media":0,"comment_status":"closed","ping_status":"closed","template":"","meta":{"_acf_changed":false},"product_brand":[],"product_cat":[303,211],"product_tag":[],"class_list":{"0":"post-33059","1":"product","2":"type-product","3":"status-publish","5":"product_cat-cages-fr","6":"product_cat-volieres_et_cages","8":"first","9":"instock","10":"taxable","11":"shipping-taxable","12":"product-type-simple"},"acf":[],"_links":{"self":[{"href":"https:\/\/maino.it\/fr\/wp-json\/wp\/v2\/product\/33059","targetHints":{"allow":["GET"]}}],"collection":[{"href":"https:\/\/maino.it\/fr\/wp-json\/wp\/v2\/product"}],"about":[{"href":"https:\/\/maino.it\/fr\/wp-json\/wp\/v2\/types\/product"}],"replies":[{"embeddable":true,"href":"https:\/\/maino.it\/fr\/wp-json\/wp\/v2\/comments?post=33059"}],"wp:attachment":[{"href":"https:\/\/maino.it\/fr\/wp-json\/wp\/v2\/media?parent=33059"}],"wp:term":[{"taxonomy":"product_brand","embeddable":true,"href":"https:\/\/maino.it\/fr\/wp-json\/wp\/v2\/product_brand?post=33059"},{"taxonomy":"product_cat","embeddable":true,"href":"https:\/\/maino.it\/fr\/wp-json\/wp\/v2\/product_cat?post=33059"},{"taxonomy":"product_tag","embeddable":true,"href":"https:\/\/maino.it\/fr\/wp-json\/wp\/v2\/product_tag?post=33059"}],"curies":[{"name":"wp","href":"https:\/\/api.w.org\/{rel}","templated":true}]}}