{"id":33050,"date":"2024-06-05T15:00:51","date_gmt":"2024-06-05T13:00:52","guid":{"rendered":"https:\/\/maino.it\/?post_type=product&#038;p=33050"},"modified":"2025-01-31T17:10:59","modified_gmt":"2025-01-31T16:10:59","slug":"cage-pour-capturer-les-sangliers-et-les-ongules","status":"publish","type":"product","link":"https:\/\/maino.it\/fr\/prodotto\/cage-pour-capturer-les-sangliers-et-les-ongules\/","title":{"rendered":"CAGE POUR CAPTURER LES SANGLIERS ET LES ONGULES"},"content":{"rendered":"<h2 style=\"text-align: center;\"><span style=\"color: #008000;\">CAGE POUR CAPTURER LES SANGLIERS ET LES ONGULES<\/span><\/h2>\n<p>Pi\u00e8ge robuste, anti-d\u00e9formation, de forme parall\u00e9l\u00e9pip\u00e9dique, \u00e0 d\u00e9veloppement horizontal, dimensions environ 1 x 1 x 2 m\u00e8tres, enti\u00e8rement d\u00e9montable, sp\u00e9cifique pour sangliers et autres ongul\u00e9s de m\u00eame taille.<\/p>\n<p>Le pi\u00e8ge a \u00e9t\u00e9 con\u00e7u et construit sur la base de d\u00e9cennies d\u2019exp\u00e9rience d\u2019exploitants, de chercheurs et de techniciens sp\u00e9cialis\u00e9s dans la faune sauvage. La structure rigide particuli\u00e8re permet l&rsquo;installation m\u00eame sur des surfaces irr\u00e9guli\u00e8res et l&rsquo;ing\u00e9nieux syst\u00e8me de tromperie \u00e9vite le risque de blocage dans le m\u00e9canisme de fermeture.<\/p>\n<p><strong>La cage est compos\u00e9e de:<\/strong><\/p>\n<ul>\n<li>4 panneaux rectangulaires mesurant 1 x 2 m\u00e8tres<\/li>\n<li>1 panneau carr\u00e9 mesurant 1 x 1 m\u00e8tres<\/li>\n<li>1 structure avec guides sp\u00e9cifiques pour porte \u00e0 guillotine<\/li>\n<li>1 porte carr\u00e9e mesurant 1 x 1 m\u00e8tres<\/li>\n<\/ul>\n<p>Tous les panneaux sont enti\u00e8rement soud\u00e9s et r\u00e9alis\u00e9s en treillis \u00e9lectrosoud\u00e9 \u00e0 mailles larges, fix\u00e9s le long du p\u00e9rim\u00e8tre sur des profils sp\u00e9ciaux, la structure est encore renforc\u00e9e au centre par l&rsquo;application d&rsquo;une bande de renfort. Tout est obtenu et trait\u00e9 avec des machines \u00e0 commande num\u00e9rique utilisant de l&rsquo;acier au carbone \u00e9pais pour r\u00e9sister aux contraintes consid\u00e9rables des animaux captur\u00e9s.<\/p>\n<p>La cage peut \u00eatre fournie brute ou enti\u00e8rement galvanis\u00e9e \u00e0 chaud pour r\u00e9sister aux agents atmosph\u00e9riques et, en option pour ajouter du camouflage et du masquage, rev\u00eatue de poudre dans une couleur RAL de votre choix.<\/p>\n<p>Le syst\u00e8me de tromperie est ing\u00e9nieux mais en m\u00eame temps simplifi\u00e9, efficace, s\u00fbr et est \u00e9quip\u00e9 d&rsquo;un blocage m\u00e9canique pour emp\u00eacher les animaux de le soulever, tandis que pour la s\u00e9curit\u00e9 des op\u00e9rateurs, il existe un loquet de s\u00e9curit\u00e9 qui emp\u00eache la fermeture accidentelle de la porte \u00e0 guillotine lors des op\u00e9rations d&rsquo;inspection.<\/p>\n<p><strong>L&rsquo;ensemble de la structure fournie flat-pack est con\u00e7u pour:<\/strong><\/p>\n<ul>\n<li>R\u00e9sister aux contraintes m\u00e9caniques que l&rsquo;animal pourrait g\u00e9n\u00e9rer en tentant de s&rsquo;\u00e9chapper<\/li>\n<li>\u00c9viter l&rsquo;\u00e9chappement.<\/li>\n<li>\u00catre assembl\u00e9 par embo\u00eetement et maintenu en place par de gros boulons.<\/li>\n<li>Facile \u00e0 utiliser, \u00e0 monter et \u00e0 d\u00e9monter par seulement deux personnes en peu de temps.<\/li>\n<li>\u00catre suffisamment l\u00e9ger et facilement transportable, comme sur un v\u00e9hicule \u00e0 caisse de type pick-up.<\/li>\n<li>\u00catre superpos\u00e9 (jusqu&rsquo;\u00e0 cinq pi\u00e8ges compl\u00e8tement d\u00e9mont\u00e9s peuvent \u00eatre superpos\u00e9s).<\/li>\n<li>Permettre et faciliter l&rsquo;utilisation de syst\u00e8mes d&rsquo;abattage d\u00e9sign\u00e9s sans mettre en danger l&rsquo;op\u00e9rateur (r\u00e9glementation en cours de modification).<\/li>\n<\/ul>\n<p>Le pi\u00e8ge est \u00e9galement \u00e9quip\u00e9 de piquets de fixation au sol et d&rsquo;une table de reconnaissance et d&rsquo;identification sp\u00e9cifique conforme \u00e0 la loi.<\/p>\n<p><strong>Les options suivantes sont disponibles sur demande:<\/strong><\/p>\n<ul>\n<li>Rev\u00eatement en poudre en vert RAL<\/li>\n<li>Filet de camouflage d&rsquo;ombrage de p\u00e9rim\u00e8tre.<\/li>\n<li>Alarme radio pour avertir de la capture d&rsquo;un animal, afin de faciliter l&rsquo;intervention des op\u00e9rateurs dans les plus brefs d\u00e9lais.<\/li>\n<li>Syst\u00e8me de suivi et de reconnaissance des sujets captur\u00e9s avec option de r\u00e9ouverture imm\u00e9diate et de r\u00e9armement automatis\u00e9 \u00e0 distance (indispensable en cas de capture de sujets non autoris\u00e9s).<\/li>\n<li>Taille et forme variables selon les besoins.<\/li>\n<\/ul>\n<p>Les pi\u00e8ges doivent \u00eatre v\u00e9rifi\u00e9s au moins une fois par jour.<\/p>\n<p><strong>ATTENTION:<br \/>\n<\/strong>LES CAGES DE CAPTURE NE PEUVENT PAS \u00caTRE VENDUES \u00c0 DES PARTICULIERS, ELLES PEUVENT \u00caTRE ACHET\u00c9ES UNIQUEMENT ET EXCLUSIVEMENT PAR DES ORGANISMES PUBLICS POUR LES ACTIVIT\u00c9S PR\u00c9VUES CONFORM\u00c9MENT \u00c0 LA R\u00c9GLEMENTATION EN VIGUEUR : (art.4 ; art.10\/7 ; art.19\/2 ; art. 19bis D.L. 157\/92; art.11\/4; art.19\/5 D.L.394\/91).<\/p>\n<p><strong>IMPORTANT:<\/strong><br \/>\nLes pi\u00e8ges sont utilis\u00e9s pour la recherche, l\u2019\u00e9chantillonnage environnemental et l\u2019\u00e9radication d\u2019esp\u00e8ces ind\u00e9sirables, nuisibles ou surpeupl\u00e9es. Diff\u00e9rents mod\u00e8les sont disponibles avec des formes et des structures pliables et\/ou empilables, ils peuvent \u00eatre \u00e9quip\u00e9s de poign\u00e9es pour faciliter le d\u00e9placement et de portes pour le retrait\/sortie des sujets, les mailles structurelles peuvent \u00eatre dimensionn\u00e9es pour permettre le passage d&rsquo;articles sous la taille minimale l\u00e9gale. Avant utilisation, consultez les lois et r\u00e8glements de votre pays pour v\u00e9rifier les limitations, les utilisations et les permis n\u00e9cessaires.<\/p>\n<p><strong>Pour informations<\/strong>, demandes et devis, remplissez le formuilaire: <a href=\"https:\/\/maino.it\/fr\/nous-contacter\/\"><span style=\"color: #0000ff;\"><strong>CONTACTS<\/strong><\/span><\/a> o\u00f9 envoyez un e-mail \u00e0 <span style=\"color: #0000ff;\"><strong><span \n                data-original-string='6CgcRk04ypYNqQj88XI9fg==be1aD4qDa+IJew\/aiR5BQhW\/Q=='\n                class='apbct-email-encoder'\n                title='This contact has been encoded by Anti-Spam by CleanTalk. Click to decode. To finish the decoding make sure that JavaScript is enabled in your browser.'>in<span class=\"apbct-blur\">**<\/span>@<span class=\"apbct-blur\">***<\/span>no.it<\/span><\/strong><\/span> vous serez contact\u00e9.<\/p>\n","protected":false},"excerpt":{"rendered":"<p>Pi\u00e8ge robuste, anti-d\u00e9formation, de forme parall\u00e9l\u00e9pip\u00e9dique, \u00e0 d\u00e9veloppement horizontal, dimensions environ 1 x 1 x 2 m\u00e8tres, enti\u00e8rement d\u00e9montable, sp\u00e9cifique pour sangliers et autres ongul\u00e9s de m\u00eame taille. Le pi\u00e8ge a \u00e9t\u00e9 con\u00e7u et construit sur la base de d\u00e9cennies d\u2019exp\u00e9rience d\u2019exploitants, de chercheurs et de techniciens sp\u00e9cialis\u00e9s dans la faune sauvage. La structure rigide particuli\u00e8re permet l&rsquo;installation m\u00eame sur des surfaces irr\u00e9guli\u00e8res et l&rsquo;ing\u00e9nieux syst\u00e8me de tromperie \u00e9vite le risque de blocage dans le m\u00e9canisme de fermeture.<\/p>\n","protected":false},"featured_media":0,"comment_status":"closed","ping_status":"closed","template":"","meta":{"_acf_changed":false},"product_brand":[],"product_cat":[303,211],"product_tag":[],"class_list":{"0":"post-33050","1":"product","2":"type-product","3":"status-publish","5":"product_cat-cages-fr","6":"product_cat-volieres_et_cages","8":"first","9":"instock","10":"taxable","11":"shipping-taxable","12":"product-type-simple"},"acf":[],"_links":{"self":[{"href":"https:\/\/maino.it\/fr\/wp-json\/wp\/v2\/product\/33050","targetHints":{"allow":["GET"]}}],"collection":[{"href":"https:\/\/maino.it\/fr\/wp-json\/wp\/v2\/product"}],"about":[{"href":"https:\/\/maino.it\/fr\/wp-json\/wp\/v2\/types\/product"}],"replies":[{"embeddable":true,"href":"https:\/\/maino.it\/fr\/wp-json\/wp\/v2\/comments?post=33050"}],"wp:attachment":[{"href":"https:\/\/maino.it\/fr\/wp-json\/wp\/v2\/media?parent=33050"}],"wp:term":[{"taxonomy":"product_brand","embeddable":true,"href":"https:\/\/maino.it\/fr\/wp-json\/wp\/v2\/product_brand?post=33050"},{"taxonomy":"product_cat","embeddable":true,"href":"https:\/\/maino.it\/fr\/wp-json\/wp\/v2\/product_cat?post=33050"},{"taxonomy":"product_tag","embeddable":true,"href":"https:\/\/maino.it\/fr\/wp-json\/wp\/v2\/product_tag?post=33050"}],"curies":[{"name":"wp","href":"https:\/\/api.w.org\/{rel}","templated":true}]}}