{"id":32821,"date":"2023-11-02T09:57:54","date_gmt":"2023-11-02T08:57:56","guid":{"rendered":"https:\/\/maino.it\/?post_type=product&#038;p=32821"},"modified":"2024-03-15T15:43:41","modified_gmt":"2024-03-15T14:43:41","slug":"ak-50","status":"publish","type":"product","link":"https:\/\/maino.it\/fr\/prodotto\/ak-50\/","title":{"rendered":"AK 50"},"content":{"rendered":"<ul>\n<li><strong>ATTENTION MACHINE FOURNIE COMPL\u00c8TEMENT D\u00c9MONT\u00c9E &#8211; COMMANDE MINIMUM 3 PI\u00c8CES<\/strong><\/li>\n<li>Incubateur ou \u00e9closoir \/ ou tous les deux, avec distribution dynamique de la chaleur par un ventilateur.<\/li>\n<li>Cabine thermo-isolante en PVC rigide blanc et porte \u00e0 ba\u00efonnette en plexiglas parfaitement transparent.<\/li>\n<li>Retournement des \u0153ufs automatique, avec un tiroir universel r\u00e9glable pour tout type d&rsquo;\u0153uf avec fond en maille pour faciliter la rotation des \u0153ufs la phase d&rsquo;\u00e9closion.<\/li>\n<li>Contr\u00f4leur PID \u00e0 micro-ordinateur pour le contr\u00f4le de Temp\u00e9rature + Lecture Humidit\u00e9 avec alarmes de minimale et maximale \u2013 Si vous voulez l&rsquo;umidit\u00e9 automatique et autre accessoires, <span style=\"text-decoration: underline;\">selectionnez<\/span> simplement les pi\u00e8ces.<\/li>\n<li>Puissance de watt 175 et consommation moyenne de 45 watt\/heure.<\/li>\n<li>Conception et construction selon les normes CEE.<\/li>\n<li>Tension Vca 230+10\/-15% HZ. 50\u00b10.5%.<\/li>\n<li>Garantie de 2 ans pour tout d\u00e9faut de fabrication.<\/li>\n<li>Poids Kg. 11<\/li>\n<li><b><i>\u00a0Capacit\u00e9 totale \u0153ufs:<\/i><\/b>\n<ul>\n<li>56 Poule \u2013 Canard \u2013 Dinde du pays<\/li>\n<li>64 Faisan \u2013 Pintade \u2013 Bantam<\/li>\n<li>150 Caille \u2013 Perdrix Grise<\/li>\n<li>105 Alectoris Rufa \u2013 Perdrix rouge<\/li>\n<li>25 Oie \u2013 Dinde g\u00e9ante \u2013 Paon<\/li>\n<\/ul>\n<\/li>\n<\/ul>\n<ul>\n<li><em>Cette version ne dispose pas d&rsquo;assistance en ligne ou t\u00e9l\u00e9phonique pour le montage et l&rsquo;utilisation, toutes les instructions sont incluses dans le manuel respectif.<\/em><\/li>\n<\/ul>\n<p>Tutoriel vid\u00e9o mise en service:<\/p>\n<p><iframe loading=\"lazy\" title=\"INCUBATRICE  PIOPIO VIDEO TUTORIAL\" width=\"500\" height=\"281\" src=\"https:\/\/www.youtube.com\/embed\/nviB4JV3kr0?feature=oembed\" frameborder=\"0\" allow=\"accelerometer; autoplay; clipboard-write; encrypted-media; gyroscope; picture-in-picture; web-share\" referrerpolicy=\"strict-origin-when-cross-origin\" allowfullscreen><\/iframe><\/p>\n<pre>Sur la deuxi\u00e8me photo le mod\u00e8le AK 50 avec kit humidificateur automatique en option<\/pre>\n","protected":false},"excerpt":{"rendered":"<p><strong>AK 50<\/strong><\/p>\n<ul>\n<li>Structure themo-isolante en PVC expans\u00e9 et porte en plexiglas transparent<\/li>\n<li>Contr\u00f4leur de temp\u00e9rature et lecture humidit\u00e9 avec affichage num\u00e9rique<\/li>\n<li>Capteur combin\u00e9 avec technologie digitale de temp\u00e9rature et d&rsquo;humidit\u00e9<\/li>\n<li>Retournement des \u0153ufs automatique<\/li>\n<li>Tiroir r\u00e9glable pour tout type d&rsquo;\u0153uf<\/li>\n<\/ul>\n<p>Le chargement de l&rsquo;eau est \u00e0 l&rsquo;ext\u00e9rieur, il n&rsquo;est pas n\u00e9cessaire d&rsquo;ouvrir la machine pour le remplissage.<\/p>\n","protected":false},"featured_media":32880,"comment_status":"closed","ping_status":"closed","template":"","meta":{"_acf_changed":false},"product_brand":[],"product_cat":[320,134],"product_tag":[],"class_list":{"0":"post-32821","1":"product","2":"type-product","3":"status-publish","4":"has-post-thumbnail","6":"product_cat-ak-fr","7":"product_cat-incubateurs-et-eclosoirs","9":"first","10":"instock","11":"sale","12":"taxable","13":"shipping-taxable","14":"purchasable","15":"product-type-simple"},"acf":[],"_links":{"self":[{"href":"https:\/\/maino.it\/fr\/wp-json\/wp\/v2\/product\/32821","targetHints":{"allow":["GET"]}}],"collection":[{"href":"https:\/\/maino.it\/fr\/wp-json\/wp\/v2\/product"}],"about":[{"href":"https:\/\/maino.it\/fr\/wp-json\/wp\/v2\/types\/product"}],"replies":[{"embeddable":true,"href":"https:\/\/maino.it\/fr\/wp-json\/wp\/v2\/comments?post=32821"}],"wp:featuredmedia":[{"embeddable":true,"href":"https:\/\/maino.it\/fr\/wp-json\/wp\/v2\/media\/32880"}],"wp:attachment":[{"href":"https:\/\/maino.it\/fr\/wp-json\/wp\/v2\/media?parent=32821"}],"wp:term":[{"taxonomy":"product_brand","embeddable":true,"href":"https:\/\/maino.it\/fr\/wp-json\/wp\/v2\/product_brand?post=32821"},{"taxonomy":"product_cat","embeddable":true,"href":"https:\/\/maino.it\/fr\/wp-json\/wp\/v2\/product_cat?post=32821"},{"taxonomy":"product_tag","embeddable":true,"href":"https:\/\/maino.it\/fr\/wp-json\/wp\/v2\/product_tag?post=32821"}],"curies":[{"name":"wp","href":"https:\/\/api.w.org\/{rel}","templated":true}]}}