{"id":32673,"date":"2023-05-02T16:14:26","date_gmt":"2023-05-02T14:14:27","guid":{"rendered":"https:\/\/maino.it\/?post_type=product&#038;p=32673"},"modified":"2023-06-06T14:47:32","modified_gmt":"2023-06-06T12:47:32","slug":"r002000-x18-tiroir-de-caille-a-poule-minipro","status":"publish","type":"product","link":"https:\/\/maino.it\/fr\/prodotto\/r002000-x18-tiroir-de-caille-a-poule-minipro\/","title":{"rendered":"R002000 X18 Tiroir de caille \u00e0 poule MiniPRO"},"content":{"rendered":"<p>Tiroir d&rsquo;incubation universel pour \u0153ufs allant de la caille \u00e0 la poule pour mod\u00e8les MiniPro X18 98-147-196-245.<\/p>\n<p>Capacit\u00e9 49 \u0153ufs poule.<\/p>\n<p><em>La disponibilit\u00e9 de cet accessoire varie fortement selon la saison, les d\u00e9lais de livraison peuvent \u00eatre imm\u00e9diats ou retard\u00e9s de quelques jours.<\/em><\/p>\n<p><em>L&rsquo;image est purement \u00e0 des fins de d\u00e9monstration, l&rsquo;accessoire envoy\u00e9 peut \u00eatre diff\u00e9rent en taille et en caract\u00e9ristiques de connexion au syst\u00e8me de retournement des \u0153ufs pour s&rsquo;adapter \u00e0 la version s\u00e9lectionn\u00e9e.<\/em><\/p>\n","protected":false},"excerpt":{"rendered":"<p>Tiroir d&rsquo;incubation universel pour \u0153ufs allant de la caille \u00e0 la poule pour mod\u00e8les MiniPro X18 98-147-196-245. Capacit\u00e9 49 \u0153ufs poule. La disponibilit\u00e9 de cet accessoire varie fortement selon la saison, les d\u00e9lais de livraison peuvent \u00eatre imm\u00e9diats ou retard\u00e9s de quelques jours. L&rsquo;image est purement \u00e0 des fins de d\u00e9monstration, l&rsquo;accessoire envoy\u00e9 peut \u00eatre [&hellip;]<\/p>\n","protected":false},"featured_media":32676,"comment_status":"closed","ping_status":"closed","template":"","meta":{"_acf_changed":false},"product_brand":[],"product_cat":[183,186],"product_tag":[],"class_list":{"0":"post-32673","1":"product","2":"type-product","3":"status-publish","4":"has-post-thumbnail","6":"product_cat-pieces-detachees-elevage","7":"product_cat-tiroirs-et-paniers","9":"first","10":"instock","11":"sale","12":"taxable","13":"shipping-taxable","14":"purchasable","15":"product-type-simple"},"acf":[],"_links":{"self":[{"href":"https:\/\/maino.it\/fr\/wp-json\/wp\/v2\/product\/32673","targetHints":{"allow":["GET"]}}],"collection":[{"href":"https:\/\/maino.it\/fr\/wp-json\/wp\/v2\/product"}],"about":[{"href":"https:\/\/maino.it\/fr\/wp-json\/wp\/v2\/types\/product"}],"replies":[{"embeddable":true,"href":"https:\/\/maino.it\/fr\/wp-json\/wp\/v2\/comments?post=32673"}],"wp:featuredmedia":[{"embeddable":true,"href":"https:\/\/maino.it\/fr\/wp-json\/wp\/v2\/media\/32676"}],"wp:attachment":[{"href":"https:\/\/maino.it\/fr\/wp-json\/wp\/v2\/media?parent=32673"}],"wp:term":[{"taxonomy":"product_brand","embeddable":true,"href":"https:\/\/maino.it\/fr\/wp-json\/wp\/v2\/product_brand?post=32673"},{"taxonomy":"product_cat","embeddable":true,"href":"https:\/\/maino.it\/fr\/wp-json\/wp\/v2\/product_cat?post=32673"},{"taxonomy":"product_tag","embeddable":true,"href":"https:\/\/maino.it\/fr\/wp-json\/wp\/v2\/product_tag?post=32673"}],"curies":[{"name":"wp","href":"https:\/\/api.w.org\/{rel}","templated":true}]}}