{"id":32289,"date":"2023-03-08T15:14:41","date_gmt":"2023-03-08T14:14:45","guid":{"rendered":"https:\/\/maino.it\/?post_type=product&#038;p=32289"},"modified":"2023-03-29T17:11:23","modified_gmt":"2023-03-29T15:11:23","slug":"duc-540-dux-540","status":"publish","type":"product","link":"https:\/\/maino.it\/fr\/prodotto\/duc-540-dux-540\/","title":{"rendered":"DUC 540 + DUX 540"},"content":{"rendered":"<h3 style=\"text-align: center;\">KIT INCUBATION ET ECLOSION COMPOSE PAR:<\/h3>\n<p><strong><span style=\"text-decoration: underline;\">INCUBATEUR DUC 540:<\/span><\/strong><\/p>\n<ul>\n<li>R\u00e9partition dynamique de la chaleur au moyen d&rsquo;un ventilateur.<\/li>\n<li>Cabine \u00e0 armoire et porte en mousse PVC rigide thermo-isol\u00e9 blanche classe A, obtenue \u00e0 partir d&rsquo;un panneau plat usin\u00e9 avec des machines CNC.<\/li>\n<li>Panneau de commande avant et profilage de la structure en m\u00e9tal plastifi\u00e9 \u00e0 haute r\u00e9sistance \u00e0 la corrosion\n<ul>\n<li>(la couleur du panneau et du profilage change selon la disponibilit\u00e9 des stocks entre rouge, jaune, vert et blanc &#8211;<em> la couleur ne peut pas \u00eatre s\u00e9lectionn\u00e9e<\/em>).<\/li>\n<\/ul>\n<\/li>\n<li>Grande fen\u00eatre d&rsquo;inspection en plexiglas transparent r\u00e9alis\u00e9e dans la porte.<\/li>\n<li>Syst\u00e8me basculante automatis\u00e9 avec servomoteur pour retournement des oeufs automatique.<\/li>\n<li>No.6 tiroirs incubation \u0153ufs en m\u00e9tal, standard pour tous les \u0153ufs allant de la caille \u00e0 la poule.\n<ul>\n<li><em>Vous pouvez configurer le type de tiroirs en les s\u00e9lectionnant (les standards sont de la caille \u00e0 la poule), la s\u00e9lection les remplace par<br \/>\nceux pour oie-paon-dinde g\u00e9ante dans la quantit\u00e9 de votre choix<\/em><em>;<\/em><\/p>\n<ul>\n<li>Des tiroirs suppl\u00e9mentaires peuvent \u00eatre achet\u00e9s comme accessoires extra.<\/li>\n<\/ul>\n<\/li>\n<\/ul>\n<\/li>\n<\/ul>\n<ul>\n<li>Contr\u00f4leur \u00e0 micro-ordinateur PID (version DU) + capteur \u00e0 technologie num\u00e9rique avec filtre de protection unifi\u00e9 pour temp\u00e9rature\/humidit\u00e9 + gestion de la temp\u00e9rature et de l&rsquo;humidit\u00e9 + affichage num\u00e9rique + alarmes de minimale et maximale.<\/li>\n<li>R\u00e9servoir d&rsquo;humidification int\u00e9gr\u00e9 con\u00e7u pour un raccordement direct au r\u00e9seau d&rsquo;eau.<\/li>\n<li>Module humidificateur automatique int\u00e9gr\u00e9.<\/li>\n<li>Remplissage du r\u00e9servoir d&rsquo;humidification avec maintien automatique du niveau d&rsquo;eau avec flotteur.<\/li>\n<li>Protection int\u00e9grale des parties \u00e9lectriques et m\u00e9caniques.<\/li>\n<li>Puissance de watt 646 et consommation moyenne de 162 watt\/heure.<\/li>\n<li>Conception et construction selon les normes CEE.<\/li>\n<li>Tension Vca 230+10\/-15% HZ. 50\u00b10.5%.<\/li>\n<li><strong>Garantie de 2 ans pour tout d\u00e9faut de fabrication.<\/strong><\/li>\n<li>Exp\u00e9di\u00e9 assembl\u00e9 et pr\u00eat \u00e0 l&#8217;emploi &#8211; Poids 54 Kg.<\/li>\n<li>Notice d&rsquo;utilisation et d&rsquo;entretien avec des images pour simplifier l&rsquo;apprentissage et avec un tableau de temp\u00e9rature et d&rsquo;humidit\u00e9 selon le type d&rsquo;oeuf.<\/li>\n<li><strong><em>\u00a0Capacit\u00e9 totale \u0153ufs:<\/em><\/strong>\n<ul>\n<li>Poule \u2013 Canard \u2013 Dinde du pays: 540<\/li>\n<li>Faisan \u2013 Bantam: 702<\/li>\n<li>Pintade: 648<\/li>\n<li>Alectoris Rufa \u2013 Perdrix rouge: 732<\/li>\n<li>Caille: 864 \/ 2376*<\/li>\n<li>Oie \u2013 Dinde g\u00e9ante \u2013 Paon: 294 (tiroir en option non inclus)<\/li>\n<\/ul>\n<\/li>\n<\/ul>\n<blockquote><p><em>*\u00a0Capacit\u00e9 minimale et maximale pour les \u0153ufs de caille, selon la m\u00e9thode d&rsquo;insertion des \u0153ufs.<\/em><\/p>\n<p>&nbsp;<\/p><\/blockquote>\n<p><strong><span style=\"text-decoration: underline;\">ECLOSOIR DUX 540:<\/span><\/strong><\/p>\n<ul>\n<li>R\u00e9partition dynamique de la chaleur au moyen d&rsquo;un ventilateur.<\/li>\n<li>Cabine \u00e0 armoire et porte en mousse PVC rigide thermo-isol\u00e9 blanche classe A, obtenue \u00e0 partir d&rsquo;un panneau plat usin\u00e9 avec des machines CNC.<\/li>\n<li>Panneau de commande avant et profilage de la structure en m\u00e9tal plastifi\u00e9 \u00e0 haute r\u00e9sistance \u00e0 la corrosion\n<ul>\n<li>(la couleur du panneau et du profilage change selon la disponibilit\u00e9 des stocks entre rouge, jaune, vert et blanc &#8211;<em> la couleur ne peut pas \u00eatre s\u00e9lectionn\u00e9e<\/em>).<\/li>\n<\/ul>\n<\/li>\n<li>Grande fen\u00eatre d&rsquo;inspection en plexiglas transparent r\u00e9alis\u00e9e dans la porte.<\/li>\n<li>N. 6 paniers d&rsquo;\u00e9closion enti\u00e8rement amovibles en maillage m\u00e9tallique.<\/li>\n<li>Contr\u00f4leur \u00e0 micro-ordinateur PID (version DU) + capteur \u00e0 technologie num\u00e9rique avec filtre de protection unifi\u00e9 pour temp\u00e9rature\/humidit\u00e9 + gestion de la temp\u00e9rature et de l&rsquo;humidit\u00e9 + affichage num\u00e9rique + alarmes de minimale et maximale.<\/li>\n<li>R\u00e9servoir d&rsquo;humidification int\u00e9gr\u00e9 con\u00e7u pour un raccordement direct au r\u00e9seau d&rsquo;eau.<\/li>\n<li>Module humidificateur automatique int\u00e9gr\u00e9.<\/li>\n<li>Remplissage du r\u00e9servoir d&rsquo;humidification avec maintien automatique du niveau d&rsquo;eau avec flotteur.<\/li>\n<li>Protection int\u00e9grale des parties \u00e9lectriques et m\u00e9caniques.<\/li>\n<li>Puissance de watt 646 et consommation moyenne de 162 watt\/heure.<\/li>\n<li>Conception et construction selon les normes CEE.<\/li>\n<li>Tension Vca 230+10\/-15% HZ. 50\u00b10.5%.<\/li>\n<li><strong>Garantie de 2 ans pour tout d\u00e9faut de fabrication.<\/strong><\/li>\n<li>Exp\u00e9di\u00e9 assembl\u00e9 et pr\u00eat \u00e0 l&#8217;emploi &#8211; Poids 54 Kg.<\/li>\n<li>Notice d&rsquo;utilisation et d&rsquo;entretien avec des images pour simplifier l&rsquo;apprentissage et avec un tableau de temp\u00e9rature et d&rsquo;humidit\u00e9 selon le type d&rsquo;oeuf.<\/li>\n<li><strong><em>\u00a0Capacit\u00e9 totale \u0153ufs:<\/em><\/strong>\n<ul>\n<li>Poule \u2013 Canard \u2013 Dinde du pays: 540<\/li>\n<li>Faisan \u2013 Bantam: 702<\/li>\n<li>Pintade: 648<\/li>\n<li>Alectoris Rufa \u2013 Perdrix rouge: 732<\/li>\n<li>Caille: 864<\/li>\n<li>Oie \u2013 Dinde g\u00e9ante \u2013 Paon: 294<\/li>\n<\/ul>\n<\/li>\n<\/ul>\n","protected":false},"excerpt":{"rendered":"<p style=\"text-align: center;\"><strong>Kit incubation et \u00e9closion compos\u00e9 par:<\/strong><\/p>\n<p><span style=\"text-decoration: underline;\">Incubateur DUC 540 version DU<\/span>, structure et porte en mousse PVC rigide thermo-isol\u00e9 et fen\u00eatre en plexiglas transparent, contr\u00f4leur de temp\u00e9rature et humidit\u00e9 + affichage num\u00e9rique, humidificateur automatique, retournement des \u0153ufs automatique, no.6 tiroirs basculants pour \u0153ufs de caille \u00e0 poule.<\/p>\n<p><span style=\"text-decoration: underline;\">Eclosoir DUX 540 version DU<\/span>, structure et porte en mousse PVC rigide thermo-isol\u00e9 et fen\u00eatre en plexiglas transparent, contr\u00f4leur de temp\u00e9rature et humidit\u00e9 + affichage num\u00e9rique, humidificateur automatique, no.6 paniers \u00e9closion.<\/p>\n<p><strong>Si vous souhaitez des modifications, des accessoires suppl\u00e9mentaires ou plus de performances, vous devez s\u00e9lectionner les champs suivants :<\/strong><\/p>\n","protected":false},"featured_media":32377,"comment_status":"closed","ping_status":"closed","template":"","meta":{"_acf_changed":false},"product_brand":[],"product_cat":[134,313],"product_tag":[],"class_list":{"0":"post-32289","1":"product","2":"type-product","3":"status-publish","4":"has-post-thumbnail","6":"product_cat-incubateurs-et-eclosoirs","7":"product_cat-kit-incubation-et-eclosion","9":"first","10":"instock","11":"sale","12":"taxable","13":"shipping-taxable","14":"purchasable","15":"product-type-simple"},"acf":[],"_links":{"self":[{"href":"https:\/\/maino.it\/fr\/wp-json\/wp\/v2\/product\/32289","targetHints":{"allow":["GET"]}}],"collection":[{"href":"https:\/\/maino.it\/fr\/wp-json\/wp\/v2\/product"}],"about":[{"href":"https:\/\/maino.it\/fr\/wp-json\/wp\/v2\/types\/product"}],"replies":[{"embeddable":true,"href":"https:\/\/maino.it\/fr\/wp-json\/wp\/v2\/comments?post=32289"}],"wp:featuredmedia":[{"embeddable":true,"href":"https:\/\/maino.it\/fr\/wp-json\/wp\/v2\/media\/32377"}],"wp:attachment":[{"href":"https:\/\/maino.it\/fr\/wp-json\/wp\/v2\/media?parent=32289"}],"wp:term":[{"taxonomy":"product_brand","embeddable":true,"href":"https:\/\/maino.it\/fr\/wp-json\/wp\/v2\/product_brand?post=32289"},{"taxonomy":"product_cat","embeddable":true,"href":"https:\/\/maino.it\/fr\/wp-json\/wp\/v2\/product_cat?post=32289"},{"taxonomy":"product_tag","embeddable":true,"href":"https:\/\/maino.it\/fr\/wp-json\/wp\/v2\/product_tag?post=32289"}],"curies":[{"name":"wp","href":"https:\/\/api.w.org\/{rel}","templated":true}]}}