{"id":31661,"date":"2022-11-15T16:50:35","date_gmt":"2022-11-15T15:50:36","guid":{"rendered":"https:\/\/maino.it\/?post_type=product&#038;p=31661"},"modified":"2022-11-16T10:14:36","modified_gmt":"2022-11-16T09:14:36","slug":"structures-modulaires-de-rehabilitation","status":"publish","type":"product","link":"https:\/\/maino.it\/fr\/prodotto\/structures-modulaires-de-rehabilitation\/","title":{"rendered":"STRUCTURES MODULAIRES DE R\u00c9HABILITATION"},"content":{"rendered":"<h1 style=\"text-align: center;\">Structures Modulaires de R\u00e9habilitation:<\/h1>\n<p>Structures d&rsquo;abris modulaires sp\u00e9cifiques pour l&rsquo;h\u00e9bergement de la faune.<\/p>\n<p>Structure autoportante r\u00e9alis\u00e9e avec de robustes panneaux m\u00e9talliques aveugles et des panneaux en treillis galvanis\u00e9 \u00e9lectrosoud\u00e9, disponibles en diff\u00e9rentes couleurs (rev\u00eatement en poudre de polyester thermodurcissable non toxique).<\/p>\n<p>La flexibilit\u00e9 de conception des modules de panneaux permet une vaste gamme de cr\u00e9ations, y compris, si n\u00e9cessaire, \u00e9galement des subdivisions internes pour cr\u00e9er, \u00e0 partir du seul espace disponible, des bo\u00eetes individuelles s\u00e9par\u00e9es mt. 2\u00d72 avec corridor de service adjacent.<\/p>\n<p>La toiture compos\u00e9e de deux \u00e9l\u00e9ments (une partie en panneaux isolants et une partie en treillis m\u00e9tallique) garantit un apport suffisant de lumi\u00e8re et un contact direct avec l&rsquo;environnement ext\u00e9rieur.<\/p>\n<p><strong>Sur demande, des accessoires internes sont disponibles tels que; <\/strong><\/p>\n<ul>\n<li>Mangeoires<\/li>\n<li>Abreuvoirs<\/li>\n<li>Perchoirs de support<\/li>\n<li>Nids<\/li>\n<li>Radiants infrarouges \u00e9lectriques ou \u00e0 gaz<\/li>\n<li>Fen\u00eatres avec mouvement automatis\u00e9<\/li>\n<li>Panneaux de fermeture des caillebotis en Plexiglas transparent ou en micromaille anti-contact avec les oiseaux migrateurs (prophylaxie des infections, etc.).<\/li>\n<\/ul>\n<h2 style=\"text-align: center;\"><span style=\"color: #0000ff;\"><strong><a style=\"color: #0000ff;\" href=\"https:\/\/maino.it\/fr\/nous-contacter\/\">Cliquez pour plus d\u2019informations<\/a><\/strong><\/span><\/h2>\n","protected":false},"excerpt":{"rendered":"<p>Structures modulaires pour la r\u00e9habilitation de la faune<\/p>\n","protected":false},"featured_media":31664,"comment_status":"closed","ping_status":"closed","template":"","meta":{"_acf_changed":false},"product_brand":[],"product_cat":[299,211],"product_tag":[],"class_list":{"0":"post-31661","1":"product","2":"type-product","3":"status-publish","4":"has-post-thumbnail","6":"product_cat-parcs-et-volieres","7":"product_cat-volieres_et_cages","9":"first","10":"instock","11":"taxable","12":"shipping-taxable","13":"product-type-simple"},"acf":[],"_links":{"self":[{"href":"https:\/\/maino.it\/fr\/wp-json\/wp\/v2\/product\/31661","targetHints":{"allow":["GET"]}}],"collection":[{"href":"https:\/\/maino.it\/fr\/wp-json\/wp\/v2\/product"}],"about":[{"href":"https:\/\/maino.it\/fr\/wp-json\/wp\/v2\/types\/product"}],"replies":[{"embeddable":true,"href":"https:\/\/maino.it\/fr\/wp-json\/wp\/v2\/comments?post=31661"}],"wp:featuredmedia":[{"embeddable":true,"href":"https:\/\/maino.it\/fr\/wp-json\/wp\/v2\/media\/31664"}],"wp:attachment":[{"href":"https:\/\/maino.it\/fr\/wp-json\/wp\/v2\/media?parent=31661"}],"wp:term":[{"taxonomy":"product_brand","embeddable":true,"href":"https:\/\/maino.it\/fr\/wp-json\/wp\/v2\/product_brand?post=31661"},{"taxonomy":"product_cat","embeddable":true,"href":"https:\/\/maino.it\/fr\/wp-json\/wp\/v2\/product_cat?post=31661"},{"taxonomy":"product_tag","embeddable":true,"href":"https:\/\/maino.it\/fr\/wp-json\/wp\/v2\/product_tag?post=31661"}],"curies":[{"name":"wp","href":"https:\/\/api.w.org\/{rel}","templated":true}]}}