{"id":31643,"date":"2022-11-03T17:27:39","date_gmt":"2022-11-03T16:27:39","guid":{"rendered":"https:\/\/maino.it\/prodotto\/gabbia-trap-box-francese-per-corvidi\/"},"modified":"2022-11-10T15:47:46","modified_gmt":"2022-11-10T14:47:46","slug":"cage-trap-box-francaise-pour-corvides","status":"publish","type":"product","link":"https:\/\/maino.it\/fr\/prodotto\/cage-trap-box-francaise-pour-corvides\/","title":{"rendered":"CAGE TRAP.BOX FRAN\u00c7AISE &#8211; POUR CORVID\u00c9S"},"content":{"rendered":"<h2 style=\"text-align: center;\"><span style=\"color: #008000;\">CAGE TRAP.BOX FRAN\u00c7AISE POUR CORVID\u00c9S<\/span><\/h2>\n<p>Cage sp\u00e9cifique pour la capture des Corvid\u00e9s et Columbid\u00e9s avec toit en pente vers l&rsquo;int\u00e9rieur et entr\u00e9e en cr\u00e9maill\u00e8re avec d\u00e9ception (entr\u00e9e facile et sortie presque impossible).<\/p>\n<p><strong>Description:<\/strong><\/p>\n<p>Structure modulaire enti\u00e8rement \u00e9lectrozingu\u00e9e, compos\u00e9e de 12 panneaux de treillis m\u00e9tallique 30*100, profil\u00e9s un par un en charpente m\u00e9tallique robuste. Montage facile (environ 15 minutes), une fois termin\u00e9 la structure est autoportante, difficile \u00e0 soulever et bien fix\u00e9e au sol.<\/p>\n<p><strong>Caract\u00e9ristiques Box:<\/strong><\/p>\n<ul>\n<li>no.12 Panneaux grillag\u00e9s en m\u00e9tal cm. 100 x 200 hauteur avec pas de maille mm. 30*100, enti\u00e8rement profil\u00e9s en m\u00e9tal enti\u00e8rement usin\u00e9 CNC, tous avec traitement \u00e9lectro-zingu\u00e9 antirouille.<\/li>\n<li>Dimensions en m\u00e8tres de la bo\u00eete enti\u00e8rement assembl\u00e9e; base 2 x 2 et hauteur 2..<\/li>\n<li>Porte coulissante dimensions cm. 50 x 100 hauteur pour l&rsquo;acc\u00e8s du personnel impliqu\u00e9 dans la r\u00e9cup\u00e9ration des animaux captur\u00e9s.<\/li>\n<li>\u00c9quip\u00e9 d&rsquo;une mangeoire et d&rsquo;un abreuvoir pour permettre une subsistance primaire des animaux captur\u00e9s jusqu&rsquo;\u00e0 leur r\u00e9cup\u00e9ration par le personnel autoris\u00e9.<\/li>\n<li>Livr\u00e9 compl\u00e8tement d\u00e9mont\u00e9 dans un KIT de montage pratique.<\/li>\n<\/ul>\n<p><strong>Selon la Loi:<\/strong><\/p>\n<p>Cage compl\u00e8te avec plaque d&rsquo;identification en aluminium avec nom, donn\u00e9es de l&rsquo;Entit\u00e9 propri\u00e9taire et num\u00e9ro de s\u00e9rie National progressif.<\/p>\n<p><strong>Pour informations<\/strong>, demandes et devis, remplissez le formuilaire: <a href=\"https:\/\/maino.it\/fr\/nous-contacter\/\"><span style=\"color: #0000ff;\"><strong>CONTACTS<\/strong><\/span><\/a> o\u00f9 envoyez un e-mail \u00e0 <span style=\"color: #0000ff;\"><strong><span \n                data-original-string='nBaKixwvGovl+KgVyRfguw==be1wbvTguw6Gl8inbSdEmI8yw=='\n                class='apbct-email-encoder'\n                title='This contact has been encoded by Anti-Spam by CleanTalk. Click to decode. To finish the decoding make sure that JavaScript is enabled in your browser.'>in<span class=\"apbct-blur\">**<\/span>@<span class=\"apbct-blur\">***<\/span>no.it<\/span><\/strong><\/span> vous serez contact\u00e9.<\/p>\n<p><strong>ATTENTION:<\/strong> La production est active \u00e0 l&rsquo;usage exclusif des Entreprises, Op\u00e9rateurs, Organismes, A.T.C. et Organisations Sp\u00e9cifiques. L&rsquo;utilisation et la possession de toute cage pi\u00e8ge sont soumises \u00e0 la r\u00e9glementation et aux lois strictes en vigueur concernant la protection de la faune et la maltraitance des animaux sauvages. La production et la vente de cages pi\u00e8ges sont soumises aux caract\u00e9ristiques d&rsquo;un produit qui doit assurer un bien-\u00eatre ad\u00e9quat \u00e0 l&rsquo;animal r\u00e9cup\u00e9r\u00e9, l&rsquo;utilisation n&rsquo;est autoris\u00e9e qu&rsquo;\u00e0 des op\u00e9rateurs sp\u00e9cifiques autoris\u00e9s par les organismes administratifs comp\u00e9tents.<\/p>\n","protected":false},"excerpt":{"rendered":"<p>Cage sp\u00e9cifique pour la capture des Corvid\u00e9s et des Columbid\u00e9s avec toit inclin\u00e9 vers l&rsquo;int\u00e9rieur et entr\u00e9e en cr\u00e9maill\u00e8re avec d\u00e9ception (entr\u00e9e facile et sortie presque impossible), dimensions de la bo\u00eete assembl\u00e9e 2 x 2 x 2 m\u00e8tres, compl\u00e8te avec mangeoire et abreuvoir, en pleine conformit\u00e9 avec les r\u00e9glementations du bien-\u00eatre des animaux.<\/p>\n","protected":false},"featured_media":31637,"comment_status":"closed","ping_status":"closed","template":"","meta":{"_acf_changed":false},"product_brand":[],"product_cat":[303,211],"product_tag":[],"class_list":{"0":"post-31643","1":"product","2":"type-product","3":"status-publish","4":"has-post-thumbnail","6":"product_cat-cages-fr","7":"product_cat-volieres_et_cages","9":"first","10":"instock","11":"taxable","12":"shipping-taxable","13":"product-type-simple"},"acf":[],"_links":{"self":[{"href":"https:\/\/maino.it\/fr\/wp-json\/wp\/v2\/product\/31643","targetHints":{"allow":["GET"]}}],"collection":[{"href":"https:\/\/maino.it\/fr\/wp-json\/wp\/v2\/product"}],"about":[{"href":"https:\/\/maino.it\/fr\/wp-json\/wp\/v2\/types\/product"}],"replies":[{"embeddable":true,"href":"https:\/\/maino.it\/fr\/wp-json\/wp\/v2\/comments?post=31643"}],"wp:featuredmedia":[{"embeddable":true,"href":"https:\/\/maino.it\/fr\/wp-json\/wp\/v2\/media\/31637"}],"wp:attachment":[{"href":"https:\/\/maino.it\/fr\/wp-json\/wp\/v2\/media?parent=31643"}],"wp:term":[{"taxonomy":"product_brand","embeddable":true,"href":"https:\/\/maino.it\/fr\/wp-json\/wp\/v2\/product_brand?post=31643"},{"taxonomy":"product_cat","embeddable":true,"href":"https:\/\/maino.it\/fr\/wp-json\/wp\/v2\/product_cat?post=31643"},{"taxonomy":"product_tag","embeddable":true,"href":"https:\/\/maino.it\/fr\/wp-json\/wp\/v2\/product_tag?post=31643"}],"curies":[{"name":"wp","href":"https:\/\/api.w.org\/{rel}","templated":true}]}}