{"id":31621,"date":"2022-11-02T17:22:39","date_gmt":"2022-11-02T16:22:39","guid":{"rendered":"https:\/\/maino.it\/prodotto\/spiumetta\/"},"modified":"2022-11-16T09:40:31","modified_gmt":"2022-11-16T08:40:31","slug":"spiumetta","status":"publish","type":"product","link":"https:\/\/maino.it\/fr\/prodotto\/spiumetta\/","title":{"rendered":"SPIUMETTA"},"content":{"rendered":"<h1 style=\"text-align: center;\"><strong><span style=\"text-decoration: underline;\"><span style=\"color: #ff0000; text-decoration: underline;\">NOUVEAUT\u00c9<\/span><\/span><\/strong><\/h1>\n<h1 style=\"text-align: center;\">SPIUMETTA<\/h1>\n<p>Petite plumeuse \u00e0 rouleau MAINO INDUSTRIES adapt\u00e9e aux poulets, pintades, dindes, oies, canards, faisans, petits gibiers, pigeons, cailles, tourterelles, grives, etc. etc.<\/p>\n<p>SPIUMETTA est compos\u00e9e d&rsquo;une structure rigide en m\u00e9tal \u00e9lectrozingu\u00e9 usin\u00e9 CNC avec des jambes en alliage d&rsquo;aluminium, il supporte le rouleau et le carter de protection bloque \u00e9galement l&rsquo;outil \u00e9lectrique. Le rouleau plumeur est dot\u00e9 de 15 doigts souples en caoutchouc adapt\u00e9s au gibier palmip\u00e8des volaille et au petit gibier. Elle est exp\u00e9di\u00e9e d\u00e9mont\u00e9e pour minimiser les emballages et se monte en moins de cinq minutes (manuel illustr\u00e9).<\/p>\n<p><strong>Avant de plumer:<\/strong><br \/>\nVisser l&rsquo;axe de l&rsquo;outil \u00e9lectrique sur la goupille et positionner le carter de verrouillage et de protection (aucun autre outil n&rsquo;est n\u00e9cessaire). Immerger les animaux dans une cuve de trempage avec une eau \u00e0 temp\u00e9rature comprise entre 55 et 70\u00b0C (de pr\u00e9f\u00e9rence \u00e0 temp\u00e9rature contr\u00f4l\u00e9e). Le trempage provoque l&rsquo;\u00e9largissement des pores o\u00f9 les plumes sont coll\u00e9es, de sorte que leur lib\u00e9ration est facilit\u00e9e (si l&rsquo;animal vient d&rsquo;\u00eatre chass\u00e9, le trempage peut ne pas \u00eatre n\u00e9cessaire).<\/p>\n<p><strong>Phase de plumaison:<\/strong><br \/>\nMettez le rouleau en action \u00e0 l&rsquo;aide de la force motrice de la perceuse \u00e9lectrique ou de la visseuse m\u00eame \u00e0 batterie (vitesse conseill\u00e9e 350\/400 tr\/min) approchez l&rsquo;animal et d\u00e9placez-le en continu pour enlever toutes les plumes (suivre les op\u00e9rations de la notice illustr\u00e9e).<\/p>\n<p><strong>Caract\u00e9ristiques techniques:<\/strong><\/p>\n<ul>\n<li>SPIUMETTA est enti\u00e8rement con\u00e7ue et construite en Italie;<\/li>\n<li>La capacit\u00e9 horaire de plumaison est de 30\/50 t\u00eates;<\/li>\n<li>Le rouleau PEHD\/PVC a un diam\u00e8tre de 80 mm et est \u00e9quip\u00e9 de 15 doigts en caoutchouc alimentaire souple (le m\u00eame compos\u00e9 utilis\u00e9 dans les plumeuses industrielles);<\/li>\n<li>La structure\/carter de protection facilite la descente et le ramassage des plumes, le carter de protection est \u00e9galement un syst\u00e8me de verrouillage pour l&rsquo;outil \u00e9lectrique;<\/li>\n<li>La force motrice qui fait tourner le rouleau est fournie par l&rsquo;outil \u00e9lectrique du client;<\/li>\n<li>L&rsquo;ensemble se d\u00e9monte et se range facilement;<\/li>\n<li>Poids net Kg. 6;<\/li>\n<li>Dimensions mont\u00e9e cm. 36 x 29 x 85 (hauteur).<\/li>\n<\/ul>\n<h1 style=\"text-align: center;\"><strong><span style=\"text-decoration: underline;\"><span style=\"color: #ff0000; text-decoration: underline;\">NOUVEAUT\u00c9<\/span><\/span><\/strong><\/h1>\n","protected":false},"excerpt":{"rendered":"<p>SPIUMETTA,\u00a0 Petite plumeuse \u00e0 rouleau MAINO INDUSTRIES adapt\u00e9e aux poulets, pintades, dindes, oies, canards, faisans, petits gibiers, pigeons, cailles, tourterelles, grives, etc. etc., elle fonctionne avec n&rsquo;importe quel outil \u00e9lectrique, m\u00eame \u00e0 batterie<\/p>\n","protected":false},"featured_media":31595,"comment_status":"closed","ping_status":"closed","template":"","meta":{"_acf_changed":false},"product_brand":[],"product_cat":[219,224],"product_tag":[],"class_list":{"0":"post-31621","1":"product","2":"type-product","3":"status-publish","4":"has-post-thumbnail","6":"product_cat-abattage","7":"product_cat-plumeuses","9":"first","10":"instock","11":"taxable","12":"shipping-taxable","13":"purchasable","14":"product-type-simple"},"acf":[],"_links":{"self":[{"href":"https:\/\/maino.it\/fr\/wp-json\/wp\/v2\/product\/31621","targetHints":{"allow":["GET"]}}],"collection":[{"href":"https:\/\/maino.it\/fr\/wp-json\/wp\/v2\/product"}],"about":[{"href":"https:\/\/maino.it\/fr\/wp-json\/wp\/v2\/types\/product"}],"replies":[{"embeddable":true,"href":"https:\/\/maino.it\/fr\/wp-json\/wp\/v2\/comments?post=31621"}],"wp:featuredmedia":[{"embeddable":true,"href":"https:\/\/maino.it\/fr\/wp-json\/wp\/v2\/media\/31595"}],"wp:attachment":[{"href":"https:\/\/maino.it\/fr\/wp-json\/wp\/v2\/media?parent=31621"}],"wp:term":[{"taxonomy":"product_brand","embeddable":true,"href":"https:\/\/maino.it\/fr\/wp-json\/wp\/v2\/product_brand?post=31621"},{"taxonomy":"product_cat","embeddable":true,"href":"https:\/\/maino.it\/fr\/wp-json\/wp\/v2\/product_cat?post=31621"},{"taxonomy":"product_tag","embeddable":true,"href":"https:\/\/maino.it\/fr\/wp-json\/wp\/v2\/product_tag?post=31621"}],"curies":[{"name":"wp","href":"https:\/\/api.w.org\/{rel}","templated":true}]}}