{"id":31576,"date":"2022-10-21T13:09:57","date_gmt":"2022-10-21T11:09:57","guid":{"rendered":"https:\/\/maino.it\/prodotto\/strutture-componibili\/"},"modified":"2022-11-16T10:16:40","modified_gmt":"2022-11-16T09:16:40","slug":"structures-modulaires","status":"publish","type":"product","link":"https:\/\/maino.it\/fr\/prodotto\/structures-modulaires\/","title":{"rendered":"STRUCTURES MODULAIRES POUR LA REINTRODUCTION DE LA FAUNE"},"content":{"rendered":"<h1 style=\"text-align: center;\">Structures Modulaires pour la R\u00e9introduction de la Faune:<\/h1>\n<p>Structures en grillage avec panneaux modulaires pour l&rsquo;acclimatation ou l&rsquo;ensemencement des Phasianides Galliformes et d&rsquo;autres esp\u00e8ces animales, compos\u00e9es de parois en treillis m\u00e9tallique renforc\u00e9 dans un cadre en acier trait\u00e9 avec un zingage \u00e9lectro-galvanique et modulaire selon les besoins, au moyen d&rsquo;un joint mobile avec tige cylindrique agissant \u00e9galement de piquet de fixation au sol (\u00e9l\u00e9ment \u00e0 enfoncer dans le sol).<\/p>\n<p><strong>Panneaux disponibles en trois hauteurs:<\/strong><\/p>\n<ul>\n<li><strong>TEK 30.1<\/strong> avec panneaux de mt.1&#215;1<\/li>\n<li><strong>TEK 30.2<\/strong> avec panneaux de mt.1 x 1,5h<\/li>\n<li><strong>TEK 30.3<\/strong> avec panneaux de mt.1 x 2h<\/li>\n<\/ul>\n<p><strong>Texture maill\u00e9e disponible en deux variantes:<\/strong><\/p>\n<ul>\n<li><strong>F1<\/strong> cm. 3 x 10h<\/li>\n<li><strong>F2<\/strong> cm. 2,8 x 2,8 la plus recommand\u00e9e contre les nuisibles (pr\u00e9dateurs, rats, fouines, etc.).<\/li>\n<\/ul>\n<p><strong>Capacit\u00e9:<\/strong><\/p>\n<p>Les structures compos\u00e9es de 8 panneaux dispos\u00e9s en carr\u00e9, avec vo\u00fbtes et filet de toiture, permettent le confinement et la gestion jusqu&rsquo;\u00e0 30 Faisans ou 50 Perdrix grises, dans le respect total de la r\u00e9glementation en mati\u00e8re de bien-\u00eatre animal.<\/p>\n<p><strong>Accessoires et Options:<\/strong><\/p>\n<ul>\n<li>Panneaux de toiture de fabrication identique aux murs.<\/li>\n<li>Panneaux de toiture en mati\u00e8re plastique hydrofuge.<br \/>\nPanneaux de toiture en t\u00f4les.<\/li>\n<li>Plates-formes anti-intrusion\/anti-rayures \u00e0 maille dense pouvant \u00eatre repli\u00e9es sur le p\u00e9rim\u00e8tre ext\u00e9rieur.<\/li>\n<li>Structure avec arcs \u00e0 croisi\u00e8re flexibles.<\/li>\n<li>Housse de confinement pour une protection int\u00e9grale en maille polym\u00e8re souple.<\/li>\n<li>Tige de renfort centrale pour un meilleur soutien du toit.<\/li>\n<li>Panneau avec porte coulissante pour faciliter le service, la sortie et\/ou le retour spontan\u00e9.<\/li>\n<li>Mangeoire \u00e0 silo de 20 kg. avec habillage pluie.<\/li>\n<li>Abreuvoir \u00e0 siphon anti-d\u00e9chet avec r\u00e9servoir de r\u00e9serve de 30 litres.<\/li>\n<li>Bande de p\u00e9rim\u00e8tre en maille polym\u00e8re de 0,75 m \u00e0 \u00e9taler sur les murs comme \u00e9cran\/brise-vent.<\/li>\n<li>Peinture verte ou marron.<\/li>\n<\/ul>\n<h2 style=\"text-align: center;\"><span style=\"color: #0000ff;\"><strong><a style=\"color: #0000ff;\" href=\"https:\/\/maino.it\/fr\/nous-contacter\/\">Cliquez pour plus d&rsquo;informations<\/a><\/strong><\/span><\/h2>\n","protected":false},"excerpt":{"rendered":"<p>Structures grillag\u00e9es modulaires pour la gestion, l&rsquo;acclimatation et\/ou l&rsquo;ensemencement des Phasianid\u00e9s Galliformes et d&rsquo;autres esp\u00e8ces animales.<\/p>\n","protected":false},"featured_media":31496,"comment_status":"closed","ping_status":"closed","template":"","meta":{"_acf_changed":false},"product_brand":[],"product_cat":[299,211],"product_tag":[],"class_list":{"0":"post-31576","1":"product","2":"type-product","3":"status-publish","4":"has-post-thumbnail","6":"product_cat-parcs-et-volieres","7":"product_cat-volieres_et_cages","9":"first","10":"instock","11":"taxable","12":"shipping-taxable","13":"product-type-simple"},"acf":[],"_links":{"self":[{"href":"https:\/\/maino.it\/fr\/wp-json\/wp\/v2\/product\/31576","targetHints":{"allow":["GET"]}}],"collection":[{"href":"https:\/\/maino.it\/fr\/wp-json\/wp\/v2\/product"}],"about":[{"href":"https:\/\/maino.it\/fr\/wp-json\/wp\/v2\/types\/product"}],"replies":[{"embeddable":true,"href":"https:\/\/maino.it\/fr\/wp-json\/wp\/v2\/comments?post=31576"}],"wp:featuredmedia":[{"embeddable":true,"href":"https:\/\/maino.it\/fr\/wp-json\/wp\/v2\/media\/31496"}],"wp:attachment":[{"href":"https:\/\/maino.it\/fr\/wp-json\/wp\/v2\/media?parent=31576"}],"wp:term":[{"taxonomy":"product_brand","embeddable":true,"href":"https:\/\/maino.it\/fr\/wp-json\/wp\/v2\/product_brand?post=31576"},{"taxonomy":"product_cat","embeddable":true,"href":"https:\/\/maino.it\/fr\/wp-json\/wp\/v2\/product_cat?post=31576"},{"taxonomy":"product_tag","embeddable":true,"href":"https:\/\/maino.it\/fr\/wp-json\/wp\/v2\/product_tag?post=31576"}],"curies":[{"name":"wp","href":"https:\/\/api.w.org\/{rel}","templated":true}]}}