{"id":31030,"date":"2022-04-28T15:58:07","date_gmt":"2022-04-28T13:58:11","guid":{"rendered":"https:\/\/maino.it\/?post_type=product&#038;p=31030"},"modified":"2022-04-28T16:06:41","modified_gmt":"2022-04-28T14:06:41","slug":"r003005-panier-eclosion-00","status":"publish","type":"product","link":"https:\/\/maino.it\/fr\/prodotto\/r003005-panier-eclosion-00\/","title":{"rendered":"R003005 Panier \u00e9closion 00"},"content":{"rendered":"<p>Panier \u00e9closion pour anciennes couveuses mod\u00e8les 0042-0084-00126-0-0200.<\/p>\n<p><em>La disponibilit\u00e9 de cet accessoire varie fortement selon la saison, les d\u00e9lais de livraison peuvent \u00eatre imm\u00e9diats ou retard\u00e9s de quelques jours.<\/em><\/p>\n<p><em>L&rsquo;image est purement \u00e0 des fins de d\u00e9monstration, l&rsquo;accessoire envoy\u00e9 peut \u00eatre diff\u00e9rent en taille et en caract\u00e9ristiques pour s&rsquo;adapter \u00e0 la version s\u00e9lectionn\u00e9e.<\/em><\/p>\n","protected":false},"excerpt":{"rendered":"<p>Panier \u00e9closion pour anciennes couveuses mod\u00e8les 0042-0084-00126-0-0200. La disponibilit\u00e9 de cet accessoire varie fortement selon la saison, les d\u00e9lais de livraison peuvent \u00eatre imm\u00e9diats ou retard\u00e9s de quelques jours. L&rsquo;image est purement \u00e0 des fins de d\u00e9monstration, l&rsquo;accessoire envoy\u00e9 peut \u00eatre diff\u00e9rent en taille et en caract\u00e9ristiques pour s&rsquo;adapter \u00e0 la version s\u00e9lectionn\u00e9e.<\/p>\n","protected":false},"featured_media":26587,"comment_status":"closed","ping_status":"closed","template":"","meta":{"_acf_changed":false},"product_brand":[],"product_cat":[183,186],"product_tag":[],"class_list":{"0":"post-31030","1":"product","2":"type-product","3":"status-publish","4":"has-post-thumbnail","6":"product_cat-pieces-detachees-elevage","7":"product_cat-tiroirs-et-paniers","9":"first","10":"instock","11":"sale","12":"taxable","13":"shipping-taxable","14":"purchasable","15":"product-type-simple"},"acf":[],"_links":{"self":[{"href":"https:\/\/maino.it\/fr\/wp-json\/wp\/v2\/product\/31030","targetHints":{"allow":["GET"]}}],"collection":[{"href":"https:\/\/maino.it\/fr\/wp-json\/wp\/v2\/product"}],"about":[{"href":"https:\/\/maino.it\/fr\/wp-json\/wp\/v2\/types\/product"}],"replies":[{"embeddable":true,"href":"https:\/\/maino.it\/fr\/wp-json\/wp\/v2\/comments?post=31030"}],"wp:featuredmedia":[{"embeddable":true,"href":"https:\/\/maino.it\/fr\/wp-json\/wp\/v2\/media\/26587"}],"wp:attachment":[{"href":"https:\/\/maino.it\/fr\/wp-json\/wp\/v2\/media?parent=31030"}],"wp:term":[{"taxonomy":"product_brand","embeddable":true,"href":"https:\/\/maino.it\/fr\/wp-json\/wp\/v2\/product_brand?post=31030"},{"taxonomy":"product_cat","embeddable":true,"href":"https:\/\/maino.it\/fr\/wp-json\/wp\/v2\/product_cat?post=31030"},{"taxonomy":"product_tag","embeddable":true,"href":"https:\/\/maino.it\/fr\/wp-json\/wp\/v2\/product_tag?post=31030"}],"curies":[{"name":"wp","href":"https:\/\/api.w.org\/{rel}","templated":true}]}}