{"id":31003,"date":"2022-04-27T15:50:42","date_gmt":"2022-04-27T13:50:44","guid":{"rendered":"https:\/\/maino.it\/?post_type=product&#038;p=31003"},"modified":"2022-06-23T16:24:47","modified_gmt":"2022-06-23T14:24:47","slug":"batteria-alcalina-12v-v27a-mn27-lr27-a27","status":"publish","type":"product","link":"https:\/\/maino.it\/fr\/prodotto\/batteria-alcalina-12v-v27a-mn27-lr27-a27\/","title":{"rendered":"Pile Alcaline 12V &#8211; V27A \/ MN27 \/ LR27 \/ A27"},"content":{"rendered":"<p>Pile alcaline 12V &#8211; V27A \/ MN27 \/ LR27 \/ A27 sp\u00e9cifique pour t\u00e9l\u00e9commandes<\/p>\n<p>Paquet de 5 pi\u00e8ces<\/p>\n","protected":false},"excerpt":{"rendered":"<p>Batterie Alcaline 12V &#8211; V27A \/ MN27 \/ LR27 \/ A27<\/p>\n","protected":false},"featured_media":31011,"comment_status":"closed","ping_status":"closed","template":"","meta":{"_acf_changed":false},"product_brand":[],"product_cat":[293,183],"product_tag":[],"class_list":{"0":"post-31003","1":"product","2":"type-product","3":"status-publish","4":"has-post-thumbnail","6":"product_cat-materiel-electrique-divers","7":"product_cat-pieces-detachees-elevage","9":"first","10":"instock","11":"taxable","12":"shipping-taxable","13":"purchasable","14":"product-type-simple"},"acf":[],"_links":{"self":[{"href":"https:\/\/maino.it\/fr\/wp-json\/wp\/v2\/product\/31003","targetHints":{"allow":["GET"]}}],"collection":[{"href":"https:\/\/maino.it\/fr\/wp-json\/wp\/v2\/product"}],"about":[{"href":"https:\/\/maino.it\/fr\/wp-json\/wp\/v2\/types\/product"}],"replies":[{"embeddable":true,"href":"https:\/\/maino.it\/fr\/wp-json\/wp\/v2\/comments?post=31003"}],"wp:featuredmedia":[{"embeddable":true,"href":"https:\/\/maino.it\/fr\/wp-json\/wp\/v2\/media\/31011"}],"wp:attachment":[{"href":"https:\/\/maino.it\/fr\/wp-json\/wp\/v2\/media?parent=31003"}],"wp:term":[{"taxonomy":"product_brand","embeddable":true,"href":"https:\/\/maino.it\/fr\/wp-json\/wp\/v2\/product_brand?post=31003"},{"taxonomy":"product_cat","embeddable":true,"href":"https:\/\/maino.it\/fr\/wp-json\/wp\/v2\/product_cat?post=31003"},{"taxonomy":"product_tag","embeddable":true,"href":"https:\/\/maino.it\/fr\/wp-json\/wp\/v2\/product_tag?post=31003"}],"curies":[{"name":"wp","href":"https:\/\/api.w.org\/{rel}","templated":true}]}}