{"id":30992,"date":"2022-04-27T15:41:49","date_gmt":"2022-04-27T13:41:50","guid":{"rendered":"https:\/\/maino.it\/?post_type=product&#038;p=30992"},"modified":"2022-06-23T15:57:24","modified_gmt":"2022-06-23T13:57:24","slug":"telecomando-rf-433-mhz","status":"publish","type":"product","link":"https:\/\/maino.it\/fr\/prodotto\/telecomando-rf-433-mhz\/","title":{"rendered":"T\u00e9l\u00e9commande RF 433 Mhz"},"content":{"rendered":"<p id=\"title\" class=\"a-size-large a-spacing-none\"><span id=\"productTitle\" class=\"a-size-large product-title-word-break\">T\u00e9l\u00e9commande \u00e0 radiofr\u00e9quence 433 Mhz programmable.<br \/>\n<\/span><\/p>\n<p><em>Pile de la t\u00e9l\u00e9commande non incluse<\/em><\/p>\n","protected":false},"excerpt":{"rendered":"<p><em>T\u00e9l\u00e9commande 433 Mhz. \u00e0 deux canaux<\/em><\/p>\n","protected":false},"featured_media":30995,"comment_status":"closed","ping_status":"closed","template":"","meta":{"_acf_changed":false},"product_brand":[],"product_cat":[293,183],"product_tag":[],"class_list":{"0":"post-30992","1":"product","2":"type-product","3":"status-publish","4":"has-post-thumbnail","6":"product_cat-materiel-electrique-divers","7":"product_cat-pieces-detachees-elevage","9":"first","10":"instock","11":"taxable","12":"shipping-taxable","13":"purchasable","14":"product-type-simple"},"acf":[],"_links":{"self":[{"href":"https:\/\/maino.it\/fr\/wp-json\/wp\/v2\/product\/30992","targetHints":{"allow":["GET"]}}],"collection":[{"href":"https:\/\/maino.it\/fr\/wp-json\/wp\/v2\/product"}],"about":[{"href":"https:\/\/maino.it\/fr\/wp-json\/wp\/v2\/types\/product"}],"replies":[{"embeddable":true,"href":"https:\/\/maino.it\/fr\/wp-json\/wp\/v2\/comments?post=30992"}],"wp:featuredmedia":[{"embeddable":true,"href":"https:\/\/maino.it\/fr\/wp-json\/wp\/v2\/media\/30995"}],"wp:attachment":[{"href":"https:\/\/maino.it\/fr\/wp-json\/wp\/v2\/media?parent=30992"}],"wp:term":[{"taxonomy":"product_brand","embeddable":true,"href":"https:\/\/maino.it\/fr\/wp-json\/wp\/v2\/product_brand?post=30992"},{"taxonomy":"product_cat","embeddable":true,"href":"https:\/\/maino.it\/fr\/wp-json\/wp\/v2\/product_cat?post=30992"},{"taxonomy":"product_tag","embeddable":true,"href":"https:\/\/maino.it\/fr\/wp-json\/wp\/v2\/product_tag?post=30992"}],"curies":[{"name":"wp","href":"https:\/\/api.w.org\/{rel}","templated":true}]}}