{"id":30969,"date":"2022-04-27T15:08:50","date_gmt":"2022-04-27T13:08:51","guid":{"rendered":"https:\/\/maino.it\/?post_type=product&#038;p=30969"},"modified":"2022-06-23T15:25:21","modified_gmt":"2022-06-23T13:25:21","slug":"no-2-emylo-ac-220v-230v-240v-1000w-1-canale-interruttore-telecomando-intelligente-trasmettitore-rf-modulo-rele-wireless-telecomando-rf-domotica-interruttore-luce-fai-da-te-433-mhz","status":"publish","type":"product","link":"https:\/\/maino.it\/fr\/prodotto\/no-2-emylo-ac-220v-230v-240v-1000w-1-canale-interruttore-telecomando-intelligente-trasmettitore-rf-modulo-rele-wireless-telecomando-rf-domotica-interruttore-luce-fai-da-te-433-mhz\/","title":{"rendered":"no.2 eMylo AC 220V-230V-240V 1000W 1 Canal Commutateur de T\u00e9l\u00e9commande Intelligent Transmetteur RF Module de Relais Sans Fil T\u00e9l\u00e9commande RF Domotique Interrupteur d&rsquo;\u00e9clairage DIY 433Mhz"},"content":{"rendered":"<p class=\"a-size-large a-spacing-none\"><span class=\"a-size-large product-title-word-break\">Set no.2 <\/span><span id=\"productTitle\" class=\"a-size-large product-title-word-break\">Relais sans fil EMylo AC 220V-230V-240V 1000W 1 canal complet avec interrupteur de t\u00e9l\u00e9commande RF 433Mhz pour les syst\u00e8mes domotiques de bricolage et d&rsquo;autres fins de contr\u00f4le \u00e0 distance.<\/span><\/p>\n<p><strong>Description:<\/strong><\/p>\n<ul>\n<li>Commutateur \u00e0 relais de t\u00e9l\u00e9commande sans fil RF 433Mhz avec des performances stables et une sensibilit\u00e9 de r\u00e9ception \u00e9lev\u00e9e.<\/li>\n<li>La transmission du signal radiofr\u00e9quence peut traverser les murs, les sols, les portes, les panneaux, etc. et \u00e0 l&rsquo;ext\u00e9rieur sans obstacles, il peut \u00eatre contr\u00f4l\u00e9 jusqu&rsquo;\u00e0 environ 20 m\u00e8tres.<\/li>\n<li>Extr\u00eamement facile \u00e0 configurer avec 3 modes de fonctionnement \u00e0 choisir selon vos besoins.<\/li>\n<li>Relais de 10 A \u00e0 230Vac pour piloter des appareils \u00e9lectriques avec possibilit\u00e9 de fonctionnement avec contact NO (normalement ouvert) et NC (normalement ferm\u00e9).<\/li>\n<li>T\u00e9l\u00e9commande \u00e0 deux canaux.<\/li>\n<\/ul>\n<p>Produit tr\u00e8s polyvalent avec de larges possibilit\u00e9s d&rsquo;application dans la vie quotidienne, il peut \u00eatre utilis\u00e9 pour allumer et \u00e9teindre \u00e0 distance: lumi\u00e8res, \u00e9quipements \u00e9lectriques, pompes, vannes, chaudi\u00e8res, moteurs, portails, portes, garages, alarmes, sonnettes, commandes industrielles, s\u00e9curit\u00e9 , etc.<\/p>\n<p>Le forfait comprend 2 relais et 2 t\u00e9l\u00e9commandes<\/p>\n<p><em>les piles ne sont pas incluses<\/em><\/p>\n","protected":false},"excerpt":{"rendered":"<p><em><span id=\"productTitle\" class=\"a-size-large product-title-word-break\">Set no.2 Relais sans fil eMylo CA 220V-230V-240V @ 1000W (1 canal)<\/span><\/em><\/p>\n","protected":false},"featured_media":30972,"comment_status":"closed","ping_status":"closed","template":"","meta":{"_acf_changed":false},"product_brand":[],"product_cat":[293,183],"product_tag":[],"class_list":{"0":"post-30969","1":"product","2":"type-product","3":"status-publish","4":"has-post-thumbnail","6":"product_cat-materiel-electrique-divers","7":"product_cat-pieces-detachees-elevage","9":"first","10":"instock","11":"taxable","12":"shipping-taxable","13":"purchasable","14":"product-type-simple"},"acf":[],"_links":{"self":[{"href":"https:\/\/maino.it\/fr\/wp-json\/wp\/v2\/product\/30969","targetHints":{"allow":["GET"]}}],"collection":[{"href":"https:\/\/maino.it\/fr\/wp-json\/wp\/v2\/product"}],"about":[{"href":"https:\/\/maino.it\/fr\/wp-json\/wp\/v2\/types\/product"}],"replies":[{"embeddable":true,"href":"https:\/\/maino.it\/fr\/wp-json\/wp\/v2\/comments?post=30969"}],"wp:featuredmedia":[{"embeddable":true,"href":"https:\/\/maino.it\/fr\/wp-json\/wp\/v2\/media\/30972"}],"wp:attachment":[{"href":"https:\/\/maino.it\/fr\/wp-json\/wp\/v2\/media?parent=30969"}],"wp:term":[{"taxonomy":"product_brand","embeddable":true,"href":"https:\/\/maino.it\/fr\/wp-json\/wp\/v2\/product_brand?post=30969"},{"taxonomy":"product_cat","embeddable":true,"href":"https:\/\/maino.it\/fr\/wp-json\/wp\/v2\/product_cat?post=30969"},{"taxonomy":"product_tag","embeddable":true,"href":"https:\/\/maino.it\/fr\/wp-json\/wp\/v2\/product_tag?post=30969"}],"curies":[{"name":"wp","href":"https:\/\/api.w.org\/{rel}","templated":true}]}}