{"id":30937,"date":"2022-04-27T11:52:52","date_gmt":"2022-04-27T09:52:53","guid":{"rendered":"https:\/\/maino.it\/?post_type=product&#038;p=30937"},"modified":"2022-04-29T16:14:16","modified_gmt":"2022-04-29T14:14:16","slug":"r000t01-kit-support-bouchon-avec-valve","status":"publish","type":"product","link":"https:\/\/maino.it\/fr\/prodotto\/r000t01-kit-support-bouchon-avec-valve\/","title":{"rendered":"R000T01 Kit support + bouchon avec valve"},"content":{"rendered":"<p><em>Kit complet avec arche de support \u00e0 installer sur le c\u00f4t\u00e9 de l&rsquo;incubateur et no.1 bouchon avec valve \u00e0 utiliser avec n&rsquo;importe quelle bouteille en plastique (1,5 litre) pour la gestion de la r\u00e9serve d&rsquo;eau d&rsquo;humidification.<\/em><\/p>\n<p><em>Avec ce kit, vous pouvez retourner la bouteille sans que l&rsquo;eau ne se r\u00e9pande et la maintenir la correctement positionn\u00e9e pour remplir le bassin et s&rsquo;arr\u00eater au bon niveau.<\/em><\/p>\n<p><strong>Bouteille non fournie<\/strong><\/p>\n","protected":false},"excerpt":{"rendered":"<p>Kit support + bouchon avec valve<\/p>\n","protected":false},"featured_media":30940,"comment_status":"closed","ping_status":"closed","template":"","meta":{"_acf_changed":false},"product_brand":[],"product_cat":[201,183],"product_tag":[],"class_list":{"0":"post-30937","1":"product","2":"type-product","3":"status-publish","4":"has-post-thumbnail","6":"product_cat-humidificateurs","7":"product_cat-pieces-detachees-elevage","9":"first","10":"instock","11":"taxable","12":"shipping-taxable","13":"purchasable","14":"product-type-simple"},"acf":[],"_links":{"self":[{"href":"https:\/\/maino.it\/fr\/wp-json\/wp\/v2\/product\/30937","targetHints":{"allow":["GET"]}}],"collection":[{"href":"https:\/\/maino.it\/fr\/wp-json\/wp\/v2\/product"}],"about":[{"href":"https:\/\/maino.it\/fr\/wp-json\/wp\/v2\/types\/product"}],"replies":[{"embeddable":true,"href":"https:\/\/maino.it\/fr\/wp-json\/wp\/v2\/comments?post=30937"}],"wp:featuredmedia":[{"embeddable":true,"href":"https:\/\/maino.it\/fr\/wp-json\/wp\/v2\/media\/30940"}],"wp:attachment":[{"href":"https:\/\/maino.it\/fr\/wp-json\/wp\/v2\/media?parent=30937"}],"wp:term":[{"taxonomy":"product_brand","embeddable":true,"href":"https:\/\/maino.it\/fr\/wp-json\/wp\/v2\/product_brand?post=30937"},{"taxonomy":"product_cat","embeddable":true,"href":"https:\/\/maino.it\/fr\/wp-json\/wp\/v2\/product_cat?post=30937"},{"taxonomy":"product_tag","embeddable":true,"href":"https:\/\/maino.it\/fr\/wp-json\/wp\/v2\/product_tag?post=30937"}],"curies":[{"name":"wp","href":"https:\/\/api.w.org\/{rel}","templated":true}]}}