{"id":30921,"date":"2022-04-27T11:00:41","date_gmt":"2022-04-27T09:00:43","guid":{"rendered":"https:\/\/maino.it\/?post_type=product&#038;p=30921"},"modified":"2022-04-29T16:03:39","modified_gmt":"2022-04-29T14:03:39","slug":"r000t02-bouchon-avec-valve","status":"publish","type":"product","link":"https:\/\/maino.it\/fr\/prodotto\/r000t02-bouchon-avec-valve\/","title":{"rendered":"R000T02 Bouchon avec valve"},"content":{"rendered":"<p><em>N\u00b0 2 bouchons avec valve, pi\u00e8ce de rechange \u00e0 utiliser avec n&rsquo;importe quelle bouteille en plastique (1,5 litre) pour la gestion de la r\u00e9serve d&rsquo;eau d&rsquo;humidification.<\/em><\/p>\n<p><em>Avec ce bouchon, vous pouvez retourner la bouteille sans que l&rsquo;eau ne se r\u00e9pande.<\/em><\/p>\n<p><em>En pla\u00e7ant la bouteille \u00e0 l&rsquo;envers dans le logement d\u00e9di\u00e9, l&rsquo;eau peut enfin s&rsquo;\u00e9couler, remplir le bassin et s&rsquo;arr\u00eater au bon niveau.<\/em><\/p>\n<p><strong>Bouteille non fournie<\/strong><\/p>\n","protected":false},"excerpt":{"rendered":"<p>N\u00b0 2 bouchons avec valve<\/p>\n","protected":false},"featured_media":30932,"comment_status":"closed","ping_status":"closed","template":"","meta":{"_acf_changed":false},"product_brand":[],"product_cat":[201,183],"product_tag":[],"class_list":{"0":"post-30921","1":"product","2":"type-product","3":"status-publish","4":"has-post-thumbnail","6":"product_cat-humidificateurs","7":"product_cat-pieces-detachees-elevage","9":"first","10":"instock","11":"taxable","12":"shipping-taxable","13":"purchasable","14":"product-type-simple"},"acf":[],"_links":{"self":[{"href":"https:\/\/maino.it\/fr\/wp-json\/wp\/v2\/product\/30921","targetHints":{"allow":["GET"]}}],"collection":[{"href":"https:\/\/maino.it\/fr\/wp-json\/wp\/v2\/product"}],"about":[{"href":"https:\/\/maino.it\/fr\/wp-json\/wp\/v2\/types\/product"}],"replies":[{"embeddable":true,"href":"https:\/\/maino.it\/fr\/wp-json\/wp\/v2\/comments?post=30921"}],"wp:featuredmedia":[{"embeddable":true,"href":"https:\/\/maino.it\/fr\/wp-json\/wp\/v2\/media\/30932"}],"wp:attachment":[{"href":"https:\/\/maino.it\/fr\/wp-json\/wp\/v2\/media?parent=30921"}],"wp:term":[{"taxonomy":"product_brand","embeddable":true,"href":"https:\/\/maino.it\/fr\/wp-json\/wp\/v2\/product_brand?post=30921"},{"taxonomy":"product_cat","embeddable":true,"href":"https:\/\/maino.it\/fr\/wp-json\/wp\/v2\/product_cat?post=30921"},{"taxonomy":"product_tag","embeddable":true,"href":"https:\/\/maino.it\/fr\/wp-json\/wp\/v2\/product_tag?post=30921"}],"curies":[{"name":"wp","href":"https:\/\/api.w.org\/{rel}","templated":true}]}}