{"id":30071,"date":"2019-09-19T07:19:00","date_gmt":"2019-09-19T05:19:00","guid":{"rendered":"https:\/\/maino.it\/prodotto\/solbio-liquido-disgregante-biologico-per-cassette-wc\/"},"modified":"2021-12-17T09:48:40","modified_gmt":"2021-12-17T08:48:40","slug":"solbio-liquido-disgregante-biologico-per-cassette-wc","status":"publish","type":"product","link":"https:\/\/maino.it\/fr\/prodotto\/solbio-liquido-disgregante-biologico-per-cassette-wc\/","title":{"rendered":"SOLBIO"},"content":{"rendered":"<h1 style=\"text-align: center;\"><span style=\"color: #8fba0d;\">SOLBIO<\/span><\/h1>\n<h2 style=\"text-align: center;\"><span style=\"color: #8fba0d;\">LE DESINTEGRANT QUI RESPECTE L&rsquo;ENVIRONNEMENT ET LA NATURE<\/span><\/h2>\n<h2 style=\"text-align: center;\"><span style=\"color: #8fba0d;\">Notre terre nous fournit les substances nettoyantes les plus puissantes!<\/span><\/h2>\n<p><em>La question que nous devrions tous nous poser est de savoir s&rsquo;il existe une alternative valable avec un impact environnemental inf\u00e9rieur par rapport aux d\u00e9sint\u00e9grants de formulation chimique de synth\u00e8se.<\/em><\/p>\n<p><em><strong>Solbio est notre r\u00e9ponse \u00e0 la question, le d\u00e9sint\u00e9grant 100% organique, naturel, polyvalent;<\/strong> <\/em><\/p>\n<ul>\n<li><em>Pour la cassette toilette des camping-cars, caravanes et bateaux.<\/em><\/li>\n<li><em>Pour nettoyer et d\u00e9sodoriser les r\u00e9servoirs d&rsquo;eaux grises.<\/em><\/li>\n<li><em>Pour toilettes portables telles que Porta Potti.<\/em><\/li>\n<li><em>Pour mac\u00e9rateurs et r\u00e9servoirs d&rsquo;eaux noires de type nautique.<\/em><\/li>\n<li><em>En diluant quelques gouttes dans l&rsquo;eau, tous les sanitaires peuvent \u00e9galement \u00eatre lav\u00e9s et d\u00e9graiss\u00e9s.<\/em><\/li>\n<\/ul>\n<p><em>Solbio est un produit VERT, il est non toxique et ne nuit pas \u00e0 la nature et \u00e0 l&rsquo;environnement.<\/em><\/p>\n<p><em>Il est compos\u00e9 exclusivement d&rsquo;ingr\u00e9dients biologiques et naturels, sa formulation puissante garantit un d\u00e9sint\u00e9gration efficace et \u00e9galement un parfum agr\u00e9able, persistant et tr\u00e8s longue dur\u00e9e (rien \u00e0 voir avec les odeurs d\u00e9sagr\u00e9ables des produits chimiques bleues et vertes).<\/em><\/p>\n<p><em>Solbio, d\u00e9tartre et \u00e9limine efficacement les mauvaises odeurs du r\u00e9servoir d&rsquo;eaux grises, \u00e9limine le mucilage, la graisse, le biofilm et le calcaire, \u00e9vite les reflux naus\u00e9abonds des drains d&rsquo;\u00e9vier et de douche et n&rsquo;endommage pas les joints, les tuyaux et les r\u00e9servoirs.<\/em><\/p>\n<p><em>Solbio, est la solution pour prot\u00e9ger l&rsquo;environnement des produits chimiques agressifs, utilis\u00e9s jusqu&rsquo;\u00e0 pr\u00e9sent dans les cassettes toilette, les toilettes mobiles et les r\u00e9servoirs d&rsquo;eaux grises et noires. Solbio est utilis\u00e9 comme la seule alternative r\u00e9elle et valable \u00e0 la grande vari\u00e9t\u00e9 de produits chimiques utilis\u00e9s dans les camping-cars, caravanes, bateaux et aussi pour les toilettes portables qui deviennent de plus en plus populaires, pour tous ceux qui ne veulent renoncer \u00e0 aucun confort pendant les voyages<\/em><em>.<\/em><\/p>\n<p><strong>Mais parmi tous les campeurs, il y a une question tr\u00e8s r\u00e9currente; <\/strong><\/p>\n<ul>\n<li><em>Existe-t-il une solution \u00e0 la puanteur des cassettes toilette, des r\u00e9servoirs d&rsquo;eaux noires et des r\u00e9servoirs d&rsquo;eaux grises?<\/em><\/li>\n<\/ul>\n<p><strong>OUI<\/strong>, la solution s&rsquo;appelle <strong>SOLBIO<\/strong>, le seul liquide de d\u00e9sint\u00e9gration organique avec fonction autonettoyante, \u00e0 la fois pour les r\u00e9servoirs et les cassettes toilette.<\/p>\n<p><em>Cela peut sembler banal, mais dans diff\u00e9rentes parties de l&rsquo;Union europ\u00e9enne, il existe de nombreux campings et aires de repos qui incitent les clients \u00e0 utiliser des produits d\u00e9sint\u00e9grants naturels, certains d&rsquo;entre eux refusent m\u00eame l&rsquo;entr\u00e9e aux clients qui utilisent divers produits chimiques de couleur bleue ou verte.<\/em><\/p>\n<p>Avant d&rsquo;\u00eatre retravaill\u00e9 pour une utilisation en camping-car, Solbio a \u00e9t\u00e9 test\u00e9 pendant plusieurs ann\u00e9es en Belgique et aux Pays-Bas dans de nombreuses stations d&rsquo;\u00e9puration des eaux noires et des eaux us\u00e9es, afin de r\u00e9duire les odeurs d\u00e9sagr\u00e9ables rejet\u00e9es dans l&rsquo;environnement et favoriser une r\u00e9duction biologique efficace et 100% naturelle des liquides organiques.<\/p>\n<p><em>Solbio est pr\u00e9par\u00e9 en utilisant uniquement des ingr\u00e9dients naturels tels que: extraits de plantes et d&rsquo;algues, savon v\u00e9g\u00e9tal naturel, acide citrique naturel et huiles essentielles, \u00ab\u00a0sans ajout de bact\u00e9ries ni d&rsquo;enzymes\u00a0\u00bb.<\/em><\/p>\n<p><strong>Solbio<\/strong> est contenu dans un <strong>sac pratique de 1,6 litre<\/strong> avec robinet de distribution, l&#8217;emballage est r\u00e9sistant et \u00e9cologique \u00e0 faible impact environnemental. Chaque sac contient <strong>40 doses<\/strong> de <strong>40 ml.<\/strong> \u00e9gal \u00e0 plus de 5 litres de tout autre produit chimique de d\u00e9sint\u00e9gration non concentr\u00e9.<\/p>\n<p><strong>Solbio n&rsquo;est pas un d\u00e9sint\u00e9grant banal<\/strong>, il a une formulation polyvalente et peut \u00eatre utilis\u00e9 pour;<\/p>\n<ul>\n<li><strong>d\u00e9sint\u00e9grer la cassette toilettes.<\/strong><\/li>\n<li><strong>\u00e9liminer la puanteur des r\u00e9servoirs d&rsquo;eaux us\u00e9es (eaux grises).<\/strong><\/li>\n<li><strong>d\u00e9sint\u00e9grer le r\u00e9servoir du mac\u00e9rateur &#8211; eaux noires (toilettes nautiques).<\/strong><\/li>\n<li><strong>dans le r\u00e9servoir avec fonction de chasse d&rsquo;eau des toilettes portables.<\/strong><\/li>\n<li><strong>pour nettoyer les sanitaires.<\/strong><\/li>\n<\/ul>\n<p><em>Il est totalement naturel et poss\u00e8de une extraordinaire propri\u00e9t\u00e9 autonettoyante pour les sanitaires, laissant un agr\u00e9able parfum naturel de pin, de menthe et d&rsquo;eucalyptol (les huiles essentielles).<\/em><\/p>\n<p><strong>Dans la cassette toilette:<\/strong><\/p>\n<ul>\n<li>D\u00e9sint\u00e9gre toutes nos fientes organiques et le papier toilette.<\/li>\n<li>Emp\u00eache les mauvaises odeurs et les odeurs de reflux.<\/li>\n<li>Nettoie la cassette des incrustations, des s\u00e9diments et du calcaire.<\/li>\n<li>Renouvelle les joints.<\/li>\n<li>Il est sans danger pour les fosses septiques et les syst\u00e8mes de purification d&rsquo;eau.<\/li>\n<li><em>Le contenu 100% organique de la cassette;<\/em>\n<ul>\n<li><em>si une zone de rejet chimique n&rsquo;est pas trouv\u00e9e, il peut \u00e9galement \u00eatre rejet\u00e9e avec les eaux grises, sans polluer l&rsquo;environnement.<\/em><\/li>\n<li><em>peut \u00e9galement \u00eatre jet\u00e9 dans des bacs \u00e0 liti\u00e8re de compostage.<\/em><\/li>\n<\/ul>\n<\/li>\n<\/ul>\n<p><strong>Dans les r\u00e9servoirs d&rsquo;eaux us\u00e9es (eaux grises):<\/strong><\/p>\n<ul>\n<li>\u00c9vite les accumulations et les bact\u00e9ries.<\/li>\n<li>Emp\u00eache les mauvaises odeurs et les odeurs de reflux des drains d&rsquo;\u00e9vier et de douche.<\/li>\n<li>Nettoie le r\u00e9servoir des incrustations, des s\u00e9diments et du calcaire.<\/li>\n<li><em>Le contenu du r\u00e9servoir d&rsquo;eaux grises (liquides + solbio);<\/em>\n<ul>\n<li><em>Peut \u00eatre rejet\u00e9 dans les grilles appropri\u00e9es des zones de d\u00e9chargement, sans causer de probl\u00e8mes de pollution \u00e0 l&rsquo;environnement.<\/em><\/li>\n<li><em>Est sans danger pour les fosses septiques et les syst\u00e8mes de purification d&rsquo;eau.<\/em><\/li>\n<\/ul>\n<\/li>\n<\/ul>\n<p><strong>Dans le r\u00e9servoir du mac\u00e9rateur &#8211; eaux noires (toilettes nautiques):<\/strong><\/p>\n<ul>\n<li>Emp\u00eache le reflux des mauvaises odeurs vers les toilettes.<\/li>\n<li>Est sans danger pour les fosses septiques, les syst\u00e8mes de purification d&rsquo;eau.\n<ul>\n<li><em>Si une zone de d\u00e9chargement chimique\/noir n&rsquo;est pas trouv\u00e9e, le contenu d\u00e9sint\u00e9gr\u00e9 du r\u00e9servoir peut \u00e9galement \u00eatre rejet\u00e9 dans les zones d&rsquo;eaux grises, sans polluer l&rsquo;environnement.<\/em><\/li>\n<\/ul>\n<\/li>\n<\/ul>\n<p><strong>Dans le r\u00e9servoir avec fonction de chasse d&rsquo;eau des toilettes portables:<\/strong><\/p>\n<ul>\n<li>\u00c9vite les accumulations et les bact\u00e9ries.<\/li>\n<li>Maintient l&rsquo;eau d\u00e9sinfect\u00e9e et propre.<\/li>\n<li>La chasse sent le frais.<\/li>\n<li>Le parfum est persistant m\u00eame apr\u00e8s avoir tir\u00e9 l&rsquo;eau.<\/li>\n<li>D\u00e9sint\u00e9gre toutes nos fientes organiques et le papier toilette.<\/li>\n<li>Emp\u00eache les mauvaises odeurs.<\/li>\n<li>Est autonettoyant.<\/li>\n<li><em>Le contenu du r\u00e9servoir;<\/em>\n<ul>\n<li><em>Si une zone de rejet chimique n&rsquo;est pas trouv\u00e9e, il peut \u00e9galement \u00eatre rejet\u00e9e avec les eaux grises, sans polluer l&rsquo;environnement.<\/em><\/li>\n<li><em>Est sans danger pour les fosses septiques et les syst\u00e8mes de purification d&rsquo;eau.<\/em><\/li>\n<li><em>Peut \u00e9galement \u00eatre jet\u00e9 dans des bacs \u00e0 liti\u00e8re de compostage.<\/em><\/li>\n<\/ul>\n<\/li>\n<\/ul>\n<h3 style=\"text-align: center;\"><strong>Fonctions Suppl\u00e9mentaires:<\/strong><\/h3>\n<ul>\n<li><em>Il emp\u00eache l&rsquo;accumulation de biofilm, de calcaire et de bact\u00e9ries.<\/em><\/li>\n<li><em>Quelques gouttes dilu\u00e9es dans de l&rsquo;eau pour nettoyer les sanitaires \u00e0 la place de divers produits chimiques, il laisse le tout propre et agr\u00e9ablement parfum\u00e9.<\/em><\/li>\n<li><em>Seulement 10 ml de produit et 3 litres d&rsquo;eau, pour bien nettoyer la cassette toilette avant stockage.<\/em><\/li>\n<li><em>Le contenu de la cassette est enti\u00e8rement biologique et peut \u00eatre vid\u00e9 en toute s\u00e9curit\u00e9 dans le bac \u00e0 compost du jardin.<\/em><\/li>\n<\/ul>\n<p><strong><em>Nota Bene! <\/em><\/strong><em><span class=\"JLqJ4b ChMk0b\" data-language-for-alternatives=\"fr\" data-language-to-translate-into=\"it\" data-phrase-index=\"0\" data-number-of-phrases=\"3\">La plupart des produits d\u00e9sint\u00e9grants sur le march\u00e9 mondial contiennent des produits chimiques tr\u00e8s agressifs et encore des traces d&rsquo;ald\u00e9hydes, \u00ab\u00a0certains produits en provenance des USA contiennent du formald\u00e9hyde\u00a0\u00bb.<\/span> <span class=\"JLqJ4b ChMk0b\" data-language-for-alternatives=\"fr\" data-language-to-translate-into=\"it\" data-phrase-index=\"1\" data-number-of-phrases=\"3\">En achetant sur le web, c&rsquo;est tr\u00e8s facile de tomber sur certains produits, import\u00e9s \u00e0 des fins purement commerciales, dict\u00e9s par les prix d&rsquo;achat et de vente, sans tenir compte des dommages caus\u00e9s \u00e0 la sant\u00e9 humaine et animale. Ces produits chimiques, vid\u00e9s par les usagers dans les zones pour le d\u00e9charge chimique, ne sont pas proprement d\u00e9gradables et retournent t\u00f4t ou tard dans l&rsquo;eau des r\u00e9seaux publics, puis dans nos maisons, dans l&rsquo;eau que nous utilisons tous pour nous laver, cuisiner et boire<\/span><\/em><em>. <\/em><\/p>\n<p><em><strong>SOLBIO<\/strong>\u2122\u00ae est une marque d\u00e9pos\u00e9e, toute reproduction est interdite sans autorisation pr\u00e9alable.<\/em><\/p>\n","protected":false},"excerpt":{"rendered":"<h4><em>Solbio est un d\u00e9sint\u00e9grant, polyvalent pour le r\u00e9servoir de toilettes des camping-cars, caravanes et bateaux, mais c&rsquo;est avant tout un produit VERT vraiment \u00e9cologique, qui ne nuit pas \u00e0 la nature et \u00e0 l&rsquo;environnement!<\/em><\/h4>\n<p><em>Solbio est compos\u00e9 exclusivement d&rsquo;ingr\u00e9dients biologiques 100% naturels et sa formule puissante garantit une d\u00e9sint\u00e9gration efficace et un parfum agr\u00e9able et durable.<\/em><\/p>\n<p><em>Avec Solbio, vous pouvez \u00e9galement d\u00e9sodoriser et nettoyer le r\u00e9servoir d&rsquo;eaux grises, en \u00e9vitant le reflux malodorant g\u00eanant des drains d&rsquo;\u00e9vier et de douche.<\/em><\/p>\n<h3>Le prix indiqu\u00e9 de 24,99 \u20ac comprend le transport dans toute l&rsquo;Italie y compris les \u00eeles.<\/h3>\n","protected":false},"featured_media":28330,"comment_status":"closed","ping_status":"closed","template":"","meta":{"_acf_changed":false},"product_brand":[],"product_cat":[213],"product_tag":[],"class_list":{"0":"post-30071","1":"product","2":"type-product","3":"status-publish","4":"has-post-thumbnail","6":"product_cat-solbio-fr","8":"first","9":"outofstock","10":"taxable","11":"shipping-taxable","12":"purchasable","13":"product-type-simple"},"acf":[],"_links":{"self":[{"href":"https:\/\/maino.it\/fr\/wp-json\/wp\/v2\/product\/30071","targetHints":{"allow":["GET"]}}],"collection":[{"href":"https:\/\/maino.it\/fr\/wp-json\/wp\/v2\/product"}],"about":[{"href":"https:\/\/maino.it\/fr\/wp-json\/wp\/v2\/types\/product"}],"replies":[{"embeddable":true,"href":"https:\/\/maino.it\/fr\/wp-json\/wp\/v2\/comments?post=30071"}],"wp:featuredmedia":[{"embeddable":true,"href":"https:\/\/maino.it\/fr\/wp-json\/wp\/v2\/media\/28330"}],"wp:attachment":[{"href":"https:\/\/maino.it\/fr\/wp-json\/wp\/v2\/media?parent=30071"}],"wp:term":[{"taxonomy":"product_brand","embeddable":true,"href":"https:\/\/maino.it\/fr\/wp-json\/wp\/v2\/product_brand?post=30071"},{"taxonomy":"product_cat","embeddable":true,"href":"https:\/\/maino.it\/fr\/wp-json\/wp\/v2\/product_cat?post=30071"},{"taxonomy":"product_tag","embeddable":true,"href":"https:\/\/maino.it\/fr\/wp-json\/wp\/v2\/product_tag?post=30071"}],"curies":[{"name":"wp","href":"https:\/\/api.w.org\/{rel}","templated":true}]}}