{"id":30044,"date":"2016-06-20T15:44:16","date_gmt":"2016-06-20T13:44:16","guid":{"rendered":"https:\/\/maino.it\/prodotto\/galiner-sn\/"},"modified":"2021-12-09T10:30:23","modified_gmt":"2021-12-09T09:30:23","slug":"galiner-sn","status":"publish","type":"product","link":"https:\/\/maino.it\/fr\/prodotto\/galiner-sn\/","title":{"rendered":"GALINER sn"},"content":{"rendered":"<p align=\"justify\">Voici <i><b>Galiner sn<\/b><\/i>,<\/p>\n<p align=\"justify\"><i><b>Galiner sn<\/b><\/i> n&rsquo;est pas un poulailler habituel, c&rsquo;est tout d&rsquo;abord un produit agr\u00e9able avec une bonne personnalit\u00e9 esth\u00e9tique, ressemblant \u00e0 une maison de campagne avec murs blancs et un toit rouge, qui a belle allure et qui fera grandir l&rsquo;envie de vos voisins garantissant, en m\u00eame temps, la bonne s\u00e9curit\u00e9 pour vos poules.<\/p>\n<p style=\"text-align: center;\" align=\"justify\">Lors de la conception de<i><b> Galiner sn<\/b><\/i> nous n&rsquo;avons rien laiss\u00e9 au hasard;<\/p>\n<p align=\"justify\">Les parois de <i><b>Galiner sn<\/b><\/i> sont obtenues \u00e0 partir de panneaux plats sandwich co-extrud\u00e9s de haute \u00e9paisseur, avec les deux surfaces externes en plastique solide et avec un noyau isolant \u00e9galement en mousse plastique; ce type de mat\u00e9riau garantit une isolation thermique \u00e9lev\u00e9e et une r\u00e9sistance consid\u00e9rable aux contraintes m\u00e9caniques. De nombreux profils discr\u00e8tement dissimul\u00e9s garantissent le bon \u00e9quilibre et la solidit\u00e9 de l&rsquo;ensemble de la structure.<\/p>\n<p align=\"justify\">Le toit de <i><b>Galiner sn<\/b><\/i> est obtenu en utilisant des panneaux sandwich plats de haute \u00e9paisseur co-extrud\u00e9s avec les deux surfaces externes en plastique solide et avec un noyau isolant \u00e9galement en mousse plastique et, comme d\u00e9j\u00e0 d\u00e9crit ci-dessus, con\u00e7u de mani\u00e8re \u00e0 garantir une bonne isolation thermique et acoustique.<\/p>\n<p style=\"text-align: center;\" align=\"justify\">Mais cela ne s&rsquo;arr\u00eate pas l\u00e0;<\/p>\n<p align=\"justify\"><i><b>G<\/b><\/i><i><b>aliner sn<\/b><\/i> est exp\u00e9di\u00e9 compl\u00e8tement d\u00e9mont\u00e9 et bien emball\u00e9, il peut \u00eatre assembl\u00e9 avec un seul outil \u00ab\u00a0tournevis cruciforme\u00a0\u00bb, tout est pr\u00e9form\u00e9 pour assurer un assemblage parfait, le toit est accroch\u00e9 \u00e0 la structure au moyen de charni\u00e8res sp\u00e9ciales et peut \u00eatre compl\u00e8tement ouvert vers le haut et si n\u00e9cessaire il est facilement d\u00e9montable compl\u00e8tement.<\/p>\n<p align=\"justify\">\u00c0 l&rsquo;int\u00e9rieur sur le fond, il y a des panneaux pr\u00e9form\u00e9s \u00e9lectro-soud\u00e9s en \u00ab\u00a0<em>maille anti-souris<\/em>\u00a0\u00bb qui permettent \u00e0 vos animaux de dormir en toute s\u00e9curit\u00e9. Deux balcons en atelles de bois sur toute la largeur sont d\u00e9j\u00e0 disponibles sur lesquels les poules peuvent grimper et se reposer.<\/p>\n<p align=\"justify\">La porte de <i><b>Galiner sn<\/b><\/i> a des rainures de pr\u00e9hension particuli\u00e8res pour les jambes et aussi agit comme goulotte d\u2019entr\u00e9e\/sortie.<\/p>\n<p align=\"justify\">Derri\u00e8re le <strong><em>Galiner sn<\/em><\/strong> en option, c&rsquo;est disponible le \u00ab\u00a0<em>pondoir<\/em>\u00a0\u00bb pratique avec deux trous s\u00e9par\u00e9s dans lesquels nous avons r\u00e9alis\u00e9 un syst\u00e8me pratique pour cacher et collecter les \u0153ufs pondus, ce qui emp\u00eache efficacement les poules de trouver, d&rsquo;atteindre, de picorer et de manger leurs propres \u0153ufs pondus.<\/p>\n<p align=\"justify\">Tout comme il est facile \u00e0 monter, <strong><em>Galiner sn<\/em><\/strong> est \u00e9galement facile \u00e0 d\u00e9monter et \u00e0 nettoyer directement avec n&rsquo;importe quel jet d&rsquo;eau, pour un niveau d&rsquo;hygi\u00e8ne in\u00e9gal\u00e9.<\/p>\n<p align=\"justify\"><strong><em>Galiner sn<\/em><\/strong> fournit non seulement une source d&rsquo;\u0153ufs frais et permet d&rsquo;\u00e9conomiser de l&rsquo;argent, mais fonctionne \u00e9galement comme un syst\u00e8me de fertilisation naturel, en d\u00e9posant la mati\u00e8re organique riche en azote \u00ab\u00a0excr\u00e9ments de poulet\u00a0\u00bb directement dans le sol de votre jardin.<\/p>\n<p align=\"justify\">Nous avons pens\u00e9 \u00e0 vous tous lors de la conception de <strong><em>Galiner sn<\/em><\/strong> \u2026 et &#8230; pour acheter <strong><em>Galiner sn<\/em><\/strong> il n\u2019est pas n\u00e9cessaire de casser la tirelire\u00a0\u2026<\/p>\n<p align=\"justify\"><strong>Pour faire court une histoire longue, Galiner sn &#8230;<\/strong><\/p>\n<ul>\n<li>Il ressemble \u00e0 un chalet, une chambre spacieuse o\u00f9 vos poules peuvent vivre une vie heureuse sans contraintes, en conformit\u00e9 avec toutes les normes internationales sur la bonne vie des animaux.<\/li>\n<li>Il est con\u00e7u et construit par des mains habiles qui ont fait l&rsquo;histoire de la production d&rsquo;articles de haute qualit\u00e9 au service des \u00e9leveurs.<\/li>\n<li>Il est solide et durable fabriqu\u00e9 avec de mati\u00e8res premi\u00e8res de haute qualit\u00e9, il ne n\u00e9cessite aucun entretien particulier, la conception est solide et fonctionnelle et garantit un \u00e9change d&rsquo;air ad\u00e9quate et une isolation thermique et acoustique correcte.<\/li>\n<li>Lice, acariens rouges et gale auront une vie difficile, nos panneaux ne permettent pas l\u2019\u00e9radication et la facilit\u00e9 de d\u00e9montage de la structure enti\u00e8re permet un nettoyage sans \u00e9gal.<\/li>\n<li>Il est con\u00e7u et fabriqu\u00e9 en Italie directemen par NOUS, une entreprise qui a fait l&rsquo;histoire dans le<\/li>\n<li>secteur de l&rsquo;aviculture, l&rsquo;une des plus copi\u00e9e dans le monde, qui \u00e9coute ses clients et r\u00e9pond toujours \u00e0 leurs attentes.<\/li>\n<\/ul>\n<p><strong>Caract\u00e9ristiques techniques GALINER:<\/strong><\/p>\n<ul>\n<li>No.1 <strong>Poulailler<\/strong> d\u00e9mont\u00e9 et compos\u00e9 par;\n<ul>\n<li>no.4 parois pr\u00e9form\u00e9es en mati\u00e8re plastique expans\u00e9e et thermo-isolante, rev\u00eatues sur les deux faces de feuilles de mati\u00e8re plastique rigide blanche r\u00e9sistante aux rayons UV<\/li>\n<li>no.2 pentes de toit en mati\u00e8re plastique expans\u00e9e et thermo-isolante, rev\u00eatues sur les deux faces de plaques en aluminium peintes en rouge r\u00e9sistant aux UV<\/li>\n<li>no.1 porte\u00a0en mati\u00e8re plastique expans\u00e9e et thermo-isolante, rev\u00eatues sur les deux faces de feuilles de mati\u00e8re plastique rigide blanche r\u00e9sistante aux rayons UV<\/li>\n<li>no.2 panneaux de fond de poulailler en treillis galvanis\u00e9 \u00e9lectro-soud\u00e9<\/li>\n<li>no.1 kit charni\u00e8res pour le toit<\/li>\n<li>no.1 kit charni\u00e8res pour la porte<\/li>\n<li>no.1 poutre de renfort pr\u00e9-assembl\u00e9e en mati\u00e8re plastique rigide<\/li>\n<li>no.4 poutrelles de renfort structures en mati\u00e8re plastique rigide et avec fonction aussi de support des panneaux fond en maille<\/li>\n<li>no.2 atelles en bois avec fonction balcon<\/li>\n<li>Pr\u00e9disposition pour pondoir \u00e0 deux places en option<\/li>\n<\/ul>\n<\/li>\n<\/ul>\n<ul>\n<li>Notice d&rsquo;installation et d&rsquo;utilisation<\/li>\n<li>Capacit\u00e9 de 8 &#8211; 10 poules adultes<\/li>\n<\/ul>\n","protected":false},"excerpt":{"rendered":"<p><i><b>Galiner<\/b><\/i> \u00ab\u00a0le vrai Poulailler de jardin pour vos poules\u00a0\u00bb<\/p>\n<p>Beau, il ressemble \u00e0 une maison de campagne aux murs blancs et au toit rouge, la structure est thermo-isol\u00e9e et peut \u00eatre compl\u00e8tement ouverte, totalement d\u00e9montable sans outils, pour un nettoyage en profondeur et parfait.<\/p>\n<p>Il fera l&rsquo;envie de vos voisins, assurant la bonne s\u00e9curit\u00e9 pour vos poulets.<\/p>\n","protected":false},"featured_media":0,"comment_status":"closed","ping_status":"closed","template":"","meta":{"_acf_changed":false},"product_brand":[],"product_cat":[181],"product_tag":[255,262,258],"class_list":{"0":"post-30044","1":"product","2":"type-product","3":"status-publish","5":"product_cat-poulaillers","6":"product_tag-galiner-fr","7":"product_tag-poulailler","8":"product_tag-poules","10":"first","11":"instock","12":"sale","13":"taxable","14":"shipping-taxable","15":"purchasable","16":"product-type-simple"},"acf":[],"_links":{"self":[{"href":"https:\/\/maino.it\/fr\/wp-json\/wp\/v2\/product\/30044","targetHints":{"allow":["GET"]}}],"collection":[{"href":"https:\/\/maino.it\/fr\/wp-json\/wp\/v2\/product"}],"about":[{"href":"https:\/\/maino.it\/fr\/wp-json\/wp\/v2\/types\/product"}],"replies":[{"embeddable":true,"href":"https:\/\/maino.it\/fr\/wp-json\/wp\/v2\/comments?post=30044"}],"wp:attachment":[{"href":"https:\/\/maino.it\/fr\/wp-json\/wp\/v2\/media?parent=30044"}],"wp:term":[{"taxonomy":"product_brand","embeddable":true,"href":"https:\/\/maino.it\/fr\/wp-json\/wp\/v2\/product_brand?post=30044"},{"taxonomy":"product_cat","embeddable":true,"href":"https:\/\/maino.it\/fr\/wp-json\/wp\/v2\/product_cat?post=30044"},{"taxonomy":"product_tag","embeddable":true,"href":"https:\/\/maino.it\/fr\/wp-json\/wp\/v2\/product_tag?post=30044"}],"curies":[{"name":"wp","href":"https:\/\/api.w.org\/{rel}","templated":true}]}}