{"id":29985,"date":"2021-04-02T13:19:15","date_gmt":"2021-04-02T11:19:15","guid":{"rendered":"https:\/\/maino.it\/prodotto\/colibri_phi-x\/"},"modified":"2021-12-07T16:48:15","modified_gmt":"2021-12-07T15:48:15","slug":"colibri_phi-x","status":"publish","type":"product","link":"https:\/\/maino.it\/fr\/prodotto\/colibri_phi-x\/","title":{"rendered":"COLIBRI&rsquo; &#8211; PHI X"},"content":{"rendered":"<ul>\n<li>Incubateur pour oeufs d&rsquo;oiseaux exotiques avec r\u00e9partition dynamique de la chaleur par ventilateur \u2013 ventilation forc\u00e9e indirecte \u00e0 intensit\u00e9 r\u00e9glable.<\/li>\n<li>Cabine et porte en mousse PVC rigide thermo-isol\u00e9 blanche classe A, obtenue \u00e0 partir d\u2019un panneau plat usin\u00e9 avec des machines CNC et profil\u00e9e en aluminium et acier plastifi\u00e9.<\/li>\n<li>Grande fen\u00eatre d\u2019inspection en plexiglas transparent r\u00e9alis\u00e9e dans la porte (en option porte en plexiglas 100% transparent).<\/li>\n<li>Syst\u00e8me de retournement automatique des \u0153ufs avec servomoteur pour le retournement automatique des \u0153ufs.<\/li>\n<li>Syst\u00e8me de retournement des \u0153ufs de un \u00e0 quatre niveaux, disponible en deux versions:\n<ul>\n<li>Avec <span style=\"text-decoration: underline;\">mouvement basculant<\/span>, \u00e0 chaque niveau les \u0153ufs sont plac\u00e9s horizontalement dans un tiroir \u00e0 trois rang\u00e9es d&rsquo;alv\u00e9oles en forme de berceau qui basculent \u00e0 tr\u00e8s basse vitesse pour 90 degr\u00e9s (un mouvement complet en 4 heures). Pendant le mouvement, les \u0153ufs restent stables dans les alv\u00e9oles. \u00ab\u00a0Avec ce type de syst\u00e8me de retournement des \u0153ufs, apr\u00e8s avoir v\u00e9rifi\u00e9 la position de la chambre \u00e0 air de l&rsquo;\u0153uf, il est possible de d\u00e9placer les \u0153ufs m\u00eame en position verticale\u00a0\u00bb.<\/li>\n<li>Avec <span style=\"text-decoration: underline;\">mouvement rotatif<\/span>, les \u0153ufs sont plac\u00e9s horizontalement sur chaque niveau avec des rouleaux adjacents. Le support \u00e0 rouleaux coulisse sur des guides et transmet le mouvement de rotation \u00e0 tr\u00e8s basse vitesse aux \u0153ufs qui roulent sur leur coquille sur 180 degr\u00e9s (un mouvement complet en 5 minutes et une pause entre les rotations enti\u00e8rement programmable via une minuterie avec un affichage num\u00e9rique d\u00e9di\u00e9). . Le syst\u00e8me de rouleaux est r\u00e9glable par extension du mouvement (afin de s&rsquo;adapter au bon diam\u00e8tre et \u00e0 la bonne rotation).\n<ul>\n<li>Les deux syst\u00e8mes de rotation des \u0153ufs ne permettent pas d&rsquo;introduire diff\u00e9rents types d&rsquo;\u0153ufs (avec des diam\u00e8tres diff\u00e9rents) au m\u00eame niveau en m\u00eame temps.<\/li>\n<\/ul>\n<\/li>\n<\/ul>\n<\/li>\n<li>N. 1 panier en treillis m\u00e9tallique totalement amovible, pour introduire les \u0153ufs \u00e0 tourner manuellement ou pour faire \u00e9clore les \u0153ufs.<\/li>\n<li>Contr\u00f4leur \u00e0 micro-ordinateur PID (version D) avec capteur num\u00e9rique de temp\u00e9rature et d\u2019humidit\u00e9 unifi\u00e9 et alarmes de minimale et maximale. Il lit et maintient la Temp\u00e9rature et l\u2019Humidit\u00e9 Relative.<\/li>\n<li>Possible r\u00e9trogradation \u00ab \u00e0 des performances inf\u00e9rieures \u00bb seule lecture de l\u2019humidit\u00e9 et r\u00e9glage manuel de l\u2019humidit\u00e9 gr\u00e2ce \u00e0 des bacs \u00e0 eau (bacs \u00e0 eau amovibles et remplissage d\u2019eau de l\u2019ext\u00e9rieur sans qu\u2019il soit n\u00e9cessaire d\u2019ouvrir la porte de la machine. Pour augmenter la r\u00e9serve d\u2019eau, un kit de support est fourni avec un bouchon sp\u00e9cial avec valve, qui s\u2019adapte \u00e0 toute bouteille d\u2019eau en plastique (bouteille non incluse).<\/li>\n<li>Protection int\u00e9grale des parties \u00e9lectriques et m\u00e9caniques.<\/li>\n<li>Puissance de watt 163 et consommation moyenne de 41 watt\/heure.<\/li>\n<li>Conception et construction selon les normes CEE.<\/li>\n<li>Tension Vac 230+10\/-15% HZ. 50\u00b10.5%.<\/li>\n<li><strong>Garantie de 3 ans pour tout d\u00e9faut de fabrication.<\/strong><\/li>\n<li>Exp\u00e9di\u00e9 assembl\u00e9 et pr\u00eat \u00e0 l\u2019emploi \u2013 Poids \u00e0 partir de 19 Kg.<\/li>\n<li>Notice d\u2019utilisation et d\u2019entretien avec des images pour simplifier l\u2019apprentissage et avec un tableau de temp\u00e9rature et d\u2019humidit\u00e9 selon le type d\u2019oeuf.<\/li>\n<\/ul>\n<ul>\n<li><strong><em>Capacit\u00e9 totale d&rsquo;\u0153ufs pour chaque niveau:<\/em><\/strong>\n<ul>\n<li>Perroquets de grande taille; Scarlet Macaw Jacinthe Jaune-bleu &#8211; Cacatua Alba &#8230; = <strong>18<\/strong><\/li>\n<li>Perroquets de taille moyenne; Gris &#8211; \u00c9clectique &#8211; Amazone &#8211; Mini Macaw &#8211; Cacatua &#8230; = <strong>21<\/strong><\/li>\n<li>Perroquets de taille petite; Conure &#8211; Pionites &#8211; Perruche \u00e0 collier &#8211; Poicephalus senegalus &#8230; = <strong>24<\/strong><\/li>\n<li>Perruches et Lori; Calopsitte &#8211; Perruche moine &#8211; Perruche \u00e0 joues vertes &#8230; = <strong>36<\/strong><\/li>\n<\/ul>\n<\/li>\n<\/ul>\n","protected":false},"excerpt":{"rendered":"<h3>Incubateur configurable et sp\u00e9cifique pour \u0153ufs d&rsquo;oiseaux exotiques.<\/h3>\n<p>Structure en PVC expans\u00e9 thermo-isolant, r\u00e9gulateur de temp\u00e9rature et d\u2019humidit\u00e9 + affichage digital + humidificateur automatique, syst\u00e8me de retournement automatique des \u0153uf avec choix entre basculant et rotation et bien plus encore.<\/p>\n<p><strong>Garantie 3 ANS<\/strong><\/p>\n<p><strong>Con\u00e7u et fabriqu\u00e9 \u00e0 Como \u2013 Italie<\/strong><\/p>\n","protected":false},"featured_media":26376,"comment_status":"closed","ping_status":"closed","template":"","meta":{"_acf_changed":false},"product_brand":[],"product_cat":[150,134],"product_tag":[],"class_list":{"0":"post-29985","1":"product","2":"type-product","3":"status-publish","4":"has-post-thumbnail","6":"product_cat-incubateurs-maino-pour-exotiques","7":"product_cat-incubateurs-et-eclosoirs","9":"first","10":"instock","11":"sale","12":"taxable","13":"shipping-taxable","14":"purchasable","15":"product-type-simple"},"acf":[],"_links":{"self":[{"href":"https:\/\/maino.it\/fr\/wp-json\/wp\/v2\/product\/29985","targetHints":{"allow":["GET"]}}],"collection":[{"href":"https:\/\/maino.it\/fr\/wp-json\/wp\/v2\/product"}],"about":[{"href":"https:\/\/maino.it\/fr\/wp-json\/wp\/v2\/types\/product"}],"replies":[{"embeddable":true,"href":"https:\/\/maino.it\/fr\/wp-json\/wp\/v2\/comments?post=29985"}],"wp:featuredmedia":[{"embeddable":true,"href":"https:\/\/maino.it\/fr\/wp-json\/wp\/v2\/media\/26376"}],"wp:attachment":[{"href":"https:\/\/maino.it\/fr\/wp-json\/wp\/v2\/media?parent=29985"}],"wp:term":[{"taxonomy":"product_brand","embeddable":true,"href":"https:\/\/maino.it\/fr\/wp-json\/wp\/v2\/product_brand?post=29985"},{"taxonomy":"product_cat","embeddable":true,"href":"https:\/\/maino.it\/fr\/wp-json\/wp\/v2\/product_cat?post=29985"},{"taxonomy":"product_tag","embeddable":true,"href":"https:\/\/maino.it\/fr\/wp-json\/wp\/v2\/product_tag?post=29985"}],"curies":[{"name":"wp","href":"https:\/\/api.w.org\/{rel}","templated":true}]}}