{"id":29956,"date":"2021-06-03T14:03:17","date_gmt":"2021-06-03T12:03:17","guid":{"rendered":"https:\/\/maino.it\/prodotto\/herp_incubatrice_tartarughe_serpenti_geki\/"},"modified":"2021-12-07T16:50:14","modified_gmt":"2021-12-07T15:50:14","slug":"herp_incubatrice_tartarughe_serpenti_geki","status":"publish","type":"product","link":"https:\/\/maino.it\/fr\/prodotto\/herp_incubatrice_tartarughe_serpenti_geki\/","title":{"rendered":"HERP"},"content":{"rendered":"<ul>\n<li>Incubateur pour oeufs de tortue, de serpent, de gecko, etc. avec r\u00e9partition dynamique de la chaleur par ventilateur &#8211; ventilation forc\u00e9e indirecte \u00e0 intensit\u00e9 r\u00e9glable.<\/li>\n<li>Cabine et porte en mousse PVC rigide thermo-isol\u00e9 blanche classe A, obtenue \u00e0 partir d\u2019un panneau plat usin\u00e9 avec des machines CNC et profil\u00e9e en aluminium et acier plastifi\u00e9.<\/li>\n<li>Grande fen\u00eatre d\u2019inspection en plexiglas transparent r\u00e9alis\u00e9e dans la porte (en option porte en plexiglas 100% transparent).<\/li>\n<li>De un \u00e0 quatre niveaux pour les bassins \u00e0 \u0153ufs\n<ul>\n<li>Chaque niveau est \u00e9quip\u00e9 d&rsquo;un panier version Z rectangulaire en maille m\u00e9tallique avec traitement galvanique de 35 x 48 cm avec bords lat\u00e9raux hauteur 6 cm (en option, il est possible de choisir la version X qui comprend \u00e0 la fois les niveaux d&rsquo;appui et les paniers en acier inoxydable AISI 304B2).<\/li>\n<li>Les paniers sont enti\u00e8rement amovibles pour faciliter la manipulation et la gestion des bassins \u00e0 \u0153ufs (bassins non inclus).<\/li>\n<\/ul>\n<\/li>\n<li>Contr\u00f4leur \u00e0 micro-ordinateur PID (version D) avec capteur num\u00e9rique de temp\u00e9rature et d\u2019humidit\u00e9 unifi\u00e9 et alarmes de minimale et maximale. Il lit et maintient la Temp\u00e9rature et l\u2019Humidit\u00e9 Relative.<\/li>\n<li>Possible r\u00e9trogradation \u00ab\u00a0\u00e0 des performances inf\u00e9rieures\u00a0\u00bb seule lecture de l&rsquo;humidit\u00e9\u00a0et r\u00e9glage manuel de l\u2019humidit\u00e9 gr\u00e2ce \u00e0 des bacs \u00e0 eau (bacs \u00e0 eau amovibles et remplissage d\u2019eau de l\u2019ext\u00e9rieur sans qu\u2019il soit n\u00e9cessaire d\u2019ouvrir la porte de la machine. Pour augmenter la r\u00e9serve d\u2019eau, un kit de support est fourni avec un bouchon sp\u00e9cial avec valve, qui s\u2019adapte \u00e0 toute bouteille d\u2019eau en plastique (bouteille non incluse).<\/li>\n<li>Protection int\u00e9grale des parties \u00e9lectriques et m\u00e9caniques.<\/li>\n<li>Puissance de watt 163 et consommation moyenne de 41 watt\/heure.<\/li>\n<li>Conception et construction selon les normes CEE.<\/li>\n<li>Tension Vac 230+10\/-15% HZ. 50\u00b10.5%.<\/li>\n<li><strong>Garantie de 3 ans pour tout d\u00e9faut de fabrication.<\/strong><\/li>\n<li>Exp\u00e9di\u00e9 assembl\u00e9 et pr\u00eat \u00e0 l\u2019emploi \u2013 Poids \u00e0 partir de 19 Kg.<\/li>\n<li>Notice d\u2019utilisation et d\u2019entretien avec des images pour simplifier l\u2019apprentissage et avec un tableau de temp\u00e9rature et d\u2019humidit\u00e9 selon le type d\u2019oeuf.<\/li>\n<\/ul>\n<p>Si chaque panier \u00e9tait utilis\u00e9 sans bassin avec z\u00e9olite ou terre, il aurait une capacit\u00e9 d&rsquo;environ 50 \u0153ufs testudo hermanni et testudo grecae, la taille du bassin (non inclus) change la capacit\u00e9 d\u00e9crite.<\/p>\n<p><em>Les \u0153ufs de tortues terrestres (testudo hermanni et testudo grecae) mesurent en moyenne 40 x 30 mm. et ont un poids moyen de 20 grammes. Les tailles et le poids peuvent varier de \u00b1 20% en fonction de la zone d&rsquo;origine, de la sous-esp\u00e8ce \u00e0 laquelle elle appartient et de l&rsquo;\u00e2ge de la tortue.<\/em><\/p>\n","protected":false},"excerpt":{"rendered":"<h3>Incubateur configurable et sp\u00e9cifique pour \u0153ufs de tortue, serpent, gecko, etc. etc.<\/h3>\n<p>Structure en PVC expans\u00e9 thermo-isolant, r\u00e9gulateur de temp\u00e9rature et d&rsquo;humidit\u00e9 + affichage digital + humidificateur automatique, de un \u00e0 quatre niveaux et bien plus.<\/p>\n<p><strong>Garantie 3 ANS<\/strong><\/p>\n<p><strong>Con\u00e7u et fabriqu\u00e9 \u00e0 Como &#8211; Italie<\/strong><\/p>\n","protected":false},"featured_media":26376,"comment_status":"closed","ping_status":"closed","template":"","meta":{"_acf_changed":false},"product_brand":[],"product_cat":[150,134],"product_tag":[],"class_list":{"0":"post-29956","1":"product","2":"type-product","3":"status-publish","4":"has-post-thumbnail","6":"product_cat-incubateurs-maino-pour-exotiques","7":"product_cat-incubateurs-et-eclosoirs","9":"first","10":"instock","11":"sale","12":"taxable","13":"shipping-taxable","14":"purchasable","15":"product-type-simple"},"acf":[],"_links":{"self":[{"href":"https:\/\/maino.it\/fr\/wp-json\/wp\/v2\/product\/29956","targetHints":{"allow":["GET"]}}],"collection":[{"href":"https:\/\/maino.it\/fr\/wp-json\/wp\/v2\/product"}],"about":[{"href":"https:\/\/maino.it\/fr\/wp-json\/wp\/v2\/types\/product"}],"replies":[{"embeddable":true,"href":"https:\/\/maino.it\/fr\/wp-json\/wp\/v2\/comments?post=29956"}],"wp:featuredmedia":[{"embeddable":true,"href":"https:\/\/maino.it\/fr\/wp-json\/wp\/v2\/media\/26376"}],"wp:attachment":[{"href":"https:\/\/maino.it\/fr\/wp-json\/wp\/v2\/media?parent=29956"}],"wp:term":[{"taxonomy":"product_brand","embeddable":true,"href":"https:\/\/maino.it\/fr\/wp-json\/wp\/v2\/product_brand?post=29956"},{"taxonomy":"product_cat","embeddable":true,"href":"https:\/\/maino.it\/fr\/wp-json\/wp\/v2\/product_cat?post=29956"},{"taxonomy":"product_tag","embeddable":true,"href":"https:\/\/maino.it\/fr\/wp-json\/wp\/v2\/product_tag?post=29956"}],"curies":[{"name":"wp","href":"https:\/\/api.w.org\/{rel}","templated":true}]}}