{"id":29949,"date":"2021-03-12T13:31:20","date_gmt":"2021-03-12T12:31:20","guid":{"rendered":"https:\/\/maino.it\/prodotto\/o3m-t1-basic\/"},"modified":"2022-07-01T00:00:11","modified_gmt":"2022-06-30T22:00:11","slug":"o3m-t1-basic","status":"publish","type":"product","link":"https:\/\/maino.it\/fr\/prodotto\/o3m-t1-basic\/","title":{"rendered":"O3M T1 BASIC"},"content":{"rendered":"<h2 style=\"text-align: center;\"><img loading=\"lazy\" decoding=\"async\" class=\"alignnone wp-image-27575\" src=\"https:\/\/maino.it\/wp-content\/uploads\/2021\/01\/ita-cert-300x300.png\" alt=\"\" width=\"120\" height=\"120\" srcset=\"https:\/\/maino.it\/wp-content\/uploads\/2021\/01\/ita-cert-300x300.png 300w, https:\/\/maino.it\/wp-content\/uploads\/2021\/01\/ita-cert-150x150.png 150w, https:\/\/maino.it\/wp-content\/uploads\/2021\/01\/ita-cert-100x100.png 100w, https:\/\/maino.it\/wp-content\/uploads\/2021\/01\/ita-cert.png 304w\" sizes=\"auto, (max-width: 120px) 100vw, 120px\" \/><\/h2>\n<h2 style=\"text-align: center;\">G\u00e9n\u00e9rateur d&rsquo;Ozone T1 BASIC &#8211; Produit Italien<\/h2>\n<ul>\n<li>G\u00e9n\u00e9rateur d&rsquo;ozone pour assainir tous les environnements avec les caract\u00e9ristiques techniques suivantes:<\/li>\n<li>Haute performance assainissante, il \u00e9limine les virus, agents pathog\u00e8nes, bact\u00e9ries en quelques minutes, \u00e9limine les puanteurs, odeurs d\u00e9sagr\u00e9ables, champignons, moisissures, spores, acariens, etc., laissant l&rsquo;environnement avec une sensation de fra\u00eecheur, r\u00e9oxyg\u00e9n\u00e9 et agr\u00e9ablement d\u00e9sodoris\u00e9.<\/li>\n<li>Bo\u00eete en m\u00e9tal plastifi\u00e9 blanc (haute r\u00e9sistance \u00e0 la corrosion).<\/li>\n<li>Programmateur de fonctionnement pour le traitement de pi\u00e8ce jusqu&rsquo;\u00e0 90 m3 en 60 minutes.\n<ul>\n<li>Fonctionnement en temps Unique \u00ab\u00a0en l&rsquo;absence de personnes et d&rsquo;animaux\u00a0\u00bb.<\/li>\n<li>Fonctionnement en temps Cyclique infini \u00ab\u00a0m\u00eame en pr\u00e9sence de personnes et d&rsquo;animaux\u00a0\u00bb &#8211; TWA-TLV.<\/li>\n<\/ul>\n<\/li>\n<li>Arr\u00eat automatique \u00e0 la fin de la fonction.<\/li>\n<li>Distribution d&rsquo;ozone avec ventilateur int\u00e9gr\u00e9.<\/li>\n<li>Interrupteur principal.<\/li>\n<li>Voyant d&rsquo;avertissement d&rsquo;ozone en production.<\/li>\n<li>Alimentation tr\u00e8s basse tension.<\/li>\n<li>C\u00e2ble avec alimentateur 230Volt.<\/li>\n<li>Puissance totale 40 Watt.<\/li>\n<li>Fabriqu\u00e9 en Italie dans notre si\u00e8ge de Como.<\/li>\n<li>Notice d&rsquo;utilisation avec tableau des temps pour le type d&rsquo;environnement \u00e0 traiter.<\/li>\n<li>Certifi\u00e9 CE.<\/li>\n<li>Dimensions cm. 20 x 30 x 11,5.<\/li>\n<li>Poids Kg. 2,2.<\/li>\n<\/ul>\n","protected":false},"excerpt":{"rendered":"<h5 style=\"text-align: center;\"><span style=\"color: #db0d0d;\"><strong>OPERATIO MAISON S\u00dbRE<br \/>\n<\/strong><strong>prix promotionnel jusqu&rsquo;\u00e0 la fin de la pand\u00e9mie CoVid-19<\/strong><\/span><\/h5>\n<p><em>T1 BASIC est le g\u00e9n\u00e9rateur d&rsquo;ozone <span style=\"text-decoration: underline;\">d&rsquo;\u00e9ntr\u00e9e de gamme<\/span> qui \u00e9limine rapidement tous les virus, bact\u00e9ries, moisissures, spores, etc. de l&rsquo;air, il \u00e9limine les mauvaises odeurs et les ar\u00f4mes sans avoir besoin d&rsquo;autres produits chimiques ou d\u00e9odorants<\/em><em>. Il est enti\u00e8rement produit par nous O3M en Italie, il est facile \u00e0 programmer. Alimentation basse tension, haut degr\u00e9 de s\u00e9curit\u00e9.<\/em><\/p>\n<p><em>La section O3M by Maino con\u00e7oit et fabrique des g\u00e9n\u00e9rateurs d&rsquo;ozone en Italie depuis 1984, nos g\u00e9n\u00e9rateurs sont utilis\u00e9s depuis de nombreuses ann\u00e9es dans les secteurs civil, sanitaire, industriel, pharmaceutique, militaire, etc. pour r\u00e9soudre de graves probl\u00e8mes l\u00e0 o\u00f9 la chimie et la science \u00e9chouent.<\/em><\/p>\n","protected":false},"featured_media":28499,"comment_status":"closed","ping_status":"closed","template":"","meta":{"_acf_changed":false},"product_brand":[],"product_cat":[244],"product_tag":[],"class_list":{"0":"post-29949","1":"product","2":"type-product","3":"status-publish","4":"has-post-thumbnail","6":"product_cat-o3m-generateurs","8":"first","9":"instock","10":"sale","11":"taxable","12":"shipping-taxable","13":"purchasable","14":"product-type-simple"},"acf":[],"_links":{"self":[{"href":"https:\/\/maino.it\/fr\/wp-json\/wp\/v2\/product\/29949","targetHints":{"allow":["GET"]}}],"collection":[{"href":"https:\/\/maino.it\/fr\/wp-json\/wp\/v2\/product"}],"about":[{"href":"https:\/\/maino.it\/fr\/wp-json\/wp\/v2\/types\/product"}],"replies":[{"embeddable":true,"href":"https:\/\/maino.it\/fr\/wp-json\/wp\/v2\/comments?post=29949"}],"wp:featuredmedia":[{"embeddable":true,"href":"https:\/\/maino.it\/fr\/wp-json\/wp\/v2\/media\/28499"}],"wp:attachment":[{"href":"https:\/\/maino.it\/fr\/wp-json\/wp\/v2\/media?parent=29949"}],"wp:term":[{"taxonomy":"product_brand","embeddable":true,"href":"https:\/\/maino.it\/fr\/wp-json\/wp\/v2\/product_brand?post=29949"},{"taxonomy":"product_cat","embeddable":true,"href":"https:\/\/maino.it\/fr\/wp-json\/wp\/v2\/product_cat?post=29949"},{"taxonomy":"product_tag","embeddable":true,"href":"https:\/\/maino.it\/fr\/wp-json\/wp\/v2\/product_tag?post=29949"}],"curies":[{"name":"wp","href":"https:\/\/api.w.org\/{rel}","templated":true}]}}