{"id":29947,"date":"2019-01-07T09:41:38","date_gmt":"2019-01-07T08:41:38","guid":{"rendered":"https:\/\/maino.it\/prodotto\/aggiornamento-controller-mxpt\/"},"modified":"2021-12-06T16:59:40","modified_gmt":"2021-12-06T15:59:40","slug":"aggiornamento-controller-mxpt","status":"publish","type":"product","link":"https:\/\/maino.it\/fr\/prodotto\/aggiornamento-controller-mxpt\/","title":{"rendered":"Mise \u00e0 jour Contr\u00f4leur MXPT"},"content":{"rendered":"<p style=\"text-align: center;\"><strong><span style=\"font-size: 20px;\">Mise \u00e0 jour Contr\u00f4leur MXPT<\/span><\/strong><\/p>\n<p>Dans le but de rendre nos produits plus performants, nous avons introduit un nouveau capteur unique (code R01565D) technologiquement plus moderne, qui remplace les anciens capteurs analogiques sonde de temp\u00e9rature et \u00e9ventuelle sonde d&rsquo;humidit\u00e9 \u00e0 bulbe humide (tr\u00e8s pr\u00e9cise mais peu pratique). Ce nouveau composant communique directement avec le microprocesseur qui, ne perdant pas de temps dans d&rsquo;autres op\u00e9rations, utilise la puissance de calcul \u00e0 la gestion de la temp\u00e9rature et de l&rsquo;humidit\u00e9. L&rsquo;augmentation des performances par rapport \u00e0 la version pr\u00e9c\u00e9dente permet d&rsquo;obtenir plus de pr\u00e9cision avec un affichage tr\u00e8s lin\u00e9aire de la temp\u00e9rature et de l&rsquo;humidit\u00e9.<\/p>\n<p><em>La transition vers cette nouvelle technologie est disponible en option, \u00e9galement pour tous les propri\u00e9taires d&rsquo;incubateurs et d&rsquo;\u00e9closoirs \u00e9quip\u00e9s de contr\u00f4leurs MXPT et d&rsquo;anciens capteurs analogiques, mais uniquement en renvoyant le contr\u00f4leur (ou une partie de la machine) \u00e0 notre si\u00e8ge social.<\/em><\/p>\n<p><em>L&rsquo;op\u00e9ration consiste \u00e0 mettre \u00e0 jour le syst\u00e8me d&rsquo;exploitation et \u00e0 remplacer 1 ou 2 capteurs analogiques (selon mod\u00e8le) par un seul nouveau capteur R01565D. \u00c9videmment, si la machine contr\u00f4lait \u00e9galement l&rsquo;humidit\u00e9, il n&rsquo;y aurait plus besoin de m\u00e8ches.<\/em><\/p>\n<p><strong>L&rsquo;offre est structur\u00e9e comme suit:<\/strong><\/p>\n<ul>\n<li>Retirez uniquement le contr\u00f4leur (sans sondes), ou uniquement la partie sup\u00e9rieure de la machine.<\/li>\n<li>Emballez bien tout.<\/li>\n<li>Lorsque tout est pr\u00eat, appelez et nous enverrons notre transporteur conventionn\u00e9 pour r\u00e9cup\u00e9rer le colis chez vous pour son retour \u00e0 notre bureau. (valide uniquement pour l&rsquo;Italie)<\/li>\n<li>D\u00e8s r\u00e9ception, le contr\u00f4leur sera mis \u00e0 jour avec le nouveau syst\u00e8me d&rsquo;exploitation et le nouveau capteur R01565D sera install\u00e9.<\/li>\n<li>L&rsquo;\u00e9talonnage du capteur sera alors effectu\u00e9.<\/li>\n<li>A la fin de l&rsquo;op\u00e9ration, le tout sera \u00e0 nouveau emball\u00e9 et renvoy\u00e9 \u00e0 l&rsquo;adresse o\u00f9 nous l&rsquo;avions pr\u00e9c\u00e9demment r\u00e9cup\u00e9r\u00e9.<\/li>\n<\/ul>\n<p><em>Attention, pour les futures op\u00e9rations d&rsquo;\u00e9talonnage recommand\u00e9es au d\u00e9but de chaque saison et aussi pour v\u00e9rifier le parfait fonctionnement de la machine, nous recommandons l&rsquo;achat de l&rsquo;accessoire suivant:<\/em><\/p>\n<p><a href=\"https:\/\/maino.it\/fr\/prodotto\/rtd200-termometro-lcd-di-precisione\/\">https:\/\/maino.it\/fr\/prodotto\/rtd200-termometro-lcd-di-precisione\/<\/a><\/p>\n","protected":false},"excerpt":{"rendered":"<p>Mise \u00e0 jour Contr\u00f4leur MXPT Dans le but de rendre nos produits plus performants, nous avons introduit un nouveau capteur unique (code R01565D) technologiquement plus moderne, qui remplace les anciens capteurs analogiques sonde de temp\u00e9rature et \u00e9ventuelle sonde d&rsquo;humidit\u00e9 \u00e0 bulbe humide (tr\u00e8s pr\u00e9cise mais peu pratique). Ce nouveau composant communique directement avec le microprocesseur [&hellip;]<\/p>\n","protected":false},"featured_media":31044,"comment_status":"closed","ping_status":"closed","template":"","meta":{"_acf_changed":false},"product_brand":[],"product_cat":[183,198],"product_tag":[],"class_list":{"0":"post-29947","1":"product","2":"type-product","3":"status-publish","4":"has-post-thumbnail","6":"product_cat-pieces-detachees-elevage","7":"product_cat-thermostats-fr","9":"first","10":"instock","11":"virtual","12":"taxable","13":"purchasable","14":"product-type-simple"},"acf":[],"_links":{"self":[{"href":"https:\/\/maino.it\/fr\/wp-json\/wp\/v2\/product\/29947","targetHints":{"allow":["GET"]}}],"collection":[{"href":"https:\/\/maino.it\/fr\/wp-json\/wp\/v2\/product"}],"about":[{"href":"https:\/\/maino.it\/fr\/wp-json\/wp\/v2\/types\/product"}],"replies":[{"embeddable":true,"href":"https:\/\/maino.it\/fr\/wp-json\/wp\/v2\/comments?post=29947"}],"wp:featuredmedia":[{"embeddable":true,"href":"https:\/\/maino.it\/fr\/wp-json\/wp\/v2\/media\/31044"}],"wp:attachment":[{"href":"https:\/\/maino.it\/fr\/wp-json\/wp\/v2\/media?parent=29947"}],"wp:term":[{"taxonomy":"product_brand","embeddable":true,"href":"https:\/\/maino.it\/fr\/wp-json\/wp\/v2\/product_brand?post=29947"},{"taxonomy":"product_cat","embeddable":true,"href":"https:\/\/maino.it\/fr\/wp-json\/wp\/v2\/product_cat?post=29947"},{"taxonomy":"product_tag","embeddable":true,"href":"https:\/\/maino.it\/fr\/wp-json\/wp\/v2\/product_tag?post=29947"}],"curies":[{"name":"wp","href":"https:\/\/api.w.org\/{rel}","templated":true}]}}