{"id":29937,"date":"2016-05-03T15:11:16","date_gmt":"2016-05-03T13:11:16","guid":{"rendered":"https:\/\/maino.it\/prodotto\/r1571d-controllo-climatico-mxpd-per-incubatrici\/"},"modified":"2021-12-01T17:08:45","modified_gmt":"2021-12-01T16:08:45","slug":"r1571d-controllo-climatico-mxpd-per-incubatrici","status":"publish","type":"product","link":"https:\/\/maino.it\/fr\/prodotto\/r1571d-controllo-climatico-mxpd-per-incubatrici\/","title":{"rendered":"R1571D Contr\u00f4leur climatique MXPD pour couveuses"},"content":{"rendered":"<p>Contr\u00f4leur climatique MXPD avec alimentation \u00e0 d\u00e9coupage int\u00e9gr\u00e9e et affichage num\u00e9rique qui peut \u00eatre utilis\u00e9 pour n\u2019importe quel incubateur ou \u00e9closoir, complet avec capteur unifi\u00e9 de temp\u00e9rature et d&rsquo;humidit\u00e9 \u00e0 technologie num\u00e9rique.<\/p>\n<p>Cet appareil a \u00e9t\u00e9 sp\u00e9cialement con\u00e7u pour lire et r\u00e9gler les param\u00e8tres essentiels des incubateurs et \u00e9closoirs de notre production, mais il s\u2019adapte \u00e0 toute autre machine, m\u00eame auto-construite.<\/p>\n<p>Il n\u2019est pas n\u00e9cessaire de savoir programmer et il n\u2019est m\u00eame pas n\u00e9cessaire de modifier les param\u00e8tres de gestion, nous avons d\u00e9j\u00e0 tout fait.<\/p>\n<p>L\u2019alimentation \u00e0 d\u00e9coupage permet au contr\u00f4leur MXPD de fonctionner m\u00eame en pr\u00e9sence de lignes \u00e9lectriques perturb\u00e9es et avec des tensions fluctuantes, probl\u00e8mes typiques des zones rurales ou \u00e9loign\u00e9es des centre-ville.<\/p>\n<p>Le capteur unifi\u00e9 \u00e0 technologie num\u00e9rique communique directement avec le microprocesseur du contr\u00f4le MXPD en envoyant les donn\u00e9es de temp\u00e9rature et d&rsquo;humidit\u00e9 relative.<\/p>\n<p>L\u2019appareil est enti\u00e8rement r\u00e9glable et le capteur peut \u00eatre \u00e9talonn\u00e9 pour assurer une efficacit\u00e9 de contr\u00f4le totale.<\/p>\n<ul>\n<li>Pr\u00e9cision de la temp\u00e9rature au dixi\u00e8me de degr\u00e9 centigrade.<\/li>\n<li>Pr\u00e9cision de l&rsquo;humidit\u00e9 relative \u00e0 un degr\u00e9 de pourcentage.<\/li>\n<\/ul>\n<p>Cette commande MXPD est une version sup\u00e9rieure qui peut g\u00e9rer <strong>une charge de chauffage jusqu\u2019\u00e0 500 Watts<\/strong> de puissance gr\u00e2ce au relais statique d\u00e9j\u00e0 pr\u00e9sent, la particularit\u00e9 de ce composant est qu\u2019il est tout \u00e9lectronique et l\u2019absence totale de composants m\u00e9caniques le rend tr\u00e8s pr\u00e9cis dans la r\u00e9gulation, infatigable et long -dur\u00e9e.<\/p>\n<p>En plus de la lecture et du contr\u00f4le de la temp\u00e9rature, l&rsquo;humidit\u00e9 relative est \u00e9galement affich\u00e9e sur le m\u00eame affichage num\u00e9rique.<\/p>\n<p>En option, une carte fille (R001563) est disponible en accessoire qui ajoute la r\u00e9gulation de l&rsquo;humidit\u00e9 relative g\u00e9r\u00e9e via un relais statique suppl\u00e9mentaire d\u00e9j\u00e0 pr\u00e9sent sur la carte fille pouvant piloter un humidificateur jusqu&rsquo;\u00e0 70 Watt de puissance (ou notre humidificateur R1469B) pour une production parfaite de l&rsquo;humidit\u00e9 avec une grande pr\u00e9cision.<\/p>\n<p>Le manuel accompagn\u00e9 d\u2019images permet une installation parfaite sans erreurs et une utilisation simplifi\u00e9e.<\/p>\n<p>Caract\u00e9ristiques techniques du KIT:<\/p>\n<ul>\n<li>No.1 R1571D Contr\u00f4leur MXPD d\u00e9j\u00e0 install\u00e9 par nos soins dans une bo\u00eete en m\u00e9tal galvanis\u00e9 et plastifi\u00e9 \u00e0 appliquer \u00e0 l\u2019ext\u00e9rieur de la machine<\/li>\n<li>No.1 Capteur unifi\u00e9 de Temp\u00e9rature et Humidit\u00e9 relative \u00e0 technologie num\u00e9rique avec c\u00e2ble de connexion de 50 centim\u00e8tres de longueur<\/li>\n<li>No.1 C\u00e2blage pr\u00e9-assembl\u00e9 avec borne mammouth 6 p\u00f4les<\/li>\n<li>Vis de fixation autoperceuses<\/li>\n<li>Produit selon les normes CEE<\/li>\n<li>Enti\u00e8rement con\u00e7u et fabriqu\u00e9 en Italie<\/li>\n<li><strong>Puissance maximale applicable 500 Watt<\/strong> (ou 2 r\u00e9sistances version R000712 ou R00B712)<\/li>\n<li>Notice d\u2019installation et d\u2019utilisation<\/li>\n<li>Plage de travail et pr\u00e9cisione:\n<ul>\n<li>Temp\u00e9rature de 10 \u00e0 50 degr\u00e9s centigrades avec pr\u00e9cision \u00e0 0,1 degr\u00e9s<\/li>\n<li>Humidit\u00e9 de 5 \u00e0 95% avec une pr\u00e9cision de 1%<\/li>\n<\/ul>\n<\/li>\n<\/ul>\n","protected":false},"excerpt":{"rendered":"<p>Attention!<\/p>\n<p>Pour plus de fonctions et pour assurer une compatibilit\u00e9 totale, veuillez s\u00e9lectionner les champs suivants:<\/p>\n","protected":false},"featured_media":28471,"comment_status":"closed","ping_status":"closed","template":"","meta":{"_acf_changed":false},"product_brand":[],"product_cat":[183,198],"product_tag":[],"class_list":{"0":"post-29937","1":"product","2":"type-product","3":"status-publish","4":"has-post-thumbnail","6":"product_cat-pieces-detachees-elevage","7":"product_cat-thermostats-fr","9":"first","10":"instock","11":"sale","12":"taxable","13":"shipping-taxable","14":"purchasable","15":"product-type-simple"},"acf":[],"_links":{"self":[{"href":"https:\/\/maino.it\/fr\/wp-json\/wp\/v2\/product\/29937","targetHints":{"allow":["GET"]}}],"collection":[{"href":"https:\/\/maino.it\/fr\/wp-json\/wp\/v2\/product"}],"about":[{"href":"https:\/\/maino.it\/fr\/wp-json\/wp\/v2\/types\/product"}],"replies":[{"embeddable":true,"href":"https:\/\/maino.it\/fr\/wp-json\/wp\/v2\/comments?post=29937"}],"wp:featuredmedia":[{"embeddable":true,"href":"https:\/\/maino.it\/fr\/wp-json\/wp\/v2\/media\/28471"}],"wp:attachment":[{"href":"https:\/\/maino.it\/fr\/wp-json\/wp\/v2\/media?parent=29937"}],"wp:term":[{"taxonomy":"product_brand","embeddable":true,"href":"https:\/\/maino.it\/fr\/wp-json\/wp\/v2\/product_brand?post=29937"},{"taxonomy":"product_cat","embeddable":true,"href":"https:\/\/maino.it\/fr\/wp-json\/wp\/v2\/product_cat?post=29937"},{"taxonomy":"product_tag","embeddable":true,"href":"https:\/\/maino.it\/fr\/wp-json\/wp\/v2\/product_tag?post=29937"}],"curies":[{"name":"wp","href":"https:\/\/api.w.org\/{rel}","templated":true}]}}