{"id":29920,"date":"2016-06-17T08:04:57","date_gmt":"2016-06-17T06:04:57","guid":{"rendered":"https:\/\/maino.it\/prodotto\/r1570-controllo-climatico-mxpt-per-incubatrici\/"},"modified":"2021-11-30T17:18:19","modified_gmt":"2021-11-30T16:18:19","slug":"r1570-controllo-climatico-mxpt-per-incubatrici","status":"publish","type":"product","link":"https:\/\/maino.it\/fr\/prodotto\/r1570-controllo-climatico-mxpt-per-incubatrici\/","title":{"rendered":"R1570 Contr\u00f4leur climatique MXPT pour couveuses"},"content":{"rendered":"<p>Contr\u00f4leur climatique MXPT avec alimentation \u00e0 d\u00e9coupage int\u00e9gr\u00e9e et affichage num\u00e9rique qui peut \u00eatre utilis\u00e9 pour n&rsquo;importe quel incubateur ou \u00e9closoir, complet avec capteur de temp\u00e9rature.<\/p>\n<p>Cet appareil a \u00e9t\u00e9 sp\u00e9cialement con\u00e7u pour lire et r\u00e9gler la temp\u00e9rature des incubateurs et \u00e9closoirs de notre production, mais il s&rsquo;adapte \u00e0 toute autre machine, m\u00eame auto-construite.<\/p>\n<p>Il n&rsquo;est pas n\u00e9cessaire de savoir programmer et il n&rsquo;est m\u00eame pas n\u00e9cessaire de modifier les param\u00e8tres de gestion, nous avons d\u00e9j\u00e0 tout fait.<\/p>\n<p>L&rsquo;alimentation \u00e0 d\u00e9coupage permet au contr\u00f4leur MXPT de fonctionner m\u00eame en pr\u00e9sence de lignes \u00e9lectriques perturb\u00e9es et avec des tensions fluctuantes, probl\u00e8mes typiques des zones rurales ou \u00e9loign\u00e9es des centre-ville.<\/p>\n<p>L&rsquo;appareil est enti\u00e8rement r\u00e9glable et le capteur peut \u00eatre \u00e9talonn\u00e9 pour assurer une efficacit\u00e9 de contr\u00f4le totale.<\/p>\n<ul>\n<li>Pr\u00e9cision de la temp\u00e9rature au dixi\u00e8me de degr\u00e9 centigrade.<\/li>\n<\/ul>\n<p>Cette commande MXPT peut g\u00e9rer une charge de chauffage jusqu&rsquo;\u00e0 150 Watts de puissance gr\u00e2ce au relais statique d\u00e9j\u00e0 pr\u00e9sent, la particularit\u00e9 de ce composant est qu&rsquo;il est tout \u00e9lectronique et l&rsquo;absence totale de composants m\u00e9caniques le rend tr\u00e8s pr\u00e9cis dans la r\u00e9gulation, infatigable et long -dur\u00e9e.<\/p>\n<p>Le manuel accompagn\u00e9 d&rsquo;images permet une installation parfaite sans erreurs et une utilisation simplifi\u00e9e.<\/p>\n<p>Caract\u00e9ristiques techniques du KIT :<\/p>\n<ul>\n<li>No.1 Contr\u00f4leur MXPT d\u00e9j\u00e0 install\u00e9 par nos soins dans une bo\u00eete en m\u00e9tal galvanis\u00e9 et plastifi\u00e9 \u00e0 appliquer \u00e0 l&rsquo;ext\u00e9rieur de la machine<\/li>\n<li>No.1 Capteur de temp\u00e9rature avec c\u00e2ble de connexion d&rsquo;environ 50 centim\u00e8tres de longueur<\/li>\n<li>No.1 C\u00e2blage\u00a0pr\u00e9-assembl\u00e9 avec borne mammouth 6 p\u00f4les<\/li>\n<li>Vis de fixation autoperceuses<\/li>\n<li>Produit selon les normes CEE<\/li>\n<li>Enti\u00e8rement con\u00e7u et fabriqu\u00e9 en Italie<\/li>\n<li>Puissance maximale applicable 150 Watt (ou 1 r\u00e9sistance R00A712)<\/li>\n<li>Notice d&rsquo;installation et d&rsquo;utilisation<\/li>\n<li>Plage de travail et pr\u00e9cision:\n<ul>\n<li>Temp\u00e9rature de 10 \u00e0 50 degr\u00e9s centigrades avec pr\u00e9cision \u00e0 0,1 degr\u00e9s<\/li>\n<\/ul>\n<\/li>\n<\/ul>\n","protected":false},"excerpt":{"rendered":"<p>Contr\u00f4leur climatique MXPT avec alimentation \u00e0 d\u00e9coupage int\u00e9gr\u00e9e et affichage num\u00e9rique qui peut \u00eatre utilis\u00e9 pour n&rsquo;importe quel incubateur ou \u00e9closoir, complet avec capteur de temp\u00e9rature. Cet appareil a \u00e9t\u00e9 sp\u00e9cialement con\u00e7u pour lire et r\u00e9gler la temp\u00e9rature des incubateurs et \u00e9closoirs de notre production, mais il s&rsquo;adapte \u00e0 toute autre machine, m\u00eame auto-construite. Il [&hellip;]<\/p>\n","protected":false},"featured_media":28465,"comment_status":"closed","ping_status":"closed","template":"","meta":{"_acf_changed":false},"product_brand":[],"product_cat":[183,198],"product_tag":[],"class_list":{"0":"post-29920","1":"product","2":"type-product","3":"status-publish","4":"has-post-thumbnail","6":"product_cat-pieces-detachees-elevage","7":"product_cat-thermostats-fr","9":"first","10":"instock","11":"sale","12":"taxable","13":"shipping-taxable","14":"purchasable","15":"product-type-simple"},"acf":[],"_links":{"self":[{"href":"https:\/\/maino.it\/fr\/wp-json\/wp\/v2\/product\/29920","targetHints":{"allow":["GET"]}}],"collection":[{"href":"https:\/\/maino.it\/fr\/wp-json\/wp\/v2\/product"}],"about":[{"href":"https:\/\/maino.it\/fr\/wp-json\/wp\/v2\/types\/product"}],"replies":[{"embeddable":true,"href":"https:\/\/maino.it\/fr\/wp-json\/wp\/v2\/comments?post=29920"}],"wp:featuredmedia":[{"embeddable":true,"href":"https:\/\/maino.it\/fr\/wp-json\/wp\/v2\/media\/28465"}],"wp:attachment":[{"href":"https:\/\/maino.it\/fr\/wp-json\/wp\/v2\/media?parent=29920"}],"wp:term":[{"taxonomy":"product_brand","embeddable":true,"href":"https:\/\/maino.it\/fr\/wp-json\/wp\/v2\/product_brand?post=29920"},{"taxonomy":"product_cat","embeddable":true,"href":"https:\/\/maino.it\/fr\/wp-json\/wp\/v2\/product_cat?post=29920"},{"taxonomy":"product_tag","embeddable":true,"href":"https:\/\/maino.it\/fr\/wp-json\/wp\/v2\/product_tag?post=29920"}],"curies":[{"name":"wp","href":"https:\/\/api.w.org\/{rel}","templated":true}]}}