{"id":29907,"date":"2019-01-09T10:01:25","date_gmt":"2019-01-09T09:01:25","guid":{"rendered":"https:\/\/maino.it\/prodotto\/istruzioni-incubatrice\/"},"modified":"2022-06-22T15:21:58","modified_gmt":"2022-06-22T13:21:58","slug":"istruzioni-incubatrice","status":"publish","type":"product","link":"https:\/\/maino.it\/fr\/prodotto\/istruzioni-incubatrice\/","title":{"rendered":"NOTICE D&rsquo;UTILISATION COUVEUSES"},"content":{"rendered":"<p style=\"text-align: center;\"><strong><span style=\"font-family: georgia, palatino, serif; font-size: 20px;\">NOTICE D&rsquo;UTILISATION COUVEUSES:<\/span><\/strong><\/p>\n<p>Pour obtenir et recevoir une copie de la notice de votre couveuse, vous devez d&rsquo;abord v\u00e9rifier le num\u00e9ro de s\u00e9rie de votre machine, et le mod\u00e8le exact, puis indiquer et valider ces informations, dans l&rsquo;espace pr\u00e9vu pour les <strong>Informations Compl\u00e9mentaires &#8211; Notes sur la commande ( facultatif)<\/strong> que vous trouverez en poursuivant l&rsquo;achat.<\/p>\n<p><span style=\"font-family: georgia, palatino, serif;\">Nous fabriquons et vendons incubateurs et \u00e9closoirs depuis 1945, les mod\u00e8les sont encore tr\u00e8s nombreux dans autant de variantes, diff\u00e9rents pays par pays, comme ils l&rsquo;ont toujours \u00e9t\u00e9, notre base de donn\u00e9es est trop riche et vari\u00e9e pour \u00eatre facilement accessible, d&rsquo;ailleurs tous nos savoir-faire il fait partie int\u00e9grante de nos actifs intellectuels, nous ne pensons donc pas qu&rsquo;il soit juste de le rendre public, nous ne fournissons donc pas d&rsquo;instructions pour le t\u00e9l\u00e9chargement. Les instructions seront envoy\u00e9es avec le service Crono Poste Italienne (valide uniquement pour l&rsquo;Italie &#8211; pas pour d&rsquo;autres pays).<\/span><\/p>\n","protected":false},"excerpt":{"rendered":"<p>NOTICE D&rsquo;UTILISATION COUVEUSES: Pour obtenir et recevoir une copie de la notice de votre couveuse, vous devez d&rsquo;abord v\u00e9rifier le num\u00e9ro de s\u00e9rie de votre machine, et le mod\u00e8le exact, puis indiquer et valider ces informations, dans l&rsquo;espace pr\u00e9vu pour les Informations Compl\u00e9mentaires &#8211; Notes sur la commande ( facultatif) que vous trouverez en poursuivant [&hellip;]<\/p>\n","protected":false},"featured_media":31056,"comment_status":"closed","ping_status":"closed","template":"","meta":{"_acf_changed":false},"product_brand":[],"product_cat":[296,183],"product_tag":[],"class_list":{"0":"post-29907","1":"product","2":"type-product","3":"status-publish","4":"has-post-thumbnail","6":"product_cat-notices-utilisation","7":"product_cat-pieces-detachees-elevage","9":"first","10":"instock","11":"virtual","12":"taxable","13":"purchasable","14":"product-type-simple"},"acf":[],"_links":{"self":[{"href":"https:\/\/maino.it\/fr\/wp-json\/wp\/v2\/product\/29907","targetHints":{"allow":["GET"]}}],"collection":[{"href":"https:\/\/maino.it\/fr\/wp-json\/wp\/v2\/product"}],"about":[{"href":"https:\/\/maino.it\/fr\/wp-json\/wp\/v2\/types\/product"}],"replies":[{"embeddable":true,"href":"https:\/\/maino.it\/fr\/wp-json\/wp\/v2\/comments?post=29907"}],"wp:featuredmedia":[{"embeddable":true,"href":"https:\/\/maino.it\/fr\/wp-json\/wp\/v2\/media\/31056"}],"wp:attachment":[{"href":"https:\/\/maino.it\/fr\/wp-json\/wp\/v2\/media?parent=29907"}],"wp:term":[{"taxonomy":"product_brand","embeddable":true,"href":"https:\/\/maino.it\/fr\/wp-json\/wp\/v2\/product_brand?post=29907"},{"taxonomy":"product_cat","embeddable":true,"href":"https:\/\/maino.it\/fr\/wp-json\/wp\/v2\/product_cat?post=29907"},{"taxonomy":"product_tag","embeddable":true,"href":"https:\/\/maino.it\/fr\/wp-json\/wp\/v2\/product_tag?post=29907"}],"curies":[{"name":"wp","href":"https:\/\/api.w.org\/{rel}","templated":true}]}}