{"id":29905,"date":"2021-03-01T11:04:19","date_gmt":"2021-03-01T10:04:19","guid":{"rendered":"https:\/\/maino.it\/prodotto\/r001563-scheda-figlia-per-controllo-mxpd\/"},"modified":"2021-11-26T15:13:36","modified_gmt":"2021-11-26T14:13:36","slug":"r001563-scheda-figlia-per-controllo-mxpd","status":"publish","type":"product","link":"https:\/\/maino.it\/fr\/prodotto\/r001563-scheda-figlia-per-controllo-mxpd\/","title":{"rendered":"R001563 Carte fille pour Contr\u00f4leur MXPD"},"content":{"rendered":"<p>Carte fille, composant sp\u00e9cialement con\u00e7u pour \u00eatre log\u00e9 \u00e0 bord du contr\u00f4leur MXPD et augmenter ses caract\u00e9ristiques techniques.<\/p>\n<p>Avec l&rsquo;ajout de cette carte fille, le contr\u00f4le du syst\u00e8me d&rsquo;humidification automatique est obtenu, il n&rsquo;est pas n\u00e9cessaire de programmer quoi que ce soit, avec l&rsquo;insertion du composant le contr\u00f4leur met automatiquement \u00e0 disposition un relais statique suppl\u00e9mentaire d&rsquo;une capacit\u00e9 allant jusqu&rsquo;\u00e0 70 watts, qui permet l&rsquo;allumage et l&rsquo;extinction automatiques d&rsquo;un humidificateur tel que notre humidificateur automatique R1469B.<\/p>\n<p>La carte fille coupl\u00e9e au contr\u00f4le MXPD permet une production d&rsquo;humidit\u00e9 parfaite avec une grande pr\u00e9cision jusqu&rsquo;\u00e0 un pour cent de degr\u00e9.<\/p>\n<p>Caract\u00e9ristiques techniques:<\/p>\n<ul>\n<li>No.1 Carte Fille compl\u00e8te avec relais statique, connecteurs et supports \u00e9lastiques pour fixation au Contr\u00f4leur MXPD<\/li>\n<li>Enti\u00e8rement con\u00e7u et fabriqu\u00e9 en Italie<\/li>\n<li>Notice d&rsquo;installation et d&rsquo;utilisation<\/li>\n<li>Normes CEE<\/li>\n<\/ul>\n","protected":false},"excerpt":{"rendered":"<p>Carte fille, composant sp\u00e9cialement con\u00e7u pour \u00eatre log\u00e9 \u00e0 bord du contr\u00f4leur MXPD et augmenter ses caract\u00e9ristiques techniques. Avec l&rsquo;ajout de cette carte fille, le contr\u00f4le du syst\u00e8me d&rsquo;humidification automatique est obtenu, il n&rsquo;est pas n\u00e9cessaire de programmer quoi que ce soit, avec l&rsquo;insertion du composant le contr\u00f4leur met automatiquement \u00e0 disposition un relais statique [&hellip;]<\/p>\n","protected":false},"featured_media":28473,"comment_status":"closed","ping_status":"closed","template":"","meta":{"_acf_changed":false},"product_brand":[],"product_cat":[198],"product_tag":[],"class_list":{"0":"post-29905","1":"product","2":"type-product","3":"status-publish","4":"has-post-thumbnail","6":"product_cat-thermostats-fr","8":"first","9":"instock","10":"sale","11":"taxable","12":"shipping-taxable","13":"purchasable","14":"product-type-simple"},"acf":[],"_links":{"self":[{"href":"https:\/\/maino.it\/fr\/wp-json\/wp\/v2\/product\/29905","targetHints":{"allow":["GET"]}}],"collection":[{"href":"https:\/\/maino.it\/fr\/wp-json\/wp\/v2\/product"}],"about":[{"href":"https:\/\/maino.it\/fr\/wp-json\/wp\/v2\/types\/product"}],"replies":[{"embeddable":true,"href":"https:\/\/maino.it\/fr\/wp-json\/wp\/v2\/comments?post=29905"}],"wp:featuredmedia":[{"embeddable":true,"href":"https:\/\/maino.it\/fr\/wp-json\/wp\/v2\/media\/28473"}],"wp:attachment":[{"href":"https:\/\/maino.it\/fr\/wp-json\/wp\/v2\/media?parent=29905"}],"wp:term":[{"taxonomy":"product_brand","embeddable":true,"href":"https:\/\/maino.it\/fr\/wp-json\/wp\/v2\/product_brand?post=29905"},{"taxonomy":"product_cat","embeddable":true,"href":"https:\/\/maino.it\/fr\/wp-json\/wp\/v2\/product_cat?post=29905"},{"taxonomy":"product_tag","embeddable":true,"href":"https:\/\/maino.it\/fr\/wp-json\/wp\/v2\/product_tag?post=29905"}],"curies":[{"name":"wp","href":"https:\/\/api.w.org\/{rel}","templated":true}]}}