{"id":29903,"date":"2016-05-03T16:06:09","date_gmt":"2016-05-03T14:06:09","guid":{"rendered":"https:\/\/maino.it\/prodotto\/r01565d-sonda-digitale-unificata-per-controllo-mxpd\/"},"modified":"2022-11-10T15:50:38","modified_gmt":"2022-11-10T14:50:38","slug":"r01565d-sonda-digitale-unificata-per-controllo-mxpd","status":"publish","type":"product","link":"https:\/\/maino.it\/fr\/prodotto\/r01565d-sonda-digitale-unificata-per-controllo-mxpd\/","title":{"rendered":"R01565D Capteur num\u00e9rique unifi\u00e9 pour contr\u00f4leur MXPD"},"content":{"rendered":"<p>Le capteur unifi\u00e9 \u00e0 technologie num\u00e9rique communique directement avec le microprocesseur du contr\u00f4le MXPD en envoyant des donn\u00e9es de temp\u00e9rature et d&rsquo;humidit\u00e9 relative en temps r\u00e9el.<\/p>\n<p>Le capteur est prot\u00e9g\u00e9 de la p\u00e9n\u00e9tration de poussi\u00e8re, de plumes, de salet\u00e9 et d&rsquo;\u00e9claboussures d&rsquo;eau gr\u00e2ce \u00e0 un filtre \u00e0 membrane sp\u00e9cial (film de couleur blanche) appliqu\u00e9 par nos soins, ce qui prolonge consid\u00e9rablement sa dur\u00e9e de vie.<\/p>\n<ul>\n<li>Pr\u00e9cision de la temp\u00e9rature au dixi\u00e8me de degr\u00e9 centigrade.<\/li>\n<li>Pr\u00e9cision de l&rsquo;humidit\u00e9 relative \u00e0 un degr\u00e9 de pourcentage.<\/li>\n<\/ul>\n<p>Caract\u00e9ristiques techniques:<\/p>\n<ul>\n<li>No.1 Capteur num\u00e9rique unifi\u00e9 de temp\u00e9rature et humidit\u00e9 pour contr\u00f4leur MXPD<\/li>\n<li>No.1 C\u00e2ble de branchement entre Capteur et Contr\u00f4leur de 50 centim\u00e8tres de longueur complet de connecteurs multipolaires (le c\u00e2ble est d\u00e9j\u00e0 pr\u00e9-install\u00e9 sur le capteur)<\/li>\n<li><strong>Enti\u00e8rement con\u00e7u et fabriqu\u00e9 en Italie<\/strong><\/li>\n<li>Notice d&rsquo;installation et d&rsquo;utilisation<\/li>\n<li>Normes CEE<\/li>\n<li>Plage de travail et pr\u00e9cision:\n<ul>\n<li>Temp\u00e9rature de 10 \u00e0 50 degr\u00e9s centigrades avec pr\u00e9cision \u00e0 0,1 degr\u00e9s<\/li>\n<li>Humidit\u00e9 de 5 \u00e0 95 % avec pr\u00e9cision de 1 %<\/li>\n<\/ul>\n<\/li>\n<\/ul>\n","protected":false},"excerpt":{"rendered":"<p>Le capteur unifi\u00e9 \u00e0 technologie num\u00e9rique communique directement avec le microprocesseur du contr\u00f4le MXPD en envoyant des donn\u00e9es de temp\u00e9rature et d&rsquo;humidit\u00e9 relative en temps r\u00e9el. Le capteur est prot\u00e9g\u00e9 de la p\u00e9n\u00e9tration de poussi\u00e8re, de plumes, de salet\u00e9 et d&rsquo;\u00e9claboussures d&rsquo;eau gr\u00e2ce \u00e0 un filtre \u00e0 membrane sp\u00e9cial (film de couleur blanche) appliqu\u00e9 par [&hellip;]<\/p>\n","protected":false},"featured_media":28085,"comment_status":"closed","ping_status":"closed","template":"","meta":{"_acf_changed":false},"product_brand":[],"product_cat":[183,198],"product_tag":[],"class_list":{"0":"post-29903","1":"product","2":"type-product","3":"status-publish","4":"has-post-thumbnail","6":"product_cat-pieces-detachees-elevage","7":"product_cat-thermostats-fr","9":"first","10":"instock","11":"taxable","12":"shipping-taxable","13":"purchasable","14":"product-type-simple"},"acf":[],"_links":{"self":[{"href":"https:\/\/maino.it\/fr\/wp-json\/wp\/v2\/product\/29903","targetHints":{"allow":["GET"]}}],"collection":[{"href":"https:\/\/maino.it\/fr\/wp-json\/wp\/v2\/product"}],"about":[{"href":"https:\/\/maino.it\/fr\/wp-json\/wp\/v2\/types\/product"}],"replies":[{"embeddable":true,"href":"https:\/\/maino.it\/fr\/wp-json\/wp\/v2\/comments?post=29903"}],"wp:featuredmedia":[{"embeddable":true,"href":"https:\/\/maino.it\/fr\/wp-json\/wp\/v2\/media\/28085"}],"wp:attachment":[{"href":"https:\/\/maino.it\/fr\/wp-json\/wp\/v2\/media?parent=29903"}],"wp:term":[{"taxonomy":"product_brand","embeddable":true,"href":"https:\/\/maino.it\/fr\/wp-json\/wp\/v2\/product_brand?post=29903"},{"taxonomy":"product_cat","embeddable":true,"href":"https:\/\/maino.it\/fr\/wp-json\/wp\/v2\/product_cat?post=29903"},{"taxonomy":"product_tag","embeddable":true,"href":"https:\/\/maino.it\/fr\/wp-json\/wp\/v2\/product_tag?post=29903"}],"curies":[{"name":"wp","href":"https:\/\/api.w.org\/{rel}","templated":true}]}}