{"id":29902,"date":"2019-03-13T10:49:23","date_gmt":"2019-03-13T09:49:23","guid":{"rendered":"https:\/\/maino.it\/prodotto\/r001565-sonda-di-temperatura-per-controller-mxpt\/"},"modified":"2021-11-26T14:57:33","modified_gmt":"2021-11-26T13:57:33","slug":"r001565-sonda-di-temperatura-per-controller-mxpt","status":"publish","type":"product","link":"https:\/\/maino.it\/fr\/prodotto\/r001565-sonda-di-temperatura-per-controller-mxpt\/","title":{"rendered":"R001565 Capteur de temp\u00e9rature pour contr\u00f4leur MXPT"},"content":{"rendered":"<p>Capteur de temp\u00e9rature pour contr\u00f4leur MXPT.<\/p>\n<p>Normes CEE.<\/p>\n","protected":false},"excerpt":{"rendered":"<p>Capteur de temp\u00e9rature pour contr\u00f4leur MXPT. Normes CEE.<\/p>\n","protected":false},"featured_media":28295,"comment_status":"closed","ping_status":"closed","template":"","meta":{"_acf_changed":false},"product_brand":[],"product_cat":[183,198],"product_tag":[],"class_list":{"0":"post-29902","1":"product","2":"type-product","3":"status-publish","4":"has-post-thumbnail","6":"product_cat-pieces-detachees-elevage","7":"product_cat-thermostats-fr","9":"first","10":"instock","11":"sale","12":"taxable","13":"shipping-taxable","14":"purchasable","15":"product-type-simple"},"acf":[],"_links":{"self":[{"href":"https:\/\/maino.it\/fr\/wp-json\/wp\/v2\/product\/29902","targetHints":{"allow":["GET"]}}],"collection":[{"href":"https:\/\/maino.it\/fr\/wp-json\/wp\/v2\/product"}],"about":[{"href":"https:\/\/maino.it\/fr\/wp-json\/wp\/v2\/types\/product"}],"replies":[{"embeddable":true,"href":"https:\/\/maino.it\/fr\/wp-json\/wp\/v2\/comments?post=29902"}],"wp:featuredmedia":[{"embeddable":true,"href":"https:\/\/maino.it\/fr\/wp-json\/wp\/v2\/media\/28295"}],"wp:attachment":[{"href":"https:\/\/maino.it\/fr\/wp-json\/wp\/v2\/media?parent=29902"}],"wp:term":[{"taxonomy":"product_brand","embeddable":true,"href":"https:\/\/maino.it\/fr\/wp-json\/wp\/v2\/product_brand?post=29902"},{"taxonomy":"product_cat","embeddable":true,"href":"https:\/\/maino.it\/fr\/wp-json\/wp\/v2\/product_cat?post=29902"},{"taxonomy":"product_tag","embeddable":true,"href":"https:\/\/maino.it\/fr\/wp-json\/wp\/v2\/product_tag?post=29902"}],"curies":[{"name":"wp","href":"https:\/\/api.w.org\/{rel}","templated":true}]}}