{"id":29901,"date":"2016-06-20T08:49:10","date_gmt":"2016-06-20T06:49:10","guid":{"rendered":"https:\/\/maino.it\/prodotto\/r000524-rele-statico-alta-potenza-per-incubatrici\/"},"modified":"2021-11-26T14:55:20","modified_gmt":"2021-11-26T13:55:20","slug":"r000524-rele-statico-alta-potenza-per-incubatrici","status":"publish","type":"product","link":"https:\/\/maino.it\/fr\/prodotto\/r000524-rele-statico-alta-potenza-per-incubatrici\/","title":{"rendered":"R000524 Relais statique haute puissance pour couveuses"},"content":{"rendered":"<p>Relais statique haute puissance pour couveuses, coupl\u00e9 au contr\u00f4leur climatique version MXP ou version MXPT, il peut g\u00e9rer une <strong>charge de chauffe jusqu&rsquo;\u00e0 500 Watts<\/strong> de puissance, la particularit\u00e9 de ce composant est qu&rsquo;il est tout \u00e9lectronique et l&rsquo;absence totale de composants m\u00e9caniques le rend tr\u00e8s pr\u00e9cis dans le r\u00e9glage, infatigable et durable.<\/p>\n<p>Le manuel accompagn\u00e9 d&rsquo;images permet une installation parfaite sans erreurs et une utilisation simplifi\u00e9e.<\/p>\n<p>Caract\u00e9ristiques techniques du KIT:<\/p>\n<ul>\n<li>No.1 Relais statique haute puissance<\/li>\n<li>Vis de fixation autoperceuses<\/li>\n<li>Produit selon les normes CEE<\/li>\n<li><strong>Puissance maximale applicable 500 Watt<\/strong> (ou 2 r\u00e9sistances version R000712 ou R00B712)<\/li>\n<li>Notice d&rsquo;installation et d&rsquo;utilisation<\/li>\n<\/ul>\n","protected":false},"excerpt":{"rendered":"<p>Relais statique haute puissance pour couveuses, coupl\u00e9 au contr\u00f4leur climatique version MXP ou version MXPT, il peut g\u00e9rer une charge de chauffe jusqu&rsquo;\u00e0 500 Watts de puissance, la particularit\u00e9 de ce composant est qu&rsquo;il est tout \u00e9lectronique et l&rsquo;absence totale de composants m\u00e9caniques le rend tr\u00e8s pr\u00e9cis dans le r\u00e9glage, infatigable et durable. Le manuel [&hellip;]<\/p>\n","protected":false},"featured_media":28132,"comment_status":"closed","ping_status":"closed","template":"","meta":{"_acf_changed":false},"product_brand":[],"product_cat":[183,198],"product_tag":[],"class_list":{"0":"post-29901","1":"product","2":"type-product","3":"status-publish","4":"has-post-thumbnail","6":"product_cat-pieces-detachees-elevage","7":"product_cat-thermostats-fr","9":"first","10":"instock","11":"sale","12":"taxable","13":"shipping-taxable","14":"purchasable","15":"product-type-simple"},"acf":[],"_links":{"self":[{"href":"https:\/\/maino.it\/fr\/wp-json\/wp\/v2\/product\/29901","targetHints":{"allow":["GET"]}}],"collection":[{"href":"https:\/\/maino.it\/fr\/wp-json\/wp\/v2\/product"}],"about":[{"href":"https:\/\/maino.it\/fr\/wp-json\/wp\/v2\/types\/product"}],"replies":[{"embeddable":true,"href":"https:\/\/maino.it\/fr\/wp-json\/wp\/v2\/comments?post=29901"}],"wp:featuredmedia":[{"embeddable":true,"href":"https:\/\/maino.it\/fr\/wp-json\/wp\/v2\/media\/28132"}],"wp:attachment":[{"href":"https:\/\/maino.it\/fr\/wp-json\/wp\/v2\/media?parent=29901"}],"wp:term":[{"taxonomy":"product_brand","embeddable":true,"href":"https:\/\/maino.it\/fr\/wp-json\/wp\/v2\/product_brand?post=29901"},{"taxonomy":"product_cat","embeddable":true,"href":"https:\/\/maino.it\/fr\/wp-json\/wp\/v2\/product_cat?post=29901"},{"taxonomy":"product_tag","embeddable":true,"href":"https:\/\/maino.it\/fr\/wp-json\/wp\/v2\/product_tag?post=29901"}],"curies":[{"name":"wp","href":"https:\/\/api.w.org\/{rel}","templated":true}]}}