{"id":29900,"date":"2016-05-17T09:38:43","date_gmt":"2016-05-17T07:38:43","guid":{"rendered":"https:\/\/maino.it\/prodotto\/r000552-sonda-di-umidita-per-controller-mxp\/"},"modified":"2021-11-26T14:50:01","modified_gmt":"2021-11-26T13:50:01","slug":"r000552-sonda-di-umidita-per-controller-mxp","status":"publish","type":"product","link":"https:\/\/maino.it\/fr\/prodotto\/r000552-sonda-di-umidita-per-controller-mxp\/","title":{"rendered":"R000552 Capteur d&rsquo;humidit\u00e9 pour contr\u00f4leur MXP"},"content":{"rendered":"<p>Capteur d&rsquo;humidit\u00e9 pour contr\u00f4leur MXP<\/p>\n<p>Caract\u00e9ristiques techniques:<\/p>\n<ul>\n<li>No.1 Capteur d&rsquo;humidit\u00e9 pour contr\u00f4leur MXP<\/li>\n<li>No.1 Connecteur pour couplage sonde &#8211; syst\u00e8me (d\u00e9j\u00e0 install\u00e9)<\/li>\n<li>Notice d&rsquo;installation et d&rsquo;utilisation<\/li>\n<li>Normes CEE<\/li>\n<\/ul>\n","protected":false},"excerpt":{"rendered":"<p>Capteur d&rsquo;humidit\u00e9 pour contr\u00f4leur MXP Caract\u00e9ristiques techniques: No.1 Capteur d&rsquo;humidit\u00e9 pour contr\u00f4leur MXP No.1 Connecteur pour couplage sonde &#8211; syst\u00e8me (d\u00e9j\u00e0 install\u00e9) Notice d&rsquo;installation et d&rsquo;utilisation Normes CEE<\/p>\n","protected":false},"featured_media":28461,"comment_status":"closed","ping_status":"closed","template":"","meta":{"_acf_changed":false},"product_brand":[],"product_cat":[183,198],"product_tag":[],"class_list":{"0":"post-29900","1":"product","2":"type-product","3":"status-publish","4":"has-post-thumbnail","6":"product_cat-pieces-detachees-elevage","7":"product_cat-thermostats-fr","9":"first","10":"instock","11":"taxable","12":"shipping-taxable","13":"purchasable","14":"product-type-simple"},"acf":[],"_links":{"self":[{"href":"https:\/\/maino.it\/fr\/wp-json\/wp\/v2\/product\/29900","targetHints":{"allow":["GET"]}}],"collection":[{"href":"https:\/\/maino.it\/fr\/wp-json\/wp\/v2\/product"}],"about":[{"href":"https:\/\/maino.it\/fr\/wp-json\/wp\/v2\/types\/product"}],"replies":[{"embeddable":true,"href":"https:\/\/maino.it\/fr\/wp-json\/wp\/v2\/comments?post=29900"}],"wp:featuredmedia":[{"embeddable":true,"href":"https:\/\/maino.it\/fr\/wp-json\/wp\/v2\/media\/28461"}],"wp:attachment":[{"href":"https:\/\/maino.it\/fr\/wp-json\/wp\/v2\/media?parent=29900"}],"wp:term":[{"taxonomy":"product_brand","embeddable":true,"href":"https:\/\/maino.it\/fr\/wp-json\/wp\/v2\/product_brand?post=29900"},{"taxonomy":"product_cat","embeddable":true,"href":"https:\/\/maino.it\/fr\/wp-json\/wp\/v2\/product_cat?post=29900"},{"taxonomy":"product_tag","embeddable":true,"href":"https:\/\/maino.it\/fr\/wp-json\/wp\/v2\/product_tag?post=29900"}],"curies":[{"name":"wp","href":"https:\/\/api.w.org\/{rel}","templated":true}]}}