{"id":29899,"date":"2020-05-08T14:46:25","date_gmt":"2020-05-08T12:46:25","guid":{"rendered":"https:\/\/maino.it\/prodotto\/r000001-termostato-sicurezza\/"},"modified":"2021-11-26T14:46:56","modified_gmt":"2021-11-26T13:46:56","slug":"r000001-termostato-sicurezza","status":"publish","type":"product","link":"https:\/\/maino.it\/fr\/prodotto\/r000001-termostato-sicurezza\/","title":{"rendered":"R000001 Thermostat de s\u00e9curit\u00e9 anti-fusion"},"content":{"rendered":"<p>Thermostat de s\u00e9curit\u00e9 anti-fusion pour couveuses Brahma &#8211; Piopio &#8211; Mini Pro &#8211; Pro<\/p>\n<p>Normes CEE<\/p>\n","protected":false},"excerpt":{"rendered":"<p>Thermostat de s\u00e9curit\u00e9 anti-fusion pour couveuses Brahma &#8211; Piopio &#8211; Mini Pro &#8211; Pro Normes CEE<\/p>\n","protected":false},"featured_media":28336,"comment_status":"closed","ping_status":"closed","template":"","meta":{"_acf_changed":false},"product_brand":[],"product_cat":[183,198],"product_tag":[],"class_list":{"0":"post-29899","1":"product","2":"type-product","3":"status-publish","4":"has-post-thumbnail","6":"product_cat-pieces-detachees-elevage","7":"product_cat-thermostats-fr","9":"first","10":"instock","11":"sale","12":"taxable","13":"shipping-taxable","14":"purchasable","15":"product-type-simple"},"acf":[],"_links":{"self":[{"href":"https:\/\/maino.it\/fr\/wp-json\/wp\/v2\/product\/29899","targetHints":{"allow":["GET"]}}],"collection":[{"href":"https:\/\/maino.it\/fr\/wp-json\/wp\/v2\/product"}],"about":[{"href":"https:\/\/maino.it\/fr\/wp-json\/wp\/v2\/types\/product"}],"replies":[{"embeddable":true,"href":"https:\/\/maino.it\/fr\/wp-json\/wp\/v2\/comments?post=29899"}],"wp:featuredmedia":[{"embeddable":true,"href":"https:\/\/maino.it\/fr\/wp-json\/wp\/v2\/media\/28336"}],"wp:attachment":[{"href":"https:\/\/maino.it\/fr\/wp-json\/wp\/v2\/media?parent=29899"}],"wp:term":[{"taxonomy":"product_brand","embeddable":true,"href":"https:\/\/maino.it\/fr\/wp-json\/wp\/v2\/product_brand?post=29899"},{"taxonomy":"product_cat","embeddable":true,"href":"https:\/\/maino.it\/fr\/wp-json\/wp\/v2\/product_cat?post=29899"},{"taxonomy":"product_tag","embeddable":true,"href":"https:\/\/maino.it\/fr\/wp-json\/wp\/v2\/product_tag?post=29899"}],"curies":[{"name":"wp","href":"https:\/\/api.w.org\/{rel}","templated":true}]}}