{"id":29898,"date":"2017-04-18T09:49:37","date_gmt":"2017-04-18T07:49:37","guid":{"rendered":"https:\/\/maino.it\/prodotto\/r001667-kit-no-10-stoppini-per-sensore-umidita-fino-a-2014\/"},"modified":"2021-11-26T14:44:20","modified_gmt":"2021-11-26T13:44:20","slug":"r001667-kit-no-10-stoppini-per-sensore-umidita-fino-a-2014","status":"publish","type":"product","link":"https:\/\/maino.it\/fr\/prodotto\/r001667-kit-no-10-stoppini-per-sensore-umidita-fino-a-2014\/","title":{"rendered":"R001667 Kit no.10 m\u00e8ches pour capteur humidit\u00e9 &#8211; jusqu&rsquo;\u00e0 2014"},"content":{"rendered":"<p>M\u00e8ches de rechange pour capteur humidit\u00e9 jusqu&rsquo;\u00e0 2014<\/p>\n<p>Caract\u00e9ristiques techniques:<\/p>\n<ul>\n<li>No.10 m\u00e8ches pour capteur humidit\u00e9<\/li>\n<\/ul>\n","protected":false},"excerpt":{"rendered":"<p>M\u00e8ches de rechange pour capteur humidit\u00e9 jusqu&rsquo;\u00e0 2014 Caract\u00e9ristiques techniques: No.10 m\u00e8ches pour capteur humidit\u00e9<\/p>\n","protected":false},"featured_media":31060,"comment_status":"closed","ping_status":"closed","template":"","meta":{"_acf_changed":false},"product_brand":[],"product_cat":[183,198],"product_tag":[],"class_list":{"0":"post-29898","1":"product","2":"type-product","3":"status-publish","4":"has-post-thumbnail","6":"product_cat-pieces-detachees-elevage","7":"product_cat-thermostats-fr","9":"first","10":"instock","11":"sale","12":"taxable","13":"shipping-taxable","14":"purchasable","15":"product-type-simple"},"acf":[],"_links":{"self":[{"href":"https:\/\/maino.it\/fr\/wp-json\/wp\/v2\/product\/29898","targetHints":{"allow":["GET"]}}],"collection":[{"href":"https:\/\/maino.it\/fr\/wp-json\/wp\/v2\/product"}],"about":[{"href":"https:\/\/maino.it\/fr\/wp-json\/wp\/v2\/types\/product"}],"replies":[{"embeddable":true,"href":"https:\/\/maino.it\/fr\/wp-json\/wp\/v2\/comments?post=29898"}],"wp:featuredmedia":[{"embeddable":true,"href":"https:\/\/maino.it\/fr\/wp-json\/wp\/v2\/media\/31060"}],"wp:attachment":[{"href":"https:\/\/maino.it\/fr\/wp-json\/wp\/v2\/media?parent=29898"}],"wp:term":[{"taxonomy":"product_brand","embeddable":true,"href":"https:\/\/maino.it\/fr\/wp-json\/wp\/v2\/product_brand?post=29898"},{"taxonomy":"product_cat","embeddable":true,"href":"https:\/\/maino.it\/fr\/wp-json\/wp\/v2\/product_cat?post=29898"},{"taxonomy":"product_tag","embeddable":true,"href":"https:\/\/maino.it\/fr\/wp-json\/wp\/v2\/product_tag?post=29898"}],"curies":[{"name":"wp","href":"https:\/\/api.w.org\/{rel}","templated":true}]}}