{"id":29895,"date":"2021-04-22T18:25:46","date_gmt":"2021-04-22T16:25:46","guid":{"rendered":"https:\/\/maino.it\/prodotto\/rpel24k-pistone-voltauova-per-modelli-industriali-vecchie-versioni-e-altre-marche\/"},"modified":"2021-11-26T14:40:21","modified_gmt":"2021-11-26T13:40:21","slug":"rpel24k-pistone-voltauova-per-modelli-industriali-vecchie-versioni-e-altre-marche","status":"publish","type":"product","link":"https:\/\/maino.it\/fr\/prodotto\/rpel24k-pistone-voltauova-per-modelli-industriali-vecchie-versioni-e-altre-marche\/","title":{"rendered":"RPEL24K Piston retournement \u0153ufs pour mod\u00e8les industriels anciennes versions et autres marques"},"content":{"rendered":"<p>Piston \u00e0 commande \u00e9lectrique pour anciennes versions machines industrielles, facilement adaptable \u00e0 d&rsquo;autres marques et mod\u00e8les.<\/p>\n<ul>\n<li>Tension de fonctionnement: 230 Vca.<\/li>\n<li>Absorption \u00e0 pleine charge: 75 Watt.<\/li>\n<li>Force d\u00e9velopp\u00e9e: 800 N.<\/li>\n<li>Course totale 300 mm.<\/li>\n<li>Vitesse de fonctionnement: 10 mm\/sec.<\/li>\n<li>Course r\u00e9glable par insert filet\u00e9.<\/li>\n<li>Fins de course internes aussi bien en entr\u00e9e qu&rsquo;en sortie.<\/li>\n<li>Normes CEE.<\/li>\n<\/ul>\n","protected":false},"excerpt":{"rendered":"<ul>\n<li>Piston \u00e9lectrique pour syst\u00e8me de retournement \u0153ufs pour machines industrielles.<\/li>\n<li>Mod\u00e8le adaptable \u00e0 tous les anciens mod\u00e8les MAINO et facilement adaptable \u00e0 tout mod\u00e8le et marque d&rsquo;incubateur.<\/li>\n<li>Puissance de pouss\u00e9e\/traction \u00e9lev\u00e9e = 800 N.<\/li>\n<li>Complet avec \u0153illet r\u00e9glable et bride arri\u00e8re.<\/li>\n<li>Course r\u00e9glable de 330 \u00e0 370 mm.<\/li>\n<li>Tension de fonctionnement 230 Vca.<\/li>\n<\/ul>\n","protected":false},"featured_media":26738,"comment_status":"closed","ping_status":"closed","template":"","meta":{"_acf_changed":false},"product_brand":[],"product_cat":[208,183],"product_tag":[],"class_list":{"0":"post-29895","1":"product","2":"type-product","3":"status-publish","4":"has-post-thumbnail","6":"product_cat-moteurs-retournement-oeufs","7":"product_cat-pieces-detachees-elevage","9":"first","10":"outofstock","11":"sale","12":"taxable","13":"shipping-taxable","14":"purchasable","15":"product-type-simple"},"acf":[],"_links":{"self":[{"href":"https:\/\/maino.it\/fr\/wp-json\/wp\/v2\/product\/29895","targetHints":{"allow":["GET"]}}],"collection":[{"href":"https:\/\/maino.it\/fr\/wp-json\/wp\/v2\/product"}],"about":[{"href":"https:\/\/maino.it\/fr\/wp-json\/wp\/v2\/types\/product"}],"replies":[{"embeddable":true,"href":"https:\/\/maino.it\/fr\/wp-json\/wp\/v2\/comments?post=29895"}],"wp:featuredmedia":[{"embeddable":true,"href":"https:\/\/maino.it\/fr\/wp-json\/wp\/v2\/media\/26738"}],"wp:attachment":[{"href":"https:\/\/maino.it\/fr\/wp-json\/wp\/v2\/media?parent=29895"}],"wp:term":[{"taxonomy":"product_brand","embeddable":true,"href":"https:\/\/maino.it\/fr\/wp-json\/wp\/v2\/product_brand?post=29895"},{"taxonomy":"product_cat","embeddable":true,"href":"https:\/\/maino.it\/fr\/wp-json\/wp\/v2\/product_cat?post=29895"},{"taxonomy":"product_tag","embeddable":true,"href":"https:\/\/maino.it\/fr\/wp-json\/wp\/v2\/product_tag?post=29895"}],"curies":[{"name":"wp","href":"https:\/\/api.w.org\/{rel}","templated":true}]}}