{"id":29894,"date":"2021-04-22T16:58:47","date_gmt":"2021-04-22T14:58:47","guid":{"rendered":"https:\/\/maino.it\/prodotto\/rpel24-pistone-voltauova-per-modelli-industriali\/"},"modified":"2021-11-26T14:28:29","modified_gmt":"2021-11-26T13:28:29","slug":"rpel24-pistone-voltauova-per-modelli-industriali","status":"publish","type":"product","link":"https:\/\/maino.it\/fr\/prodotto\/rpel24-pistone-voltauova-per-modelli-industriali\/","title":{"rendered":"RPEL24 Piston retournement \u0153ufs pour mod\u00e8les industriels"},"content":{"rendered":"<p>Piston \u00e0 commande \u00e9lectrique pour syst\u00e8me de retournement \u0153ufs pour machines industrielles.<\/p>\n<p>Tension de fonctionnement: 24 Vcc.<\/p>\n<p>Absorption \u00e0 pleine charge: 75 Watts.<\/p>\n<p>Force d\u00e9velopp\u00e9e: 800 N.<\/p>\n<p>Course totale 300 mm.<\/p>\n<p>Vitesse de fonctionnement: 10 mm\/sec.<\/p>\n<p>Normes CEE.<\/p>\n","protected":false},"excerpt":{"rendered":"<p>Piston \u00e9lectrique pour syst\u00e8me de retournement \u0153ufs pour machines industrielles \u00e0 haute puissance.<\/p>\n","protected":false},"featured_media":26738,"comment_status":"closed","ping_status":"closed","template":"","meta":{"_acf_changed":false},"product_brand":[],"product_cat":[208,183],"product_tag":[],"class_list":{"0":"post-29894","1":"product","2":"type-product","3":"status-publish","4":"has-post-thumbnail","6":"product_cat-moteurs-retournement-oeufs","7":"product_cat-pieces-detachees-elevage","9":"first","10":"outofstock","11":"sale","12":"taxable","13":"shipping-taxable","14":"purchasable","15":"product-type-simple"},"acf":[],"_links":{"self":[{"href":"https:\/\/maino.it\/fr\/wp-json\/wp\/v2\/product\/29894","targetHints":{"allow":["GET"]}}],"collection":[{"href":"https:\/\/maino.it\/fr\/wp-json\/wp\/v2\/product"}],"about":[{"href":"https:\/\/maino.it\/fr\/wp-json\/wp\/v2\/types\/product"}],"replies":[{"embeddable":true,"href":"https:\/\/maino.it\/fr\/wp-json\/wp\/v2\/comments?post=29894"}],"wp:featuredmedia":[{"embeddable":true,"href":"https:\/\/maino.it\/fr\/wp-json\/wp\/v2\/media\/26738"}],"wp:attachment":[{"href":"https:\/\/maino.it\/fr\/wp-json\/wp\/v2\/media?parent=29894"}],"wp:term":[{"taxonomy":"product_brand","embeddable":true,"href":"https:\/\/maino.it\/fr\/wp-json\/wp\/v2\/product_brand?post=29894"},{"taxonomy":"product_cat","embeddable":true,"href":"https:\/\/maino.it\/fr\/wp-json\/wp\/v2\/product_cat?post=29894"},{"taxonomy":"product_tag","embeddable":true,"href":"https:\/\/maino.it\/fr\/wp-json\/wp\/v2\/product_tag?post=29894"}],"curies":[{"name":"wp","href":"https:\/\/api.w.org\/{rel}","templated":true}]}}