{"id":29892,"date":"2019-01-28T14:15:26","date_gmt":"2019-01-28T13:15:26","guid":{"rendered":"https:\/\/maino.it\/prodotto\/r000812-motore-voltauova-mod-prp-da-280-a-630-uova\/"},"modified":"2021-11-26T14:21:23","modified_gmt":"2021-11-26T13:21:23","slug":"r000812-motore-voltauova-mod-prp-da-280-a-630-uova","status":"publish","type":"product","link":"https:\/\/maino.it\/fr\/prodotto\/r000812-motore-voltauova-mod-prp-da-280-a-630-uova\/","title":{"rendered":"R000812 Moteur retournement \u0153ufs mod. PRO de 280 \u00e0 630 \u0153ufs"},"content":{"rendered":"<p>Servomoteur pour couveuses avec syst\u00e8me de retournement des \u0153ufs automatique, capacit\u00e9 jusqu\u2019\u00e0 630 \u0153ufs avec syst\u00e8mes basculants ou coulissants, facilement adaptable \u00e0 n\u2019importe quelle marque d\u2019incubateur.<\/p>\n<ul>\n<li>Complet avec bras en m\u00e9tal pour couveuses s\u00e9rie PRO de 280 \u00e0 630 \u0153ufs.<\/li>\n<li>Moteur \u00e9lectrique \u00e0 220 Vca.<\/li>\n<li>Normes CEE.<\/li>\n<\/ul>\n<p><strong>Attention, importante:<\/strong> afin de pouvoir fournir le bras de la bonne dimension (car cela peut varier selon l&rsquo;ann\u00e9e de production \/ version de l&rsquo;incubateur) v\u00e9rifiez le num\u00e9ro de s\u00e9rie de votre machine et le mod\u00e8le exact, puis indiquez et confirmez cette information dans le espace pr\u00e9vu <span style=\"text-decoration: underline;\">Informations suppl\u00e9mentaires \u2013 Notes sur la commande <\/span>que vous trouverez en poursuivant l&rsquo;achat. Vous pouvez \u00e9galement envoyer une ou plusieurs photos au num\u00e9ro WhatsApp +39 3483424324 (uniquement chat et photos).<\/p>\n","protected":false},"excerpt":{"rendered":"<p>Servomoteur pour couveuses avec syst\u00e8me de retournement des \u0153ufs automatique, capacit\u00e9 jusqu\u2019\u00e0 630 \u0153ufs avec syst\u00e8mes basculants ou coulissants, facilement adaptable \u00e0 n\u2019importe quelle marque d\u2019incubateur.<\/p>\n","protected":false},"featured_media":28459,"comment_status":"closed","ping_status":"closed","template":"","meta":{"_acf_changed":false},"product_brand":[],"product_cat":[208,183],"product_tag":[],"class_list":{"0":"post-29892","1":"product","2":"type-product","3":"status-publish","4":"has-post-thumbnail","6":"product_cat-moteurs-retournement-oeufs","7":"product_cat-pieces-detachees-elevage","9":"first","10":"instock","11":"sale","12":"taxable","13":"shipping-taxable","14":"purchasable","15":"product-type-simple"},"acf":[],"_links":{"self":[{"href":"https:\/\/maino.it\/fr\/wp-json\/wp\/v2\/product\/29892","targetHints":{"allow":["GET"]}}],"collection":[{"href":"https:\/\/maino.it\/fr\/wp-json\/wp\/v2\/product"}],"about":[{"href":"https:\/\/maino.it\/fr\/wp-json\/wp\/v2\/types\/product"}],"replies":[{"embeddable":true,"href":"https:\/\/maino.it\/fr\/wp-json\/wp\/v2\/comments?post=29892"}],"wp:featuredmedia":[{"embeddable":true,"href":"https:\/\/maino.it\/fr\/wp-json\/wp\/v2\/media\/28459"}],"wp:attachment":[{"href":"https:\/\/maino.it\/fr\/wp-json\/wp\/v2\/media?parent=29892"}],"wp:term":[{"taxonomy":"product_brand","embeddable":true,"href":"https:\/\/maino.it\/fr\/wp-json\/wp\/v2\/product_brand?post=29892"},{"taxonomy":"product_cat","embeddable":true,"href":"https:\/\/maino.it\/fr\/wp-json\/wp\/v2\/product_cat?post=29892"},{"taxonomy":"product_tag","embeddable":true,"href":"https:\/\/maino.it\/fr\/wp-json\/wp\/v2\/product_tag?post=29892"}],"curies":[{"name":"wp","href":"https:\/\/api.w.org\/{rel}","templated":true}]}}