{"id":29875,"date":"2016-05-09T15:28:17","date_gmt":"2016-05-09T13:28:17","guid":{"rendered":"https:\/\/maino.it\/prodotto\/r000800-motore-voltauova-fino-140-uova\/"},"modified":"2021-11-26T11:59:17","modified_gmt":"2021-11-26T10:59:17","slug":"r000800-motore-voltauova-fino-140-uova","status":"publish","type":"product","link":"https:\/\/maino.it\/fr\/prodotto\/r000800-motore-voltauova-fino-140-uova\/","title":{"rendered":"R000800 Moteur retournement oeufs jusqu&rsquo;\u00e0140 \u0153ufs"},"content":{"rendered":"<p>Servomoteur pour incubateurs avec syst\u00e8me de retournement des \u0153ufs automatique, capacit\u00e9 jusqu&rsquo;\u00e0 140 \u0153ufs.<\/p>\n<p>Caract\u00e9ristiques techniques:<\/p>\n<ul>\n<li>Moteur \u00e9lectrique \u00e0 220 Vca<\/li>\n<li>Puissance 12 Watt<\/li>\n<li>Pour syst\u00e8mes de retournement des \u0153ufs automatiques jusqu&rsquo;\u00e0 140 \u0153ufs<\/li>\n<li>Normes CEE<\/li>\n<li>Enti\u00e8rement fabriqu\u00e9 en Italie<\/li>\n<\/ul>\n","protected":false},"excerpt":{"rendered":"<p>Servomoteur pour couveuses avec syst\u00e8me de retournement des \u0153ufs automatique, capacit\u00e9 jusqu&rsquo;\u00e0 140 \u0153ufs avec syst\u00e8mes basculants ou coulissants, facilement adaptable \u00e0 n&rsquo;importe quelle marque d&rsquo;incubateur.<\/p>\n","protected":false},"featured_media":28457,"comment_status":"closed","ping_status":"closed","template":"","meta":{"_acf_changed":false},"product_brand":[],"product_cat":[208,183],"product_tag":[],"class_list":{"0":"post-29875","1":"product","2":"type-product","3":"status-publish","4":"has-post-thumbnail","6":"product_cat-moteurs-retournement-oeufs","7":"product_cat-pieces-detachees-elevage","9":"first","10":"instock","11":"taxable","12":"shipping-taxable","13":"purchasable","14":"product-type-simple"},"acf":[],"_links":{"self":[{"href":"https:\/\/maino.it\/fr\/wp-json\/wp\/v2\/product\/29875","targetHints":{"allow":["GET"]}}],"collection":[{"href":"https:\/\/maino.it\/fr\/wp-json\/wp\/v2\/product"}],"about":[{"href":"https:\/\/maino.it\/fr\/wp-json\/wp\/v2\/types\/product"}],"replies":[{"embeddable":true,"href":"https:\/\/maino.it\/fr\/wp-json\/wp\/v2\/comments?post=29875"}],"wp:featuredmedia":[{"embeddable":true,"href":"https:\/\/maino.it\/fr\/wp-json\/wp\/v2\/media\/28457"}],"wp:attachment":[{"href":"https:\/\/maino.it\/fr\/wp-json\/wp\/v2\/media?parent=29875"}],"wp:term":[{"taxonomy":"product_brand","embeddable":true,"href":"https:\/\/maino.it\/fr\/wp-json\/wp\/v2\/product_brand?post=29875"},{"taxonomy":"product_cat","embeddable":true,"href":"https:\/\/maino.it\/fr\/wp-json\/wp\/v2\/product_cat?post=29875"},{"taxonomy":"product_tag","embeddable":true,"href":"https:\/\/maino.it\/fr\/wp-json\/wp\/v2\/product_tag?post=29875"}],"curies":[{"name":"wp","href":"https:\/\/api.w.org\/{rel}","templated":true}]}}