{"id":29872,"date":"2016-06-24T14:20:37","date_gmt":"2016-06-24T12:20:37","guid":{"rendered":"https:\/\/maino.it\/prodotto\/r000615-motore-completo-di-ventola-per-incubatrici-2\/"},"modified":"2021-11-26T11:23:16","modified_gmt":"2021-11-26T10:23:16","slug":"r000615-motore-completo-di-ventola-per-incubatrici-2","status":"publish","type":"product","link":"https:\/\/maino.it\/fr\/prodotto\/r000615-motore-completo-di-ventola-per-incubatrici-2\/","title":{"rendered":"R000615 Moteur complet avec h\u00e9lice pour couveuses"},"content":{"rendered":"<p>Moteur complet avec h\u00e9lice pour couveuses MINI-PRO 168 et 216 (mais aussi pour anciens mod\u00e8les 0164 &#8211; 0200 &#8211; SIGMA de 210 \u00e0 252 &#8211; MARANS P210 et P252) et aussi pour toute couveuse de moyenne taille.<\/p>\n<p>Caract\u00e9ristiques techniques:<\/p>\n<ul>\n<li>Tension 230 Vac<\/li>\n<li>Normes CEE<\/li>\n<\/ul>\n","protected":false},"excerpt":{"rendered":"<p>Moteur complet avec h\u00e9lice pour couveuses MINI-PRO 168 et 216 (mais aussi pour anciens mod\u00e8les 0164 &#8211; 0200 &#8211; SIGMA de 210 \u00e0 252 &#8211; MARANS P210 et P252) et aussi pour toute couveuse de moyenne taille. Caract\u00e9ristiques techniques: Tension 230 Vac Normes CEE<\/p>\n","protected":false},"featured_media":28449,"comment_status":"closed","ping_status":"closed","template":"","meta":{"_acf_changed":false},"product_brand":[],"product_cat":[183,205],"product_tag":[],"class_list":{"0":"post-29872","1":"product","2":"type-product","3":"status-publish","4":"has-post-thumbnail","6":"product_cat-pieces-detachees-elevage","7":"product_cat-ventilateurs","9":"first","10":"instock","11":"sale","12":"taxable","13":"shipping-taxable","14":"purchasable","15":"product-type-simple"},"acf":[],"_links":{"self":[{"href":"https:\/\/maino.it\/fr\/wp-json\/wp\/v2\/product\/29872","targetHints":{"allow":["GET"]}}],"collection":[{"href":"https:\/\/maino.it\/fr\/wp-json\/wp\/v2\/product"}],"about":[{"href":"https:\/\/maino.it\/fr\/wp-json\/wp\/v2\/types\/product"}],"replies":[{"embeddable":true,"href":"https:\/\/maino.it\/fr\/wp-json\/wp\/v2\/comments?post=29872"}],"wp:featuredmedia":[{"embeddable":true,"href":"https:\/\/maino.it\/fr\/wp-json\/wp\/v2\/media\/28449"}],"wp:attachment":[{"href":"https:\/\/maino.it\/fr\/wp-json\/wp\/v2\/media?parent=29872"}],"wp:term":[{"taxonomy":"product_brand","embeddable":true,"href":"https:\/\/maino.it\/fr\/wp-json\/wp\/v2\/product_brand?post=29872"},{"taxonomy":"product_cat","embeddable":true,"href":"https:\/\/maino.it\/fr\/wp-json\/wp\/v2\/product_cat?post=29872"},{"taxonomy":"product_tag","embeddable":true,"href":"https:\/\/maino.it\/fr\/wp-json\/wp\/v2\/product_tag?post=29872"}],"curies":[{"name":"wp","href":"https:\/\/api.w.org\/{rel}","templated":true}]}}