{"id":29871,"date":"2021-03-01T10:38:32","date_gmt":"2021-03-01T09:38:32","guid":{"rendered":"https:\/\/maino.it\/prodotto\/r000613-motore-completo-di-ventola-per-incubatrici\/"},"modified":"2021-11-26T11:20:20","modified_gmt":"2021-11-26T10:20:20","slug":"r000613-motore-completo-di-ventola-per-incubatrici","status":"publish","type":"product","link":"https:\/\/maino.it\/fr\/prodotto\/r000613-motore-completo-di-ventola-per-incubatrici\/","title":{"rendered":"R000613 Moteur complet avec h\u00e9lice pour couveuses"},"content":{"rendered":"<p>Moteur complet avec h\u00e9lice pour couveuses MINI-PRO 84 et 126 (mais aussi pour anciens mod\u00e8les 0042 \u2013 0084 \u2013 00126 \u2013 SIGMA de 84 \u00e0 168 \u2013 ME3 \u2013 ME4 \u2013 SEECUBE 50 et 77 \u2013 MARANS P105 et P140) et aussi pour toute couveuse de petite taille.<\/p>\n<p>Caract\u00e9ristiques techniques:<\/p>\n<ul>\n<li>Tension 230 Vac<\/li>\n<li>Normes CEE<\/li>\n<\/ul>\n","protected":false},"excerpt":{"rendered":"<p>Moteur complet avec h\u00e9lice pour couveuses MINI-PRO 84 et 126 (mais aussi pour anciens mod\u00e8les 0042 \u2013 0084 \u2013 00126 \u2013 SIGMA de 84 \u00e0 168 \u2013 ME3 \u2013 ME4 \u2013 SEECUBE 50 et 77 \u2013 MARANS P105 et P140) et aussi pour toute couveuse de petite taille. Caract\u00e9ristiques techniques: Tension 230 Vac Normes CEE<\/p>\n","protected":false},"featured_media":28447,"comment_status":"closed","ping_status":"closed","template":"","meta":{"_acf_changed":false},"product_brand":[],"product_cat":[205],"product_tag":[],"class_list":{"0":"post-29871","1":"product","2":"type-product","3":"status-publish","4":"has-post-thumbnail","6":"product_cat-ventilateurs","8":"first","9":"instock","10":"sale","11":"taxable","12":"shipping-taxable","13":"purchasable","14":"product-type-simple"},"acf":[],"_links":{"self":[{"href":"https:\/\/maino.it\/fr\/wp-json\/wp\/v2\/product\/29871","targetHints":{"allow":["GET"]}}],"collection":[{"href":"https:\/\/maino.it\/fr\/wp-json\/wp\/v2\/product"}],"about":[{"href":"https:\/\/maino.it\/fr\/wp-json\/wp\/v2\/types\/product"}],"replies":[{"embeddable":true,"href":"https:\/\/maino.it\/fr\/wp-json\/wp\/v2\/comments?post=29871"}],"wp:featuredmedia":[{"embeddable":true,"href":"https:\/\/maino.it\/fr\/wp-json\/wp\/v2\/media\/28447"}],"wp:attachment":[{"href":"https:\/\/maino.it\/fr\/wp-json\/wp\/v2\/media?parent=29871"}],"wp:term":[{"taxonomy":"product_brand","embeddable":true,"href":"https:\/\/maino.it\/fr\/wp-json\/wp\/v2\/product_brand?post=29871"},{"taxonomy":"product_cat","embeddable":true,"href":"https:\/\/maino.it\/fr\/wp-json\/wp\/v2\/product_cat?post=29871"},{"taxonomy":"product_tag","embeddable":true,"href":"https:\/\/maino.it\/fr\/wp-json\/wp\/v2\/product_tag?post=29871"}],"curies":[{"name":"wp","href":"https:\/\/api.w.org\/{rel}","templated":true}]}}