{"id":29869,"date":"2016-06-24T15:25:50","date_gmt":"2016-06-24T13:25:50","guid":{"rendered":"https:\/\/maino.it\/prodotto\/r000610-motore-ventilatore-compatto-per-incubatrici\/"},"modified":"2021-11-26T11:14:14","modified_gmt":"2021-11-26T10:14:14","slug":"r000610-motore-ventilatore-compatto-per-incubatrici","status":"publish","type":"product","link":"https:\/\/maino.it\/fr\/prodotto\/r000610-motore-ventilatore-compatto-per-incubatrici\/","title":{"rendered":"R000610 Moteur ventilateur compact pour couveuses"},"content":{"rendered":"<p>R000610 Moteur ventilateur compact pour couveuses PIOPIO de 25 \u00e0 77 \u00a0et BRAHMA de 24 \u00e0 140 (mais aussi pour les anciens mod\u00e8les MPS de 12 \u00e0 35 &#8211; MARANS P70 e P90) et aussi pour toute couveuse de petite taille.<\/p>\n<p>Caract\u00e9ristiques techniques:<\/p>\n<ul>\n<li>Tension 230 Vac<\/li>\n<li>Normes CEE<\/li>\n<\/ul>\n","protected":false},"excerpt":{"rendered":"<p>R000610 Moteur ventilateur compact pour couveuses PIOPIO de 25 \u00e0 77 \u00a0et BRAHMA de 24 \u00e0 140 (mais aussi pour les anciens mod\u00e8les MPS de 12 \u00e0 35 &#8211; MARANS P70 e P90) et aussi pour toute couveuse de petite taille. Caract\u00e9ristiques techniques: Tension 230 Vac Normes CEE<\/p>\n","protected":false},"featured_media":28138,"comment_status":"closed","ping_status":"closed","template":"","meta":{"_acf_changed":false},"product_brand":[],"product_cat":[183,205],"product_tag":[],"class_list":{"0":"post-29869","1":"product","2":"type-product","3":"status-publish","4":"has-post-thumbnail","6":"product_cat-pieces-detachees-elevage","7":"product_cat-ventilateurs","9":"first","10":"instock","11":"sale","12":"taxable","13":"shipping-taxable","14":"purchasable","15":"product-type-simple"},"acf":[],"_links":{"self":[{"href":"https:\/\/maino.it\/fr\/wp-json\/wp\/v2\/product\/29869","targetHints":{"allow":["GET"]}}],"collection":[{"href":"https:\/\/maino.it\/fr\/wp-json\/wp\/v2\/product"}],"about":[{"href":"https:\/\/maino.it\/fr\/wp-json\/wp\/v2\/types\/product"}],"replies":[{"embeddable":true,"href":"https:\/\/maino.it\/fr\/wp-json\/wp\/v2\/comments?post=29869"}],"wp:featuredmedia":[{"embeddable":true,"href":"https:\/\/maino.it\/fr\/wp-json\/wp\/v2\/media\/28138"}],"wp:attachment":[{"href":"https:\/\/maino.it\/fr\/wp-json\/wp\/v2\/media?parent=29869"}],"wp:term":[{"taxonomy":"product_brand","embeddable":true,"href":"https:\/\/maino.it\/fr\/wp-json\/wp\/v2\/product_brand?post=29869"},{"taxonomy":"product_cat","embeddable":true,"href":"https:\/\/maino.it\/fr\/wp-json\/wp\/v2\/product_cat?post=29869"},{"taxonomy":"product_tag","embeddable":true,"href":"https:\/\/maino.it\/fr\/wp-json\/wp\/v2\/product_tag?post=29869"}],"curies":[{"name":"wp","href":"https:\/\/api.w.org\/{rel}","templated":true}]}}