{"id":29867,"date":"2016-05-05T12:36:10","date_gmt":"2016-05-05T10:36:10","guid":{"rendered":"https:\/\/maino.it\/prodotto\/r00b555-membrana-ricambio-per-umidificatore-automatico\/"},"modified":"2021-11-26T10:52:59","modified_gmt":"2021-11-26T09:52:59","slug":"r00b555-membrana-ricambio-per-umidificatore-automatico","status":"publish","type":"product","link":"https:\/\/maino.it\/fr\/prodotto\/r00b555-membrana-ricambio-per-umidificatore-automatico\/","title":{"rendered":"R00B555 Membrane de rechange pour Humidificateur automatique"},"content":{"rendered":"<p>Membrane de rechange pour Humidificateur automatique<\/p>\n<p>Caract\u00e9ristiques techniques:<\/p>\n<ul>\n<li>No.1 Membrane<\/li>\n<li>No.1 Cl\u00e9 pour d\u00e9montage\/remontage<\/li>\n<li>Notice d&rsquo;installation et d&rsquo;utilisation<\/li>\n<li>Normes CEE<\/li>\n<\/ul>\n","protected":false},"excerpt":{"rendered":"<p>Membrane de rechange pour Humidificateur automatique Caract\u00e9ristiques techniques: No.1 Membrane No.1 Cl\u00e9 pour d\u00e9montage\/remontage Notice d&rsquo;installation et d&rsquo;utilisation Normes CEE<\/p>\n","protected":false},"featured_media":28094,"comment_status":"closed","ping_status":"closed","template":"","meta":{"_acf_changed":false},"product_brand":[],"product_cat":[201,183],"product_tag":[],"class_list":{"0":"post-29867","1":"product","2":"type-product","3":"status-publish","4":"has-post-thumbnail","6":"product_cat-humidificateurs","7":"product_cat-pieces-detachees-elevage","9":"first","10":"instock","11":"sale","12":"taxable","13":"shipping-taxable","14":"purchasable","15":"product-type-simple"},"acf":[],"_links":{"self":[{"href":"https:\/\/maino.it\/fr\/wp-json\/wp\/v2\/product\/29867","targetHints":{"allow":["GET"]}}],"collection":[{"href":"https:\/\/maino.it\/fr\/wp-json\/wp\/v2\/product"}],"about":[{"href":"https:\/\/maino.it\/fr\/wp-json\/wp\/v2\/types\/product"}],"replies":[{"embeddable":true,"href":"https:\/\/maino.it\/fr\/wp-json\/wp\/v2\/comments?post=29867"}],"wp:featuredmedia":[{"embeddable":true,"href":"https:\/\/maino.it\/fr\/wp-json\/wp\/v2\/media\/28094"}],"wp:attachment":[{"href":"https:\/\/maino.it\/fr\/wp-json\/wp\/v2\/media?parent=29867"}],"wp:term":[{"taxonomy":"product_brand","embeddable":true,"href":"https:\/\/maino.it\/fr\/wp-json\/wp\/v2\/product_brand?post=29867"},{"taxonomy":"product_cat","embeddable":true,"href":"https:\/\/maino.it\/fr\/wp-json\/wp\/v2\/product_cat?post=29867"},{"taxonomy":"product_tag","embeddable":true,"href":"https:\/\/maino.it\/fr\/wp-json\/wp\/v2\/product_tag?post=29867"}],"curies":[{"name":"wp","href":"https:\/\/api.w.org\/{rel}","templated":true}]}}