{"id":29856,"date":"2016-05-17T09:33:33","date_gmt":"2016-05-17T07:33:33","guid":{"rendered":"https:\/\/maino.it\/?post_type=product&#038;p=29856"},"modified":"2021-11-26T10:48:53","modified_gmt":"2021-11-26T09:48:53","slug":"r00a554-modulo-generatore-umidita-completo-di-trasformatore","status":"publish","type":"product","link":"https:\/\/maino.it\/fr\/prodotto\/r00a554-modulo-generatore-umidita-completo-di-trasformatore\/","title":{"rendered":"R00A554 Module g\u00e9n\u00e9rateur d&rsquo;humidit\u00e9 complet avec transformateur"},"content":{"rendered":"<p><em>Module g\u00e9n\u00e9rateur d&rsquo;humidit\u00e9 complet avec transformateur. Lorsqu&rsquo;il est ins\u00e9r\u00e9 dans le r\u00e9servoir sp\u00e9cial coupl\u00e9 \u00e0 la machine (uniquement pour les versions avec fonction DU et carte de contr\u00f4le \u00e9lectronique), il permet de maintenir le taux d&rsquo;humidit\u00e9 relative stable en positive. Le fonctionnement est enti\u00e8rement automatis\u00e9 et g\u00e9r\u00e9 par le contr\u00f4leur de la machine.<\/em><\/p>\n<p>Caract\u00e9ristiques techniques:<\/p>\n<ul>\n<li>No.1 Module g\u00e9n\u00e9rateur d&rsquo;humidit\u00e9 \u00e0 tr\u00e8s basse tension.<\/li>\n<li>No.1 Alimentateur \u00e9lectronique.<\/li>\n<li>Notice d&rsquo;installation et d&rsquo;utilisation.<\/li>\n<li>Normes CEE.<\/li>\n<li>Garantie de 2 ans pour tout d\u00e9faut de fabrication.<\/li>\n<\/ul>\n<p><em>En fonctionnement ordinaire, l&rsquo;\u00e9l\u00e9ment membrane pr\u00e9sent dans le module perd progressivement de ses performances jusqu&rsquo;\u00e0 s&rsquo;annuler (c&rsquo;est une pi\u00e8ce sujette \u00e0 la consommation). La membrane est disponible en pi\u00e8ce de rechange, code R00B555. Nous vous recommandons d&rsquo;acheter cette pi\u00e8ce lors de l&rsquo;achat du module. Achet\u00e9 ensemble, il \u00e9vite les futurs frais de transport de la seule pi\u00e8ce de rechange.<\/em><\/p>\n","protected":false},"excerpt":{"rendered":"<p>Modulo di ricambio per l&rsquo;umidificatore automatico delle Incubatrici Maino. Il kit \u00e8 composto da trasformatore, modulo generatore e membrana vibrante.<\/p>\n","protected":false},"featured_media":28475,"comment_status":"closed","ping_status":"closed","template":"","meta":{"_acf_changed":false},"product_brand":[],"product_cat":[201,183],"product_tag":[],"class_list":{"0":"post-29856","1":"product","2":"type-product","3":"status-publish","4":"has-post-thumbnail","6":"product_cat-humidificateurs","7":"product_cat-pieces-detachees-elevage","9":"first","10":"outofstock","11":"sale","12":"taxable","13":"shipping-taxable","14":"purchasable","15":"product-type-simple"},"acf":[],"_links":{"self":[{"href":"https:\/\/maino.it\/fr\/wp-json\/wp\/v2\/product\/29856","targetHints":{"allow":["GET"]}}],"collection":[{"href":"https:\/\/maino.it\/fr\/wp-json\/wp\/v2\/product"}],"about":[{"href":"https:\/\/maino.it\/fr\/wp-json\/wp\/v2\/types\/product"}],"replies":[{"embeddable":true,"href":"https:\/\/maino.it\/fr\/wp-json\/wp\/v2\/comments?post=29856"}],"wp:featuredmedia":[{"embeddable":true,"href":"https:\/\/maino.it\/fr\/wp-json\/wp\/v2\/media\/28475"}],"wp:attachment":[{"href":"https:\/\/maino.it\/fr\/wp-json\/wp\/v2\/media?parent=29856"}],"wp:term":[{"taxonomy":"product_brand","embeddable":true,"href":"https:\/\/maino.it\/fr\/wp-json\/wp\/v2\/product_brand?post=29856"},{"taxonomy":"product_cat","embeddable":true,"href":"https:\/\/maino.it\/fr\/wp-json\/wp\/v2\/product_cat?post=29856"},{"taxonomy":"product_tag","embeddable":true,"href":"https:\/\/maino.it\/fr\/wp-json\/wp\/v2\/product_tag?post=29856"}],"curies":[{"name":"wp","href":"https:\/\/api.w.org\/{rel}","templated":true}]}}