{"id":29852,"date":"2021-06-04T13:38:48","date_gmt":"2021-06-04T11:38:48","guid":{"rendered":"https:\/\/maino.it\/prodotto\/r00a554-nuovo-generatore-umidita-completo-di-trasformatore\/"},"modified":"2021-11-26T10:45:55","modified_gmt":"2021-11-26T09:45:55","slug":"r00a554-nuovo-generatore-umidita-completo-di-trasformatore","status":"publish","type":"product","link":"https:\/\/maino.it\/fr\/prodotto\/r00a554-nuovo-generatore-umidita-completo-di-trasformatore\/","title":{"rendered":"R00A554 Nouveau module g\u00e9n\u00e9rateur d&rsquo;humidit\u00e9 complet avec transformateur"},"content":{"rendered":"<p><em>Nouveau module g\u00e9n\u00e9rateur d&rsquo;humidit\u00e9 complet avec transformateur. Lorsqu&rsquo;il est ins\u00e9r\u00e9 dans le r\u00e9servoir sp\u00e9cial coupl\u00e9 \u00e0 la machine (uniquement pour les versions avec fonction DU et carte de contr\u00f4le \u00e9lectronique), il permet de maintenir le taux d&rsquo;humidit\u00e9 relative stable en positive. Le fonctionnement est enti\u00e8rement automatis\u00e9 et g\u00e9r\u00e9 par le contr\u00f4leur de la machine.<\/em><\/p>\n<p>Caract\u00e9ristiques techniques:<\/p>\n<ul>\n<li>No.1 Module g\u00e9n\u00e9rateur d&rsquo;humidit\u00e9 \u00e0 tr\u00e8s basse tension.<\/li>\n<li>No.1 Alimentateur \u00e9lectronique.<\/li>\n<li>Notice d&rsquo;installation et d&rsquo;utilisation.<\/li>\n<li>Normes CEE.<\/li>\n<li>Garantie de 2 ans pour tout d\u00e9faut de fabrication.<\/li>\n<\/ul>\n<p><em>En fonctionnement ordinaire, l&rsquo;\u00e9l\u00e9ment membrane pr\u00e9sent dans le module perd progressivement de ses performances jusqu&rsquo;\u00e0 s&rsquo;annuler (c&rsquo;est une pi\u00e8ce sujette \u00e0 la consommation). La membrane est disponible en pi\u00e8ce de rechange, code R00B555. Nous vous recommandons d&rsquo;acheter cette pi\u00e8ce lors de l&rsquo;achat du module. Achet\u00e9 ensemble, il \u00e9vite les futurs frais de transport de la seule pi\u00e8ce de rechange.<\/em><\/p>\n","protected":false},"excerpt":{"rendered":"<p>Modulo di ricambio per l&rsquo;umidificatore automatico delle Incubatrici Maino. Il kit \u00e8 composto da alimentatore e modulo generatore con membrana vibrante.<\/p>\n","protected":false},"featured_media":27296,"comment_status":"closed","ping_status":"closed","template":"","meta":{"_acf_changed":false},"product_brand":[],"product_cat":[201,183],"product_tag":[],"class_list":{"0":"post-29852","1":"product","2":"type-product","3":"status-publish","4":"has-post-thumbnail","6":"product_cat-humidificateurs","7":"product_cat-pieces-detachees-elevage","9":"first","10":"instock","11":"sale","12":"taxable","13":"shipping-taxable","14":"purchasable","15":"product-type-simple"},"acf":[],"_links":{"self":[{"href":"https:\/\/maino.it\/fr\/wp-json\/wp\/v2\/product\/29852","targetHints":{"allow":["GET"]}}],"collection":[{"href":"https:\/\/maino.it\/fr\/wp-json\/wp\/v2\/product"}],"about":[{"href":"https:\/\/maino.it\/fr\/wp-json\/wp\/v2\/types\/product"}],"replies":[{"embeddable":true,"href":"https:\/\/maino.it\/fr\/wp-json\/wp\/v2\/comments?post=29852"}],"wp:featuredmedia":[{"embeddable":true,"href":"https:\/\/maino.it\/fr\/wp-json\/wp\/v2\/media\/27296"}],"wp:attachment":[{"href":"https:\/\/maino.it\/fr\/wp-json\/wp\/v2\/media?parent=29852"}],"wp:term":[{"taxonomy":"product_brand","embeddable":true,"href":"https:\/\/maino.it\/fr\/wp-json\/wp\/v2\/product_brand?post=29852"},{"taxonomy":"product_cat","embeddable":true,"href":"https:\/\/maino.it\/fr\/wp-json\/wp\/v2\/product_cat?post=29852"},{"taxonomy":"product_tag","embeddable":true,"href":"https:\/\/maino.it\/fr\/wp-json\/wp\/v2\/product_tag?post=29852"}],"curies":[{"name":"wp","href":"https:\/\/api.w.org\/{rel}","templated":true}]}}