{"id":29850,"date":"2016-05-17T10:43:43","date_gmt":"2016-05-17T08:43:43","guid":{"rendered":"https:\/\/maino.it\/prodotto\/r1469b-umidificatore-automatico-con-riserva-acqua-da-5-litri-2\/"},"modified":"2021-11-26T10:28:20","modified_gmt":"2021-11-26T09:28:20","slug":"r1469b-umidificatore-automatico-con-riserva-acqua-da-5-litri-2","status":"publish","type":"product","link":"https:\/\/maino.it\/fr\/prodotto\/r1469b-umidificatore-automatico-con-riserva-acqua-da-5-litri-2\/","title":{"rendered":"R1469B Humidificateur automatique avec r\u00e9serve d&rsquo;eau de 5 litres"},"content":{"rendered":"<p>Humidificateur automatique avec r\u00e9serve d&rsquo;eau de 5 litres, qui coupl\u00e9 \u00e0 la machine avec d\u00e9j\u00e0 la carte fille permet de maintenir stable et parfaitement r\u00e9gul\u00e9 le manque d&rsquo;humidit\u00e9 relative. Le fonctionnement est g\u00e9r\u00e9 directement par la commande de la machine.<\/p>\n<p>Caract\u00e9ristiques techniques:<\/p>\n<ul>\n<li>No.1 R\u00e9servoir avec couvercle<\/li>\n<li>No.1 G\u00e9n\u00e9rateur d&rsquo;humidit\u00e9<\/li>\n<li>no.1 Alimentateur<\/li>\n<li>Enti\u00e8rement con\u00e7u et fabriqu\u00e9 en Italie<\/li>\n<li>Notice d&rsquo;installation et d&rsquo;utilisation<\/li>\n<li>Normes CEE<\/li>\n<\/ul>\n","protected":false},"excerpt":{"rendered":"<p>Humidificateur automatique avec r\u00e9serve d&rsquo;eau de 5 litres, qui coupl\u00e9 \u00e0 la machine avec d\u00e9j\u00e0 la carte fille permet de maintenir stable et parfaitement r\u00e9gul\u00e9 le manque d&rsquo;humidit\u00e9 relative. Le fonctionnement est g\u00e9r\u00e9 directement par la commande de la machine. Caract\u00e9ristiques techniques: No.1 R\u00e9servoir avec couvercle No.1 G\u00e9n\u00e9rateur d&rsquo;humidit\u00e9 no.1 Alimentateur Enti\u00e8rement con\u00e7u et fabriqu\u00e9 [&hellip;]<\/p>\n","protected":false},"featured_media":28117,"comment_status":"closed","ping_status":"closed","template":"","meta":{"_acf_changed":false},"product_brand":[],"product_cat":[201,183],"product_tag":[],"class_list":{"0":"post-29850","1":"product","2":"type-product","3":"status-publish","4":"has-post-thumbnail","6":"product_cat-humidificateurs","7":"product_cat-pieces-detachees-elevage","9":"first","10":"instock","11":"sale","12":"taxable","13":"shipping-taxable","14":"purchasable","15":"product-type-simple"},"acf":[],"_links":{"self":[{"href":"https:\/\/maino.it\/fr\/wp-json\/wp\/v2\/product\/29850","targetHints":{"allow":["GET"]}}],"collection":[{"href":"https:\/\/maino.it\/fr\/wp-json\/wp\/v2\/product"}],"about":[{"href":"https:\/\/maino.it\/fr\/wp-json\/wp\/v2\/types\/product"}],"replies":[{"embeddable":true,"href":"https:\/\/maino.it\/fr\/wp-json\/wp\/v2\/comments?post=29850"}],"wp:featuredmedia":[{"embeddable":true,"href":"https:\/\/maino.it\/fr\/wp-json\/wp\/v2\/media\/28117"}],"wp:attachment":[{"href":"https:\/\/maino.it\/fr\/wp-json\/wp\/v2\/media?parent=29850"}],"wp:term":[{"taxonomy":"product_brand","embeddable":true,"href":"https:\/\/maino.it\/fr\/wp-json\/wp\/v2\/product_brand?post=29850"},{"taxonomy":"product_cat","embeddable":true,"href":"https:\/\/maino.it\/fr\/wp-json\/wp\/v2\/product_cat?post=29850"},{"taxonomy":"product_tag","embeddable":true,"href":"https:\/\/maino.it\/fr\/wp-json\/wp\/v2\/product_tag?post=29850"}],"curies":[{"name":"wp","href":"https:\/\/api.w.org\/{rel}","templated":true}]}}