{"id":29848,"date":"2016-05-05T09:57:24","date_gmt":"2016-05-05T07:57:24","guid":{"rendered":"https:\/\/maino.it\/prodotto\/rtd200-termometro-lcd-di-precisione\/"},"modified":"2021-11-26T10:13:17","modified_gmt":"2021-11-26T09:13:17","slug":"rtd200-termometro-lcd-di-precisione","status":"publish","type":"product","link":"https:\/\/maino.it\/fr\/prodotto\/rtd200-termometro-lcd-di-precisione\/","title":{"rendered":"RTD200 Termom\u00e8tre LCD de pr\u00e9cision"},"content":{"rendered":"<p>Termom\u00e8tre avec \u00e9cran LCD de pr\u00e9cision adapt\u00e9 \u00e0 la lecture de la temp\u00e9rature et comme sonde pour les \u00e9talonnages.<\/p>\n<p>Caract\u00e9ristiques techniques:<\/p>\n<ul>\n<li>Termom\u00e8tre pour mesurer la temp\u00e9rature<\/li>\n<li>Grand \u00e9cran LCD<\/li>\n<li>Capteur de pr\u00e9cision<\/li>\n<li>Fonctionne sur batterie (non inclus)<\/li>\n<li>Lecture de la temp\u00e9rature s\u00e9lectionnable entre degr\u00e9s Centigrades et degr\u00e9s Fahrenheit<\/li>\n<li>Bouton marche et arr\u00eat<\/li>\n<li>Notice d&rsquo;utilisation<\/li>\n<li>Normes CEE<\/li>\n<li>Plage de travail et pr\u00e9cision:\n<ul>\n<li>Temp\u00e9rature d\u00e9tectable de -40\u00a0a +200<\/li>\n<li>Sur l&rsquo;\u00e9chelle de 33 \u00e0 38 degr\u00e9s centigrades &#8211; pr\u00e9cision de 0,1 degr\u00e9s<\/li>\n<li>\u00c9chantillonnage de la temp\u00e9rature toutes les 5 secondes<\/li>\n<\/ul>\n<\/li>\n<\/ul>\n","protected":false},"excerpt":{"rendered":"<p>Termom\u00e8tre avec \u00e9cran LCD de pr\u00e9cision adapt\u00e9 \u00e0 la lecture de la temp\u00e9rature et comme sonde pour les \u00e9talonnages. Caract\u00e9ristiques techniques: Termom\u00e8tre pour mesurer la temp\u00e9rature Grand \u00e9cran LCD Capteur de pr\u00e9cision Fonctionne sur batterie (non inclus) Lecture de la temp\u00e9rature s\u00e9lectionnable entre degr\u00e9s Centigrades et degr\u00e9s Fahrenheit Bouton marche et arr\u00eat Notice d&rsquo;utilisation Normes [&hellip;]<\/p>\n","protected":false},"featured_media":28088,"comment_status":"closed","ping_status":"closed","template":"","meta":{"_acf_changed":false},"product_brand":[],"product_cat":[183,195],"product_tag":[],"class_list":{"0":"post-29848","1":"product","2":"type-product","3":"status-publish","4":"has-post-thumbnail","6":"product_cat-pieces-detachees-elevage","7":"product_cat-thermometres-hygrometres","9":"first","10":"instock","11":"sale","12":"taxable","13":"shipping-taxable","14":"purchasable","15":"product-type-simple"},"acf":[],"_links":{"self":[{"href":"https:\/\/maino.it\/fr\/wp-json\/wp\/v2\/product\/29848","targetHints":{"allow":["GET"]}}],"collection":[{"href":"https:\/\/maino.it\/fr\/wp-json\/wp\/v2\/product"}],"about":[{"href":"https:\/\/maino.it\/fr\/wp-json\/wp\/v2\/types\/product"}],"replies":[{"embeddable":true,"href":"https:\/\/maino.it\/fr\/wp-json\/wp\/v2\/comments?post=29848"}],"wp:featuredmedia":[{"embeddable":true,"href":"https:\/\/maino.it\/fr\/wp-json\/wp\/v2\/media\/28088"}],"wp:attachment":[{"href":"https:\/\/maino.it\/fr\/wp-json\/wp\/v2\/media?parent=29848"}],"wp:term":[{"taxonomy":"product_brand","embeddable":true,"href":"https:\/\/maino.it\/fr\/wp-json\/wp\/v2\/product_brand?post=29848"},{"taxonomy":"product_cat","embeddable":true,"href":"https:\/\/maino.it\/fr\/wp-json\/wp\/v2\/product_cat?post=29848"},{"taxonomy":"product_tag","embeddable":true,"href":"https:\/\/maino.it\/fr\/wp-json\/wp\/v2\/product_tag?post=29848"}],"curies":[{"name":"wp","href":"https:\/\/api.w.org\/{rel}","templated":true}]}}